{"id":15,"date":"2018-05-02T11:42:34","date_gmt":"2018-05-02T11:42:34","guid":{"rendered":"http:\/\/sites.ipleiria.pt\/pin-congress\/?page_id=15"},"modified":"2018-05-11T16:03:57","modified_gmt":"2018-05-11T16:03:57","slug":"lorem-ipsum","status":"publish","type":"page","link":"https:\/\/sites.ipleiria.pt\/pin-congress\/","title":{"rendered":"PIN Congress &#8211; Poli Entrepreneurship Innovation Network"},"content":{"rendered":"<p><span style=\"font-family: Calibri\">Uma rede nacional de institui\u00e7\u00f5es de ensino superior (IES) polit\u00e9cnicas participa num projeto conjunto denominado PIN &#8211; Poli Entrepreneurship Innovation Network, o qual conta j\u00e1 com o envolvimento de 111.900 estudantes.<\/span><\/p>\n<p><span id=\"result_box\" lang=\"en\" style=\"color: #808080\">A national network of polytechnic higher education institutions (IES) participates in a joint project called PIN &#8211; Poli Entrepreneurship Innovation Network, which already has the involvement of 111,900 students.<\/span><\/p>\n<p>A rede de ensino superior polit\u00e9cnico desenvolve h\u00e1 mais de 14 anos um trabalho de refer\u00eancia enquanto projeto de coopera\u00e7\u00e3o institucional e enquanto mentores de uma inovadora metodologia de educa\u00e7\u00e3o para o empreendedorismo. Trata-se pois de um projeto reconhecido como uma boa pr\u00e1tica na promo\u00e7\u00e3o do empreendedorismo e cria\u00e7\u00e3o de neg\u00f3cios por estudantes do ensino superior polit\u00e9cnico. Esse trabalho materializa-se no projeto Poliempreende e recentemente foi integrado num projeto mais alargado, cofinanciado, o projeto PIN- Poli Entrepreneurship Innovation Network.<\/p>\n<p><span id=\"result_box\" lang=\"en\" style=\"color: #808080\">The polytechnic higher education network has been working for more than 14 years as a reference project as an institutional cooperation project and as mentors of an innovative methodology for entrepreneurship education. It is therefore a project recognized as a good practice in the promotion of entrepreneurship and creation of business by students of polytechnic higher education. This work materializes in the Poliempreende project and recently <span id=\"result_box\" lang=\"en\">was integrated into a larger project, co-financed, <\/span>the PIN-Poli Entrepreneurship Innovation Network project.<\/span><\/p>\n<p><span style=\"color: #000000;font-family: Calibri\">Esta via de colabora\u00e7\u00e3o institucional para a promo\u00e7\u00e3o do empreendedorismo permite a promo\u00e7\u00e3o da inova\u00e7\u00e3o, a transfer\u00eancia de conhecimento e a cria\u00e7\u00e3o de empresas, em especial em territ\u00f3rio Europeu, visando contribuir para os objetivos e prioridades europeias relacionados com promo\u00e7\u00e3o do esp\u00edrito empresarial e ao crescimento econ\u00f3mico.<\/span><\/p>\n<p><span id=\"result_box\" lang=\"en\" style=\"color: #808080\">This channel of institutional collaboration for the promotion of entrepreneurship allows the promotion of innovation, knowledge transfer and business creation, especially in European territory, with a view to contributing to European objectives and priorities related to the promotion of entrepreneurship and economic growth .<\/span><\/p>\n<p>No \u00e2mbito da Rede de Inova\u00e7\u00e3o Empresarial PIN &#8211; Poli Entrepreneurship Innovation Network, foi preparado um Congresso Internacional onde os temas relacionados com o empreendedorismo ser\u00e3o abordados e as experi\u00eancias e boas pr\u00e1ticas em v\u00e1rios pa\u00edses ser\u00e3o partilhadas.<\/p>\n<p><span id=\"result_box\" lang=\"en\" style=\"color: #808080\">Within the framework of PIN &#8211; Poli Entrepreneurship Innovation Network, an International Congress has been prepared where issues related to entrepreneurship will be addressed and experiences and good practices in various countries will be shared.<\/span><\/p>\n<p>Mais informa\u00e7\u00e3o sobre o projeto PIN-Poli Entrepreneurship Innovation Network:<\/p>\n<p><span id=\"result_box\" lang=\"en\" style=\"color: #808080\">More information about the PIN-Poli Entrepreneurship Innovation Network project:<\/span><\/p>\n<p><a href=\"http:\/\/pin.poliempreende.innovtek.net\/\"><img loading=\"lazy\" decoding=\"async\" class=\"alignnone wp-image-24\" src=\"http:\/\/sites.ipleiria.pt\/pin-congress\/files\/2018\/05\/pin_128_100.jpg\" alt=\"\" width=\"90\" height=\"70\" \/><\/a><\/p>\n<p>Siga-nos em \/<span style=\"color: #808080\"> Follow us in<\/span>:\u00a0<a href=\"https:\/\/blogpinpoliempreende.wordpress.com\/tag\/pin\/\"><strong>https:\/\/blogpinpoliempreende.wordpress.com\/tag\/pin\/<\/strong><\/a><\/p>\n<p>&nbsp;<\/p>\n<p>Algumas not\u00edcias sobre o <span style=\"float: none;background-color: transparent;color: #141412;cursor: text;font-family: 'Source Sans Pro',Helvetica,sans-serif;font-size: 16px;font-style: normal;font-variant: normal;font-weight: 400;letter-spacing: normal;text-align: left;text-decoration: none;text-indent: 0px\">projeto PIN-Poli Entrepreneurship Innovation Network:<\/span><\/p>\n<div id=\"gt-res-c\" class=\"g-unit\">\n<div id=\"gt-res-p\">\n<div id=\"gt-res-data\">\n<div id=\"gt-res-wrap\">\n<div id=\"gt-res-content\">\n<div id=\"gt-res-dir-ctr\" class=\"trans-verified-button-small\" dir=\"ltr\"><span id=\"result_box\" lang=\"en\" style=\"color: #808080\">Some news about the PIN-Poli Entrepreneurship Innovation Network project:<\/span><\/div>\n<div dir=\"ltr\"><\/div>\n<\/div>\n<\/div>\n<\/div>\n<\/div>\n<\/div>\n<p><span style=\"font-family: Calibri\"><a href=\"https:\/\/www.portugal.gov.pt\/pt\/gc21\/comunicacao\/noticia?i=20170614-mctes-pin\">https:\/\/www.portugal.gov.pt\/pt\/gc21\/comunicacao\/noticia?i=20170614-mctes-pin<\/a> <\/span><\/p>\n<p><span style=\"font-family: Calibri\"><a href=\"http:\/\/www.portalalentejano.com\/pin-polientrepreneurship-innovation-network\/\">http:\/\/www.portalalentejano.com\/pin-polientrepreneurship-innovation-network\/<\/a> <\/span><\/p>\n<p><a href=\"https:\/\/www.dn.pt\/lusa\/interior\/projeto-de-empreendedorismo-desenvolvido-por-13-politecnicos-e-estruturante--ministro-8562742.html\">https:\/\/www.dn.pt\/lusa\/interior\/projeto-de-empreendedorismo-desenvolvido-por-13-politecnicos-e-estruturante&#8211;ministro-8562742.HTML<\/a><\/p>\n<p>&nbsp;<\/p>\n","protected":false},"excerpt":{"rendered":"<p>Uma rede nacional de institui\u00e7\u00f5es de ensino superior (IES) polit\u00e9cnicas participa num projeto conjunto denominado PIN &#8211; Poli Entrepreneurship Innovation Network, o qual conta j\u00e1 com o envolvimento de 111.900 estudantes. A national network of polytechnic higher education institutions (IES) participates in a joint project called PIN &#8211; Poli Entrepreneurship Innovation Network, which already has &hellip; <a href=\"https:\/\/sites.ipleiria.pt\/pin-congress\/\" class=\"more-link\">Continuar a ler <span class=\"screen-reader-text\">PIN Congress &#8211; Poli Entrepreneurship Innovation Network<\/span> <span class=\"meta-nav\">&rarr;<\/span><\/a><\/p>\n","protected":false},"author":66,"featured_media":0,"parent":0,"menu_order":0,"comment_status":"closed","ping_status":"closed","template":"","meta":{"footnotes":""},"class_list":["post-15","page","type-page","status-publish","hentry"],"_links":{"self":[{"href":"https:\/\/sites.ipleiria.pt\/pin-congress\/wp-json\/wp\/v2\/pages\/15","targetHints":{"allow":["GET"]}}],"collection":[{"href":"https:\/\/sites.ipleiria.pt\/pin-congress\/wp-json\/wp\/v2\/pages"}],"about":[{"href":"https:\/\/sites.ipleiria.pt\/pin-congress\/wp-json\/wp\/v2\/types\/page"}],"author":[{"embeddable":true,"href":"https:\/\/sites.ipleiria.pt\/pin-congress\/wp-json\/wp\/v2\/users\/66"}],"replies":[{"embeddable":true,"href":"https:\/\/sites.ipleiria.pt\/pin-congress\/wp-json\/wp\/v2\/comments?post=15"}],"version-history":[{"count":15,"href":"https:\/\/sites.ipleiria.pt\/pin-congress\/wp-json\/wp\/v2\/pages\/15\/revisions"}],"predecessor-version":[{"id":138,"href":"https:\/\/sites.ipleiria.pt\/pin-congress\/wp-json\/wp\/v2\/pages\/15\/revisions\/138"}],"wp:attachment":[{"href":"https:\/\/sites.ipleiria.pt\/pin-congress\/wp-json\/wp\/v2\/media?parent=15"}],"curies":[{"name":"wp","href":"https:\/\/api.w.org\/{rel}","templated":true}]}}