{"id":29,"date":"2018-05-02T16:44:21","date_gmt":"2018-05-02T16:44:21","guid":{"rendered":"http:\/\/sites.ipleiria.pt\/pin-congress\/?page_id=29"},"modified":"2018-05-31T22:24:59","modified_gmt":"2018-05-31T22:24:59","slug":"programme","status":"publish","type":"page","link":"https:\/\/sites.ipleiria.pt\/pin-congress\/programme\/","title":{"rendered":"Program"},"content":{"rendered":"<p><strong><a href=\"http:\/\/sites.ipleiria.pt\/pin-congress\/files\/2018\/05\/PROGRAM-1.pdf\">PROGRAM<\/a><\/strong><\/p>\n<p><strong>SCHOOL OF TECHNOLOGY AND MANAGEMENT OF POLITECHNIC OF LEIRIA \u2013 ED.D \u2013 ANF. 1<\/strong><\/p>\n<table style=\"height: 1481px\" width=\"688\">\n<tbody>\n<tr>\n<td width=\"53\"><strong>9h00<\/strong><\/td>\n<td width=\"373\"><strong>Registration of participants<\/strong><\/td>\n<\/tr>\n<tr>\n<td width=\"53\"><strong>9h30 <\/strong><\/p>\n<p><strong>\u00a0<\/strong><\/td>\n<td width=\"373\"><strong>Opening session<\/strong><\/p>\n<p>Secretary of State of Science, Techonology and Higher Education, President of IPLeiria, President of CCISP, PIN Committee<\/td>\n<\/tr>\n<tr>\n<td width=\"53\"><strong>9h45<\/strong><\/p>\n<p><strong>\u00a0<\/strong><\/td>\n<td width=\"373\"><strong>Keynote Speaker <\/strong><\/p>\n<p>Secretary of State of Science, Techonology and Higher Education &#8211;\u00a0Maria Fernanda Rollo<\/td>\n<\/tr>\n<tr>\n<td width=\"53\"><strong>10h25<\/strong><\/td>\n<td width=\"373\"><strong>Movie PIN . Poli Entrepreneurship Innovation Network<\/strong><\/td>\n<\/tr>\n<tr>\n<td width=\"53\"><strong>10h30 <\/strong><\/td>\n<td width=\"373\"><strong>Panel 1 . Entrepreneurship in Polytechnic Higher Education<\/strong><\/p>\n<p><strong>Presentation of some conclusions of the studies developed under the PIN- Poli Entrepreneurship Innovation Network<\/strong><\/p>\n<p>Entrepreneurial skills in Polytechnic Higher Education: Reasons, influences, support services and education <span style=\"font-family: Calibri\">&#8211; Pedro Parreira<\/span><\/p>\n<p><span id=\"result_box\" lang=\"en\">Institutions of Polytechnic Higher Education and the Education for Entrepreneurship<\/span>&#8211; Teresa Paiva<\/p>\n<p><span id=\"result_box\" lang=\"en\">Analysis of the social representations and the impact of competences acquisition in Entrepreneurship in the students of Polytechnic Higher Education<\/span><span style=\"margin: 0px;font-family: 'Calibri',sans-serif;font-size: 11pt\">\u00a0<\/span>&#8211; Amaya Yurrebaso Macho<\/td>\n<\/tr>\n<tr>\n<td width=\"53\"><strong>11h45<\/strong><\/td>\n<td width=\"373\"><strong>Coffee break<\/strong><\/td>\n<\/tr>\n<tr>\n<td width=\"53\"><\/td>\n<td width=\"373\"><strong>\u00a0<\/strong><\/td>\n<\/tr>\n<tr>\n<td width=\"53\"><strong>12h00\u00a0 <\/strong><\/td>\n<td width=\"373\"><strong>Panel 2 &#8211; Entrepreneurship education in higher education<\/strong><\/p>\n<p>Ireland &#8211; HEInnovate &#8211; A self-assessment tool for all types of higher education institution &#8211;\u00a0Annmarie Mc Hugh<\/p>\n<p>Spain &#8211; Entrepreneurship education in higher education &#8211; The USAL experience &#8211;\u00a0Jos\u00e9 Carlos S\u00e1nchez Garc\u00eda<\/td>\n<\/tr>\n<tr>\n<td width=\"53\"><strong>\u00a013h00<\/strong><\/td>\n<td width=\"373\"><strong>Lunch<\/strong><\/td>\n<\/tr>\n<tr>\n<td width=\"53\"><\/td>\n<td width=\"373\"><\/td>\n<\/tr>\n<tr>\n<td width=\"53\"><strong>14h30<\/strong><\/td>\n<td width=\"373\"><strong>Panel 3 . Experiences of promoting entrepreneurship in higher education <\/strong><\/p>\n<p>Spain &#8211; DEMOLA Basque Country, an International Open Innovation Platform &#8211;\u00a0Javier Riano<\/p>\n<p>Netherlands &#8211; Turning Business Into Innovation, Startup of Incubator Academy at Rotterdam University &#8211;\u00a0Rogier Cazemier<\/p>\n<p>Portugal &#8211; Electronic Platform ABS &#8211; ANJE Business Solutions &#8211;\u00a0Suzana Al\u00edpio<\/td>\n<\/tr>\n<tr>\n<td width=\"53\"><strong>16h30<\/strong><\/td>\n<td width=\"373\"><strong>Closing Session <\/strong><\/p>\n<p>President of IPLeiria, President of CCISP, PIN Committee<\/td>\n<\/tr>\n<\/tbody>\n<\/table>\n<table style=\"height: 98px\" width=\"268\">\n<tbody>\n<tr>\n<td width=\"473\"><\/td>\n<\/tr>\n<tr>\n<td><\/td>\n<td width=\"793\">\n<table width=\"100%\">\n<tbody>\n<tr>\n<td>&nbsp;<\/p>\n<p><strong>\u00a0<\/strong><\/p>\n<p>&nbsp;<\/td>\n<\/tr>\n<\/tbody>\n<\/table>\n<\/td>\n<\/tr>\n<\/tbody>\n<\/table>\n<p>&nbsp;<\/p>\n<p>&nbsp;<\/p>\n<p>&nbsp;<\/p>\n","protected":false},"excerpt":{"rendered":"<p>PROGRAM SCHOOL OF TECHNOLOGY AND MANAGEMENT OF POLITECHNIC OF LEIRIA \u2013 ED.D \u2013 ANF. 1 9h00 Registration of participants 9h30 \u00a0 Opening session Secretary of State of Science, Techonology and Higher Education, President of IPLeiria, President of CCISP, PIN Committee 9h45 \u00a0 Keynote Speaker Secretary of State of Science, Techonology and Higher Education &#8211;\u00a0Maria Fernanda &hellip; <a href=\"https:\/\/sites.ipleiria.pt\/pin-congress\/programme\/\" class=\"more-link\">Continuar a ler <span class=\"screen-reader-text\">Program<\/span> <span class=\"meta-nav\">&rarr;<\/span><\/a><\/p>\n","protected":false},"author":41,"featured_media":0,"parent":0,"menu_order":0,"comment_status":"closed","ping_status":"closed","template":"","meta":{"footnotes":""},"class_list":["post-29","page","type-page","status-publish","hentry"],"_links":{"self":[{"href":"https:\/\/sites.ipleiria.pt\/pin-congress\/wp-json\/wp\/v2\/pages\/29","targetHints":{"allow":["GET"]}}],"collection":[{"href":"https:\/\/sites.ipleiria.pt\/pin-congress\/wp-json\/wp\/v2\/pages"}],"about":[{"href":"https:\/\/sites.ipleiria.pt\/pin-congress\/wp-json\/wp\/v2\/types\/page"}],"author":[{"embeddable":true,"href":"https:\/\/sites.ipleiria.pt\/pin-congress\/wp-json\/wp\/v2\/users\/41"}],"replies":[{"embeddable":true,"href":"https:\/\/sites.ipleiria.pt\/pin-congress\/wp-json\/wp\/v2\/comments?post=29"}],"version-history":[{"count":14,"href":"https:\/\/sites.ipleiria.pt\/pin-congress\/wp-json\/wp\/v2\/pages\/29\/revisions"}],"predecessor-version":[{"id":162,"href":"https:\/\/sites.ipleiria.pt\/pin-congress\/wp-json\/wp\/v2\/pages\/29\/revisions\/162"}],"wp:attachment":[{"href":"https:\/\/sites.ipleiria.pt\/pin-congress\/wp-json\/wp\/v2\/media?parent=29"}],"curies":[{"name":"wp","href":"https:\/\/api.w.org\/{rel}","templated":true}]}}