{"id":38,"date":"2018-05-02T16:56:23","date_gmt":"2018-05-02T16:56:23","guid":{"rendered":"http:\/\/sites.ipleiria.pt\/pin-congress\/?page_id=38"},"modified":"2018-05-28T15:58:39","modified_gmt":"2018-05-28T15:58:39","slug":"organizing-commitee","status":"publish","type":"page","link":"https:\/\/sites.ipleiria.pt\/pin-congress\/organizing-commitee\/","title":{"rendered":"PIN-Committee"},"content":{"rendered":"<p><strong>Organizing<\/strong><strong> Committee<\/strong><\/p>\n<p><img loading=\"lazy\" decoding=\"async\" class=\"alignnone wp-image-76\" src=\"http:\/\/sites.ipleiria.pt\/pin-congress\/files\/2018\/05\/Leopoldina.jpg\" alt=\"\" width=\"148\" height=\"127\" \/> Leopoldina Alves &#8211; Polytechnic Institute of Leiria<\/p>\n<p><img loading=\"lazy\" decoding=\"async\" class=\"alignnone wp-image-99\" src=\"http:\/\/sites.ipleiria.pt\/pin-congress\/files\/2018\/05\/TeresaPaivapb-200x300.jpg\" alt=\"\" width=\"127\" height=\"191\" srcset=\"https:\/\/sites.ipleiria.pt\/pin-congress\/files\/2018\/05\/TeresaPaivapb-200x300.jpg 200w, https:\/\/sites.ipleiria.pt\/pin-congress\/files\/2018\/05\/TeresaPaivapb-768x1152.jpg 768w, https:\/\/sites.ipleiria.pt\/pin-congress\/files\/2018\/05\/TeresaPaivapb-683x1024.jpg 683w\" sizes=\"auto, (max-width: 127px) 100vw, 127px\" \/> Teresa Paiva &#8211;\u00a0<span style=\"float: none;background-color: transparent;color: #141412;cursor: text;font-family: 'Source Sans Pro',Helvetica,sans-serif;font-size: 16px;font-style: normal;font-variant: normal;font-weight: 400;letter-spacing: normal;text-align: left;text-decoration: none;text-indent: 0px\">Polytechnic Institute of<\/span> Guarda<\/p>\n<p><img loading=\"lazy\" decoding=\"async\" class=\"wp-image-112\" src=\"http:\/\/sites.ipleiria.pt\/pin-congress\/files\/2018\/05\/Jorge-Humberto_1-225x300.jpg\" alt=\"\" width=\"128\" height=\"171\" srcset=\"https:\/\/sites.ipleiria.pt\/pin-congress\/files\/2018\/05\/Jorge-Humberto_1-225x300.jpg 225w, https:\/\/sites.ipleiria.pt\/pin-congress\/files\/2018\/05\/Jorge-Humberto_1-768x1024.jpg 768w\" sizes=\"auto, (max-width: 128px) 100vw, 128px\" \/>\u00a0\u00a0<span style=\"float: none;background-color: transparent;color: #141412;font-family: 'Source Sans Pro',Helvetica,sans-serif;font-size: 16px;font-style: normal;font-variant: normal;font-weight: 400;letter-spacing: normal;text-align: left;text-decoration: none;text-indent: 0px\">Jorge Humberto &#8211; Polytechnic Institute of Bragan\u00e7a<\/span><\/p>\n<p><img loading=\"lazy\" decoding=\"async\" class=\"alignnone wp-image-140\" src=\"http:\/\/sites.ipleiria.pt\/pin-congress\/files\/2018\/05\/Foto_SaraProen\u00e7a.jpg\" alt=\"\" width=\"126\" height=\"126\" srcset=\"https:\/\/sites.ipleiria.pt\/pin-congress\/files\/2018\/05\/Foto_SaraProen\u00e7a.jpg 296w, https:\/\/sites.ipleiria.pt\/pin-congress\/files\/2018\/05\/Foto_SaraProen\u00e7a-150x150.jpg 150w\" sizes=\"auto, (max-width: 126px) 100vw, 126px\" \/> Sara Proen\u00e7a &#8211; Polytechnic Institute of Coimbra<\/p>\n<p><img loading=\"lazy\" decoding=\"async\" class=\"alignnone wp-image-84\" src=\"http:\/\/sites.ipleiria.pt\/pin-congress\/files\/2018\/05\/rom\u00e3o.png\" alt=\"\" width=\"134\" height=\"134\" \/> Artur Rom\u00e3o &#8211; Polytechnic Institute of Portalegre<\/p>\n<p><img loading=\"lazy\" decoding=\"async\" class=\"alignnone wp-image-85\" src=\"http:\/\/sites.ipleiria.pt\/pin-congress\/files\/2018\/05\/pedro-ranheta-e-romao.png\" alt=\"\" width=\"145\" height=\"160\" \/> Pedro Ranheta &#8211; Politechnic Institute of Portalegre<\/p>\n<p><img loading=\"lazy\" decoding=\"async\" class=\"alignnone wp-image-117\" src=\"http:\/\/sites.ipleiria.pt\/pin-congress\/files\/2018\/05\/foto-cristina.jpg\" alt=\"\" width=\"148\" height=\"147\" srcset=\"https:\/\/sites.ipleiria.pt\/pin-congress\/files\/2018\/05\/foto-cristina.jpg 292w, https:\/\/sites.ipleiria.pt\/pin-congress\/files\/2018\/05\/foto-cristina-150x150.jpg 150w\" sizes=\"auto, (max-width: 148px) 100vw, 148px\" \/> Cristina Correia &#8211; Polytechnic Institute of Leiria<\/p>\n<p><img loading=\"lazy\" decoding=\"async\" class=\"alignnone wp-image-118\" src=\"http:\/\/sites.ipleiria.pt\/pin-congress\/files\/2018\/05\/13254202_1100946256613379_5539310571237789580_n-300x300.jpg\" alt=\"\" width=\"146\" height=\"146\" srcset=\"https:\/\/sites.ipleiria.pt\/pin-congress\/files\/2018\/05\/13254202_1100946256613379_5539310571237789580_n-300x300.jpg 300w, https:\/\/sites.ipleiria.pt\/pin-congress\/files\/2018\/05\/13254202_1100946256613379_5539310571237789580_n-150x150.jpg 150w, https:\/\/sites.ipleiria.pt\/pin-congress\/files\/2018\/05\/13254202_1100946256613379_5539310571237789580_n.jpg 461w\" sizes=\"auto, (max-width: 146px) 100vw, 146px\" \/> Jos\u00e9 Rei &#8211; Polytechnic Institute of Leiria<\/p>\n<p>&nbsp;<\/p>\n<p><strong>Scientific Commitee<\/strong><\/p>\n<p>Teresa Paiva | Pedro Parreira | Jorge Humberto | Leopoldina Alves | Helena Saraiva<\/p>\n<p>Teresa Costa | Fernando Valente | Anabela Oliveira | Jos\u00e9 Herm\u00ednio Gomes | Carlos Brand\u00e3o<\/p>\n<p>Marina Montezuma Vaquinhas | Rosa Melo | L\u00facia Pato | Carla Cruz | Catarina Alves<\/p>\n<p>Teresa Felgueira | Amaia Yurrebaso | Marisa Cebola | Sara Proen\u00e7a | Margarida Piteira<\/p>\n<p>Ana Cruz | Liliana Sousa | Pedro Tadeu | Elisa Figueiredo Lisete M\u00f3nico | Rogier Cazemier<\/p>\n<p>&nbsp;<\/p>\n","protected":false},"excerpt":{"rendered":"<p>Organizing Committee Leopoldina Alves &#8211; Polytechnic Institute of Leiria Teresa Paiva &#8211;\u00a0Polytechnic Institute of Guarda \u00a0\u00a0Jorge Humberto &#8211; Polytechnic Institute of Bragan\u00e7a Sara Proen\u00e7a &#8211; Polytechnic Institute of Coimbra Artur Rom\u00e3o &#8211; Polytechnic Institute of Portalegre Pedro Ranheta &#8211; Politechnic Institute of Portalegre Cristina Correia &#8211; Polytechnic Institute of Leiria Jos\u00e9 Rei &#8211; Polytechnic Institute &hellip; <a href=\"https:\/\/sites.ipleiria.pt\/pin-congress\/organizing-commitee\/\" class=\"more-link\">Continuar a ler <span class=\"screen-reader-text\">PIN-Committee<\/span> <span class=\"meta-nav\">&rarr;<\/span><\/a><\/p>\n","protected":false},"author":41,"featured_media":0,"parent":0,"menu_order":0,"comment_status":"closed","ping_status":"closed","template":"","meta":{"footnotes":""},"class_list":["post-38","page","type-page","status-publish","hentry"],"_links":{"self":[{"href":"https:\/\/sites.ipleiria.pt\/pin-congress\/wp-json\/wp\/v2\/pages\/38","targetHints":{"allow":["GET"]}}],"collection":[{"href":"https:\/\/sites.ipleiria.pt\/pin-congress\/wp-json\/wp\/v2\/pages"}],"about":[{"href":"https:\/\/sites.ipleiria.pt\/pin-congress\/wp-json\/wp\/v2\/types\/page"}],"author":[{"embeddable":true,"href":"https:\/\/sites.ipleiria.pt\/pin-congress\/wp-json\/wp\/v2\/users\/41"}],"replies":[{"embeddable":true,"href":"https:\/\/sites.ipleiria.pt\/pin-congress\/wp-json\/wp\/v2\/comments?post=38"}],"version-history":[{"count":27,"href":"https:\/\/sites.ipleiria.pt\/pin-congress\/wp-json\/wp\/v2\/pages\/38\/revisions"}],"predecessor-version":[{"id":155,"href":"https:\/\/sites.ipleiria.pt\/pin-congress\/wp-json\/wp\/v2\/pages\/38\/revisions\/155"}],"wp:attachment":[{"href":"https:\/\/sites.ipleiria.pt\/pin-congress\/wp-json\/wp\/v2\/media?parent=38"}],"curies":[{"name":"wp","href":"https:\/\/api.w.org\/{rel}","templated":true}]}}