{"id":147,"date":"2018-04-06T14:22:02","date_gmt":"2018-04-06T14:22:02","guid":{"rendered":"http:\/\/sites.ipleiria.pt\/precast\/?page_id=147"},"modified":"2019-01-19T01:05:31","modified_gmt":"2019-01-19T01:05:31","slug":"the-team","status":"publish","type":"page","link":"https:\/\/sites.ipleiria.pt\/precast\/the-team\/","title":{"rendered":"The Team"},"content":{"rendered":"<p>&nbsp;<\/p>\n<p>&nbsp;<\/p>\n<table>\n<tbody>\n<tr>\n<td style=\"text-align: center\">\n<pre><a href=\"https:\/\/scholar.google.com\/citations?hl=en&amp;user=MiEYnPwAAAAJ\" target=\"_blank\" rel=\"noopener\"><img loading=\"lazy\" decoding=\"async\" class=\"alignnone wp-image-181\" src=\"http:\/\/sites.ipleiria.pt\/precast\/files\/2018\/04\/oHugo-1-300x300.png\" alt=\"\" width=\"95\" height=\"95\" srcset=\"https:\/\/sites.ipleiria.pt\/precast\/files\/2018\/04\/oHugo-1-300x300.png 300w, https:\/\/sites.ipleiria.pt\/precast\/files\/2018\/04\/oHugo-1-150x150.png 150w, https:\/\/sites.ipleiria.pt\/precast\/files\/2018\/04\/oHugo-1-180x180.png 180w, https:\/\/sites.ipleiria.pt\/precast\/files\/2018\/04\/oHugo-1-60x60.png 60w, https:\/\/sites.ipleiria.pt\/precast\/files\/2018\/04\/oHugo-1.png 500w\" sizes=\"auto, (max-width: 95px) 100vw, 95px\" \/><\/a>\r\n <strong>Hugo Rodrigues<\/strong>\r\n Princ. Investigator<\/pre>\n<\/td>\n<td style=\"text-align: center\">\n<pre><img loading=\"lazy\" decoding=\"async\" class=\"alignnone wp-image-245\" src=\"http:\/\/sites.ipleiria.pt\/precast\/files\/2018\/05\/PF2-300x300.png\" alt=\"\" width=\"95\" height=\"95\" srcset=\"https:\/\/sites.ipleiria.pt\/precast\/files\/2018\/05\/PF2-300x300.png 300w, https:\/\/sites.ipleiria.pt\/precast\/files\/2018\/05\/PF2-150x150.png 150w, https:\/\/sites.ipleiria.pt\/precast\/files\/2018\/05\/PF2-180x180.png 180w, https:\/\/sites.ipleiria.pt\/precast\/files\/2018\/05\/PF2-60x60.png 60w, https:\/\/sites.ipleiria.pt\/precast\/files\/2018\/05\/PF2.png 420w\" sizes=\"auto, (max-width: 95px) 100vw, 95px\" \/>\r\n <strong>Paulo Fernandes<\/strong>\r\n Investigator<\/pre>\n<\/td>\n<td style=\"text-align: center\">\n<pre><img loading=\"lazy\" decoding=\"async\" class=\"alignnone wp-image-328\" src=\"http:\/\/sites.ipleiria.pt\/precast\/files\/2019\/01\/eAndreFurtado.png\" alt=\"\" width=\"95\" height=\"95\" srcset=\"https:\/\/sites.ipleiria.pt\/precast\/files\/2019\/01\/eAndreFurtado.png 146w, https:\/\/sites.ipleiria.pt\/precast\/files\/2019\/01\/eAndreFurtado-60x60.png 60w\" sizes=\"auto, (max-width: 95px) 100vw, 95px\" \/>\r\n <strong>Andr\u00e9 Furtado<\/strong>\r\n Grant Holder<\/pre>\n<\/td>\n<td style=\"text-align: center\">\n<pre><img loading=\"lazy\" decoding=\"async\" class=\"alignnone wp-image-252\" src=\"http:\/\/sites.ipleiria.pt\/precast\/files\/2018\/07\/CAGC_C.png\" alt=\"\" width=\"95\" height=\"95\" srcset=\"https:\/\/sites.ipleiria.pt\/precast\/files\/2018\/07\/CAGC_C.png 270w, https:\/\/sites.ipleiria.pt\/precast\/files\/2018\/07\/CAGC_C-150x150.png 150w, https:\/\/sites.ipleiria.pt\/precast\/files\/2018\/07\/CAGC_C-180x180.png 180w, https:\/\/sites.ipleiria.pt\/precast\/files\/2018\/07\/CAGC_C-60x60.png 60w\" sizes=\"auto, (max-width: 95px) 100vw, 95px\" \/>\r\n<strong>An\u00edbal Costa<\/strong> \r\nInvestigator<\/pre>\n<\/td>\n<\/tr>\n<tr>\n<td style=\"text-align: center\">\n<pre><img loading=\"lazy\" decoding=\"async\" class=\"alignnone wp-image-312\" src=\"http:\/\/sites.ipleiria.pt\/precast\/files\/2018\/09\/Antonella-300x300.png\" alt=\"\" width=\"95\" height=\"95\" srcset=\"https:\/\/sites.ipleiria.pt\/precast\/files\/2018\/09\/Antonella-300x300.png 300w, https:\/\/sites.ipleiria.pt\/precast\/files\/2018\/09\/Antonella-150x150.png 150w, https:\/\/sites.ipleiria.pt\/precast\/files\/2018\/09\/Antonella-180x180.png 180w, https:\/\/sites.ipleiria.pt\/precast\/files\/2018\/09\/Antonella-60x60.png 60w, https:\/\/sites.ipleiria.pt\/precast\/files\/2018\/09\/Antonella.png 347w\" sizes=\"auto, (max-width: 95px) 100vw, 95px\" \/>\r\n<strong>Antonella Colombo<\/strong> \r\nExternal consultant<\/pre>\n<\/td>\n<td style=\"text-align: center\">\n<pre><img loading=\"lazy\" decoding=\"async\" class=\"alignnone wp-image-255\" src=\"http:\/\/sites.ipleiria.pt\/precast\/files\/2018\/07\/arede_S.png\" alt=\"\" width=\"95\" height=\"95\" srcset=\"https:\/\/sites.ipleiria.pt\/precast\/files\/2018\/07\/arede_S.png 186w, https:\/\/sites.ipleiria.pt\/precast\/files\/2018\/07\/arede_S-150x150.png 150w, https:\/\/sites.ipleiria.pt\/precast\/files\/2018\/07\/arede_S-180x180.png 180w, https:\/\/sites.ipleiria.pt\/precast\/files\/2018\/07\/arede_S-60x60.png 60w\" sizes=\"auto, (max-width: 95px) 100vw, 95px\" \/>\r\n<strong>Ant\u00f3nio Ar\u00eade<\/strong> \r\nInvestigator<\/pre>\n<\/td>\n<td style=\"text-align: center\">\n<pre><img loading=\"lazy\" decoding=\"async\" class=\"alignnone wp-image-257\" src=\"http:\/\/sites.ipleiria.pt\/precast\/files\/2018\/07\/fernanda_S.png\" alt=\"\" width=\"95\" height=\"95\" srcset=\"https:\/\/sites.ipleiria.pt\/precast\/files\/2018\/07\/fernanda_S.png 178w, https:\/\/sites.ipleiria.pt\/precast\/files\/2018\/07\/fernanda_S-150x150.png 150w, https:\/\/sites.ipleiria.pt\/precast\/files\/2018\/07\/fernanda_S-60x60.png 60w\" sizes=\"auto, (max-width: 95px) 100vw, 95px\" \/>\r\n<strong>Fernanda Rodrigues<\/strong> \r\nInvestigator<\/pre>\n<\/td>\n<td style=\"text-align: center\">\n<pre><img loading=\"lazy\" decoding=\"async\" class=\"alignnone wp-image-180\" src=\"http:\/\/sites.ipleiria.pt\/precast\/files\/2018\/04\/nofoto.png\" alt=\"\" width=\"95\" height=\"95\" srcset=\"https:\/\/sites.ipleiria.pt\/precast\/files\/2018\/04\/nofoto.png 280w, https:\/\/sites.ipleiria.pt\/precast\/files\/2018\/04\/nofoto-150x150.png 150w, https:\/\/sites.ipleiria.pt\/precast\/files\/2018\/04\/nofoto-180x180.png 180w, https:\/\/sites.ipleiria.pt\/precast\/files\/2018\/04\/nofoto-60x60.png 60w\" sizes=\"auto, (max-width: 95px) 100vw, 95px\" \/>\r\n<strong>Hugo Vitorino<\/strong>\r\nGrant Holder<\/pre>\n<\/td>\n<\/tr>\n<tr>\n<td style=\"text-align: center\">\n<pre><img loading=\"lazy\" decoding=\"async\" class=\"alignnone wp-image-259\" src=\"http:\/\/sites.ipleiria.pt\/precast\/files\/2018\/07\/HV_s.png\" alt=\"\" width=\"95\" height=\"95\" srcset=\"https:\/\/sites.ipleiria.pt\/precast\/files\/2018\/07\/HV_s.png 196w, https:\/\/sites.ipleiria.pt\/precast\/files\/2018\/07\/HV_s-150x150.png 150w, https:\/\/sites.ipleiria.pt\/precast\/files\/2018\/07\/HV_s-180x180.png 180w, https:\/\/sites.ipleiria.pt\/precast\/files\/2018\/07\/HV_s-60x60.png 60w\" sizes=\"auto, (max-width: 95px) 100vw, 95px\" \/>\r\n<strong>Humberto Varum<\/strong> \r\nInvestigator<\/pre>\n<\/td>\n<td style=\"text-align: center\">\n<pre><a href=\"https:\/\/www.researchgate.net\/profile\/Joao_Veludo\" target=\"_blank\" rel=\"noopener\"><img loading=\"lazy\" decoding=\"async\" class=\"alignnone wp-image-235\" src=\"http:\/\/sites.ipleiria.pt\/precast\/files\/2018\/05\/oVeludo-300x300.png\" alt=\"\" width=\"95\" height=\"95\" srcset=\"https:\/\/sites.ipleiria.pt\/precast\/files\/2018\/05\/oVeludo-300x300.png 300w, https:\/\/sites.ipleiria.pt\/precast\/files\/2018\/05\/oVeludo-150x150.png 150w, https:\/\/sites.ipleiria.pt\/precast\/files\/2018\/05\/oVeludo-768x768.png 768w, https:\/\/sites.ipleiria.pt\/precast\/files\/2018\/05\/oVeludo-1024x1024.png 1024w, https:\/\/sites.ipleiria.pt\/precast\/files\/2018\/05\/oVeludo-624x624.png 624w, https:\/\/sites.ipleiria.pt\/precast\/files\/2018\/05\/oVeludo-180x180.png 180w, https:\/\/sites.ipleiria.pt\/precast\/files\/2018\/05\/oVeludo-60x60.png 60w, https:\/\/sites.ipleiria.pt\/precast\/files\/2018\/05\/oVeludo.png 1280w\" sizes=\"auto, (max-width: 95px) 100vw, 95px\" \/><\/a>\r\n<strong>Jo\u00e3o Veludo<\/strong> \r\nInvestigator<\/pre>\n<\/td>\n<td style=\"text-align: center\">\n<pre><img loading=\"lazy\" decoding=\"async\" class=\"alignnone wp-image-247\" src=\"http:\/\/sites.ipleiria.pt\/precast\/files\/2018\/05\/miguel-300x300.png\" alt=\"\" width=\"95\" height=\"95\" srcset=\"https:\/\/sites.ipleiria.pt\/precast\/files\/2018\/05\/miguel-300x300.png 300w, https:\/\/sites.ipleiria.pt\/precast\/files\/2018\/05\/miguel-150x150.png 150w, https:\/\/sites.ipleiria.pt\/precast\/files\/2018\/05\/miguel-180x180.png 180w, https:\/\/sites.ipleiria.pt\/precast\/files\/2018\/05\/miguel-60x60.png 60w, https:\/\/sites.ipleiria.pt\/precast\/files\/2018\/05\/miguel.png 460w\" sizes=\"auto, (max-width: 95px) 100vw, 95px\" \/>\r\n<strong>Miguel Santos<\/strong> \r\nInvestigato<\/pre>\n<\/td>\n<td style=\"text-align: center\">\n<pre><img loading=\"lazy\" decoding=\"async\" class=\"alignnone wp-image-263\" src=\"http:\/\/sites.ipleiria.pt\/precast\/files\/2018\/07\/aNAdia-300x300.png\" alt=\"\" width=\"95\" height=\"95\" srcset=\"https:\/\/sites.ipleiria.pt\/precast\/files\/2018\/07\/aNAdia-300x300.png 300w, https:\/\/sites.ipleiria.pt\/precast\/files\/2018\/07\/aNAdia-150x150.png 150w, https:\/\/sites.ipleiria.pt\/precast\/files\/2018\/07\/aNAdia-768x768.png 768w, https:\/\/sites.ipleiria.pt\/precast\/files\/2018\/07\/aNAdia-1024x1024.png 1024w, https:\/\/sites.ipleiria.pt\/precast\/files\/2018\/07\/aNAdia-624x624.png 624w, https:\/\/sites.ipleiria.pt\/precast\/files\/2018\/07\/aNAdia-180x180.png 180w, https:\/\/sites.ipleiria.pt\/precast\/files\/2018\/07\/aNAdia-60x60.png 60w, https:\/\/sites.ipleiria.pt\/precast\/files\/2018\/07\/aNAdia.png 1584w\" sizes=\"auto, (max-width: 95px) 100vw, 95px\" \/>\r\n<strong>N\u00e1dia Batalha<\/strong>\r\n PhD Student<span style=\"color: #757575;font-family: inherit;font-size: inherit\">\u00a0<\/span><\/pre>\n<\/td>\n<\/tr>\n<tr>\n<td style=\"text-align: center\">\n<pre><img loading=\"lazy\" decoding=\"async\" class=\"alignnone wp-image-324\" src=\"http:\/\/sites.ipleiria.pt\/precast\/files\/2019\/01\/Romain2-300x300.png\" alt=\"\" width=\"95\" height=\"95\" srcset=\"https:\/\/sites.ipleiria.pt\/precast\/files\/2019\/01\/Romain2-300x300.png 300w, https:\/\/sites.ipleiria.pt\/precast\/files\/2019\/01\/Romain2-150x150.png 150w, https:\/\/sites.ipleiria.pt\/precast\/files\/2019\/01\/Romain2-180x180.png 180w, https:\/\/sites.ipleiria.pt\/precast\/files\/2019\/01\/Romain2-60x60.png 60w, https:\/\/sites.ipleiria.pt\/precast\/files\/2019\/01\/Romain2.png 424w\" sizes=\"auto, (max-width: 95px) 100vw, 95px\" \/>\r\n<strong>Romain Sousa<\/strong>\r\n Investigator<\/pre>\n<\/td>\n<td style=\"text-align: center\">\n<pre><img loading=\"lazy\" decoding=\"async\" class=\"alignnone wp-image-261\" src=\"http:\/\/sites.ipleiria.pt\/precast\/files\/2018\/07\/VitorSS.png\" alt=\"\" width=\"95\" height=\"95\" srcset=\"https:\/\/sites.ipleiria.pt\/precast\/files\/2018\/07\/VitorSS.png 150w, https:\/\/sites.ipleiria.pt\/precast\/files\/2018\/07\/VitorSS-60x60.png 60w\" sizes=\"auto, (max-width: 95px) 100vw, 95px\" \/> \r\n<strong>Vitor Silva<\/strong> \r\nInvestigator<\/pre>\n<\/td>\n<td style=\"text-align: center\"><\/td>\n<td style=\"text-align: center\"><\/td>\n<\/tr>\n<\/tbody>\n<\/table>\n<p>&nbsp;<\/p>\n","protected":false},"excerpt":{"rendered":"<p>&nbsp; &nbsp; Hugo Rodrigues Princ. Investigator Paulo Fernandes Investigator Andr\u00e9 Furtado Grant Holder An\u00edbal Costa Investigator Antonella Colombo External consultant Ant\u00f3nio Ar\u00eade Investigator Fernanda Rodrigues Investigator Hugo Vitorino Grant Holder&#8230; <a href=\"https:\/\/sites.ipleiria.pt\/precast\/the-team\/\">Read more &raquo;<\/a><\/p>\n","protected":false},"author":2184,"featured_media":0,"parent":0,"menu_order":0,"comment_status":"closed","ping_status":"closed","template":"page-templates\/full-width.php","meta":{"footnotes":""},"class_list":["post-147","page","type-page","status-publish","hentry"],"_links":{"self":[{"href":"https:\/\/sites.ipleiria.pt\/precast\/wp-json\/wp\/v2\/pages\/147","targetHints":{"allow":["GET"]}}],"collection":[{"href":"https:\/\/sites.ipleiria.pt\/precast\/wp-json\/wp\/v2\/pages"}],"about":[{"href":"https:\/\/sites.ipleiria.pt\/precast\/wp-json\/wp\/v2\/types\/page"}],"author":[{"embeddable":true,"href":"https:\/\/sites.ipleiria.pt\/precast\/wp-json\/wp\/v2\/users\/2184"}],"replies":[{"embeddable":true,"href":"https:\/\/sites.ipleiria.pt\/precast\/wp-json\/wp\/v2\/comments?post=147"}],"version-history":[{"count":80,"href":"https:\/\/sites.ipleiria.pt\/precast\/wp-json\/wp\/v2\/pages\/147\/revisions"}],"predecessor-version":[{"id":329,"href":"https:\/\/sites.ipleiria.pt\/precast\/wp-json\/wp\/v2\/pages\/147\/revisions\/329"}],"wp:attachment":[{"href":"https:\/\/sites.ipleiria.pt\/precast\/wp-json\/wp\/v2\/media?parent=147"}],"curies":[{"name":"wp","href":"https:\/\/api.w.org\/{rel}","templated":true}]}}