{"id":505,"date":"2023-04-04T13:18:29","date_gmt":"2023-04-04T13:18:29","guid":{"rendered":"https:\/\/sites.ipleiria.pt\/procissaocaracois\/?page_id=505"},"modified":"2024-01-10T15:29:36","modified_gmt":"2024-01-10T15:29:36","slug":"apresentacao","status":"publish","type":"page","link":"https:\/\/sites.ipleiria.pt\/procissaocaracois\/","title":{"rendered":"Apresenta\u00e7\u00e3o"},"content":{"rendered":"\n<figure class=\"wp-block-image size-full\"><img loading=\"lazy\" decoding=\"async\" width=\"911\" height=\"118\" src=\"https:\/\/sites.ipleiria.pt\/procissaocaracois\/files\/2023\/04\/IMG-D.png\" alt=\"\" class=\"wp-image-722\" srcset=\"https:\/\/sites.ipleiria.pt\/procissaocaracois\/files\/2023\/04\/IMG-D.png 911w, https:\/\/sites.ipleiria.pt\/procissaocaracois\/files\/2023\/04\/IMG-D-300x39.png 300w, https:\/\/sites.ipleiria.pt\/procissaocaracois\/files\/2023\/04\/IMG-D-768x99.png 768w\" sizes=\"auto, (max-width: 911px) 100vw, 911px\" \/><\/figure>\n\n\n\n<p>Inseridas na Romaria a Nossa Senhora do Fetal, e constituindo o seu ponto alto, as prociss\u00f5es noturnas em honra da Nossa Senhora do Fetal, popularmente conhecidas como \u201cProciss\u00e3o dos Carac\u00f3is\u201d, realizam-se na Freguesia de Reguengo do Fetal, comunidade do concelho da Batalha, com cerca de 28 km2 de \u00e1rea e dois mil habitantes, distando a apenas 12 km do Santu\u00e1rio de F\u00e1tima. A freguesia situa-se nas faldas da Serra de Aire.<\/p>\n\n\n\n<p>A designa\u00e7\u00e3o de \u201cProciss\u00e3o dos Carac\u00f3is\u201d, adv\u00e9m do facto de serem iluminadas a partir de cascas de carac\u00f3is, dentro das quais \u00e9 mergulhado um pavio em azeite.<\/p>\n\n\n\n<p>Para al\u00e9m das duas prociss\u00f5es noturnas referidas, a festa integra ainda uma terceira, diurna.&nbsp;<\/p>\n\n\n\n<p>No decorrer das prociss\u00f5es noturnas, tanto os caminhos por elas percorridos como outros pontos destacados da aldeia, s\u00e3o iluminados com cascas de carac\u00f3is. Estas reproduzem imagens religiosas e originam frases simb\u00f3licas, que tornam a freguesia num caso particular de manifesta\u00e7\u00e3o de cultura popular, quer no contexto nacional quer a n\u00edvel&nbsp;&nbsp;internacional.<\/p>\n\n\n\n<p>A Junta de Freguesia do Reguengo do Fetal e a par\u00f3quia local, decidiram iniciar o processo conducente \u00e0 classifica\u00e7\u00e3o da \u201cProciss\u00e3o dos Carac\u00f3is\u201d, a Patrim\u00f3nio Cultural Imaterial Nacional (PCIN). Esta proposta \u00e9 suportada pela C\u00e2mara Municipal da Batalha atrav\u00e9s do Museu da Comunidade Concelhia da Batalha (MCCB), em parceira com a Escola Superior de Educa\u00e7\u00e3o e Ci\u00eancias Sociais do Instituto Polit\u00e9cnico de Leiria (ESECS-IPLeiria).&nbsp;<\/p>\n\n\n\n<p><em>\u201cOh Senhora do Fetal, que moras naquele monte, tu n\u00e3o te esque\u00e7as, protege sempre a minha pra\u00e7a da fonte, a minha pra\u00e7a da fonte \u00e9 uma pra\u00e7a com alegria, foi junto a uma palmeira que viveu sempre a Maria\u201d.&nbsp;<\/em><\/p>\n\n\n\n<p>Maria Carvalho<\/p>\n\n\n\n<p><strong>Reguengo do Fetal em 30\/09\/2022<\/strong><\/p>\n\n\n\n<hr class=\"wp-block-separator has-text-color has-white-color has-css-opacity has-white-background-color has-background\"\/>\n\n\n\n<hr class=\"wp-block-separator has-text-color has-white-color has-css-opacity has-white-background-color has-background\"\/>\n\n\n\n<figure class=\"wp-block-embed is-type-video is-provider-youtube wp-block-embed-youtube wp-embed-aspect-16-9 wp-has-aspect-ratio\"><div class=\"wp-block-embed__wrapper\">\n<iframe loading=\"lazy\" title=\"Vi\u0301deo Reguengo do Fetal Final\" width=\"1080\" height=\"608\" src=\"https:\/\/www.youtube.com\/embed\/nZvNk4PTdJs?feature=oembed\"  allow=\"accelerometer; autoplay; clipboard-write; encrypted-media; gyroscope; picture-in-picture; web-share\" allowfullscreen><\/iframe>\n<\/div><\/figure>\n\n\n\n<hr class=\"wp-block-separator has-text-color has-white-color has-css-opacity has-white-background-color has-background\"\/>\n\n\n\n<hr class=\"wp-block-separator has-text-color has-white-color has-css-opacity has-white-background-color has-background\"\/>\n","protected":false},"excerpt":{"rendered":"<p>Inseridas na Romaria a Nossa Senhora do Fetal, e constituindo o seu ponto alto, as prociss\u00f5es noturnas em honra da Nossa Senhora do Fetal, popularmente conhecidas como \u201cProciss\u00e3o dos Carac\u00f3is\u201d, realizam-se na Freguesia de Reguengo do Fetal, comunidade do concelho da Batalha, com cerca de 28 km2 de \u00e1rea e dois mil habitantes, distando a [&hellip;]<\/p>\n","protected":false},"author":102,"featured_media":0,"parent":0,"menu_order":0,"comment_status":"closed","ping_status":"closed","template":"","meta":{"_et_pb_use_builder":"","_et_pb_old_content":"","_et_gb_content_width":"","footnotes":""},"class_list":["post-505","page","type-page","status-publish","hentry"],"_links":{"self":[{"href":"https:\/\/sites.ipleiria.pt\/procissaocaracois\/wp-json\/wp\/v2\/pages\/505","targetHints":{"allow":["GET"]}}],"collection":[{"href":"https:\/\/sites.ipleiria.pt\/procissaocaracois\/wp-json\/wp\/v2\/pages"}],"about":[{"href":"https:\/\/sites.ipleiria.pt\/procissaocaracois\/wp-json\/wp\/v2\/types\/page"}],"author":[{"embeddable":true,"href":"https:\/\/sites.ipleiria.pt\/procissaocaracois\/wp-json\/wp\/v2\/users\/102"}],"replies":[{"embeddable":true,"href":"https:\/\/sites.ipleiria.pt\/procissaocaracois\/wp-json\/wp\/v2\/comments?post=505"}],"version-history":[{"count":5,"href":"https:\/\/sites.ipleiria.pt\/procissaocaracois\/wp-json\/wp\/v2\/pages\/505\/revisions"}],"predecessor-version":[{"id":741,"href":"https:\/\/sites.ipleiria.pt\/procissaocaracois\/wp-json\/wp\/v2\/pages\/505\/revisions\/741"}],"wp:attachment":[{"href":"https:\/\/sites.ipleiria.pt\/procissaocaracois\/wp-json\/wp\/v2\/media?parent=505"}],"curies":[{"name":"wp","href":"https:\/\/api.w.org\/{rel}","templated":true}]}}