{"id":654,"date":"2023-04-04T14:39:23","date_gmt":"2023-04-04T14:39:23","guid":{"rendered":"https:\/\/sites.ipleiria.pt\/procissaocaracois\/?page_id=654"},"modified":"2023-04-04T16:15:08","modified_gmt":"2023-04-04T16:15:08","slug":"participar","status":"publish","type":"page","link":"https:\/\/sites.ipleiria.pt\/procissaocaracois\/participar\/","title":{"rendered":"Participar"},"content":{"rendered":"\n<figure class=\"wp-block-image size-full\"><img loading=\"lazy\" decoding=\"async\" width=\"911\" height=\"118\" src=\"https:\/\/sites.ipleiria.pt\/procissaocaracois\/files\/2023\/04\/IMG-B.png\" alt=\"\" class=\"wp-image-713\" srcset=\"https:\/\/sites.ipleiria.pt\/procissaocaracois\/files\/2023\/04\/IMG-B.png 911w, https:\/\/sites.ipleiria.pt\/procissaocaracois\/files\/2023\/04\/IMG-B-300x39.png 300w, https:\/\/sites.ipleiria.pt\/procissaocaracois\/files\/2023\/04\/IMG-B-768x99.png 768w\" sizes=\"auto, (max-width: 911px) 100vw, 911px\" \/><\/figure>\n\n\n\n<p>\u201cVamos ajudar a classificar a Prociss\u00e3o dos Carac\u00f3is como patrim\u00f3nio cultural imaterial\u201d foi o mote da campanha lan\u00e7ada em 2022 para dar in\u00edcio ao processo de classifica\u00e7\u00e3o da secular celebra\u00e7\u00e3o das Festas de Nossa Senhora do Fetal, no Reguengo do Fetal, concelho da Batalha.<\/p>\n\n\n\n<p>A C\u00e2mara da Batalha e o Museu da Comunidade Concelhia est\u00e3o a apoiar a Junta de Freguesia e a Par\u00f3quia daquela localidade do concelho, numa a\u00e7\u00e3o que pretende envolver toda a comunidade.<\/p>\n\n\n\n<p>\u00c9 condi\u00e7\u00e3o fundamental para a classifica\u00e7\u00e3o a patrim\u00f3nio cultural imaterial que a tradi\u00e7\u00e3o\/manifesta\u00e7\u00e3o continue viva. E \u00e9 exatamente o que acontece no Reguengo do Fetal. A \u201cProciss\u00e3o dos Carac\u00f3is\u201d \u00e9 o evento com maior express\u00e3o, envolvendo fortemente todas as gera\u00e7\u00f5es, desde a prepara\u00e7\u00e3o das fontes de ilumina\u00e7\u00e3o &#8211; as cascas de caracol, passando pela decora\u00e7\u00e3o e pela pr\u00f3pria participa\u00e7\u00e3o no certame.&nbsp;&nbsp;<\/p>\n\n\n\n<p>O car\u00e1ter secular desta tradi\u00e7\u00e3o tem vindo a ser registado em diversos documentos como fotografias, v\u00eddeos, artigos de jornal, livros\u2026. Pretendemos reunir o maior n\u00famero de registos poss\u00edvel com a com a participa\u00e7\u00e3o de todos.<\/p>\n\n\n\n<p><strong>Para colaborar nesta iniciativa, basta remeter um email para&nbsp;<a href=\"mailto:procissaodoscaracois@gmail.com\">procissaodoscaracois@gmail.com<\/a>.<\/strong><\/p>\n\n\n\n<p><strong>Mais informa\u00e7\u00f5es poder\u00e3o ser obtidas no MCCB &#8211; Museu da Comunidade Concelhia da Batalha e na Junta de Freguesia do Reguengo do Fetal.&nbsp;<\/strong><\/p>\n\n\n\n<p>Contactos:&nbsp; <br>Tel. 244 769878 <br>Email&nbsp;<a href=\"mailto:geral@museubatalha.com\">geral@museubatalha.com<\/a><br>Tel. 244 705&nbsp;113 <br>Email&nbsp;<a href=\"mailto:junta.reguengodofetal@sapo.pt\">junta.reguengodofetal@sapo.pt<\/a>.<\/p>\n","protected":false},"excerpt":{"rendered":"<p>\u201cVamos ajudar a classificar a Prociss\u00e3o dos Carac\u00f3is como patrim\u00f3nio cultural imaterial\u201d foi o mote da campanha lan\u00e7ada em 2022 para dar in\u00edcio ao processo de classifica\u00e7\u00e3o da secular celebra\u00e7\u00e3o das Festas de Nossa Senhora do Fetal, no Reguengo do Fetal, concelho da Batalha. A C\u00e2mara da Batalha e o Museu da Comunidade Concelhia est\u00e3o [&hellip;]<\/p>\n","protected":false},"author":102,"featured_media":0,"parent":0,"menu_order":0,"comment_status":"closed","ping_status":"closed","template":"","meta":{"_et_pb_use_builder":"","_et_pb_old_content":"","_et_gb_content_width":"","footnotes":""},"class_list":["post-654","page","type-page","status-publish","hentry"],"_links":{"self":[{"href":"https:\/\/sites.ipleiria.pt\/procissaocaracois\/wp-json\/wp\/v2\/pages\/654","targetHints":{"allow":["GET"]}}],"collection":[{"href":"https:\/\/sites.ipleiria.pt\/procissaocaracois\/wp-json\/wp\/v2\/pages"}],"about":[{"href":"https:\/\/sites.ipleiria.pt\/procissaocaracois\/wp-json\/wp\/v2\/types\/page"}],"author":[{"embeddable":true,"href":"https:\/\/sites.ipleiria.pt\/procissaocaracois\/wp-json\/wp\/v2\/users\/102"}],"replies":[{"embeddable":true,"href":"https:\/\/sites.ipleiria.pt\/procissaocaracois\/wp-json\/wp\/v2\/comments?post=654"}],"version-history":[{"count":4,"href":"https:\/\/sites.ipleiria.pt\/procissaocaracois\/wp-json\/wp\/v2\/pages\/654\/revisions"}],"predecessor-version":[{"id":714,"href":"https:\/\/sites.ipleiria.pt\/procissaocaracois\/wp-json\/wp\/v2\/pages\/654\/revisions\/714"}],"wp:attachment":[{"href":"https:\/\/sites.ipleiria.pt\/procissaocaracois\/wp-json\/wp\/v2\/media?parent=654"}],"curies":[{"name":"wp","href":"https:\/\/api.w.org\/{rel}","templated":true}]}}