{"id":13,"date":"2010-09-15T14:08:31","date_gmt":"2010-09-15T14:08:31","guid":{"rendered":"http:\/\/web.esecs.ipleiria.pt\/projectoeducacao\/"},"modified":"2013-07-11T11:17:40","modified_gmt":"2013-07-11T11:17:40","slug":"equipa-de-investigacao","status":"publish","type":"page","link":"https:\/\/sites.ipleiria.pt\/projetoeducacao\/equipa-de-investigacao\/","title":{"rendered":"Equipa"},"content":{"rendered":"<div>\n<p style=\"text-align: justify\"><a href=\"http:\/\/www.degois.pt\/visualizador\/curriculum.jsp?key=0645191134278483\">\u00a0<strong>Maria Ant\u00f3nia Barreto<\/strong><\/a><\/p>\n<p style=\"text-align: justify\">Professora-coordenadora na Escola Superior de Educa\u00e7\u00e3o e Ci\u00eancias Sociais do Instituto Polit\u00e9cnico de Leiria e investigadora do Centro de Estudos Africanos do ISCTE-Instituto Universit\u00e1rio de Lisboa. Atualmente coordena diversos projetos, sendo de destacar\u00a0 <em>O papel das Organiza\u00e7\u00f5es da Sociedade Civil na Educa\u00e7\u00e3o e Forma\u00e7\u00e3o: o caso de Angola, Guin\u00e9-Bissau, Mo\u00e7ambique e S\u00e3o Tom\u00e9 e Pr\u00edncipe<\/em>. Teve participa\u00e7\u00e3o anterior em projetos de investiga\u00e7\u00e3o relevantes sobre sistemas educativos dos pa\u00edses em desenvolvimento.<\/p>\n<div id=\"attachment_341\" style=\"width: 152px\" class=\"wp-caption aligncenter\"><a href=\"http:\/\/sites.ipleiria.pt\/projetoeducacao\/files\/2010\/09\/Sem-T\u00edtulo1.png\"><img loading=\"lazy\" decoding=\"async\" aria-describedby=\"caption-attachment-341\" class=\"size-full wp-image-341 \" alt=\"Professora Ant\u00f3nia Barreto\" src=\"http:\/\/sites.ipleiria.pt\/projetoeducacao\/files\/2010\/09\/Sem-T\u00edtulo1.png\" width=\"142\" height=\"159\" \/><\/a><p id=\"caption-attachment-341\" class=\"wp-caption-text\">Maria Ant\u00f3nia Barreto<\/p><\/div>\n<p style=\"text-align: justify\"><strong><br \/>\n<\/strong><\/p>\n<p style=\"text-align: justify\"><strong>Saico Djibril Bald\u00e9<\/strong><\/p>\n<p style=\"text-align: justify\">Mestre em Desenvolvimento Social e Econ\u00f3mico em \u00c1frica: An\u00e1lise e Gest\u00e3o (2008) pelo ISCTE-IUL. P\u00f3s-graduado em Urban Management and Planning (1999) no Institute for Housing and Urban Development Studies em Rotterdam \u2013 Holanda. Licenciado em Geografia e Planeamento Regional (1996) pela FCSH da\u00a0Universidade Nova de Lisboa. Colaborador do ISESCO \u2013 The Islamic Educational, Scientific and Cultural Organization, junto da Comiss\u00e3o Nacional para UNESCO \u2013 Guin\u00e9-Bissau desde 2000. Investigador associado do Instituto Nacional de Estudos e Pesquisas\/Guin\u00e9-Bissau desde 2004. Atualmente \u00e9\u00a0bolseiro da FCT no doutoramento em Estudos Africanos e integra dois Projetos de Investiga\u00e7\u00e3o do Centro de Estudos Africanos.<\/p>\n<\/div>\n<p>&nbsp;<\/p>\n<div id=\"attachment_332\" style=\"width: 144px\" class=\"wp-caption aligncenter\"><a href=\"http:\/\/sites.ipleiria.pt\/projetoeducacao\/files\/2010\/09\/Saico-21.jpg\"><img loading=\"lazy\" decoding=\"async\" aria-describedby=\"caption-attachment-332\" class=\" wp-image-332\" alt=\"\" src=\"http:\/\/sites.ipleiria.pt\/projetoeducacao\/files\/2010\/09\/Saico-21-150x150.jpg\" width=\"134\" height=\"131\" \/><\/a><p id=\"caption-attachment-332\" class=\"wp-caption-text\">Saico Bald\u00e9<\/p><\/div>\n<p style=\"text-align: justify\"><strong>Eduardo Costa Dias<\/strong><\/p>\n<p style=\"text-align: justify\">Doutor em Antropologia Social, professor do Departamento de Ci\u00eancia Pol\u00edtica\u00a0 e Pol\u00edticas P\u00fablicas, investigador do Centro de Estudos Africanos e diretor do Doutoramento em Estudos Africanos do ISCTE-IUL. Tem, no contexto africano,\u00a0 desenvolvido trabalhos sobre o Estado, as rela\u00e7\u00f5es entre os dignit\u00e1rios mu\u00e7ulmanos e o Estado, as formas de transmiss\u00e3o do saber mu\u00e7ulmano e, mais recentemente,\u00a0 a natureza das For\u00e7as Armadas e a \u201cgeopol\u00edtica\u201d dos tr\u00e1ficos e rebeli\u00f5es na regi\u00e3o do Saara &#8211; Sahel e do Noroeste africano.<\/p>\n<p>&nbsp;<\/p>\n<p>&nbsp;<\/p>\n<div id=\"attachment_333\" style=\"width: 123px\" class=\"wp-caption aligncenter\"><a href=\"http:\/\/sites.ipleiria.pt\/projetoeducacao\/files\/2010\/09\/eduardocostadias-copie-2.jpg\"><img loading=\"lazy\" decoding=\"async\" aria-describedby=\"caption-attachment-333\" class=\"size-full wp-image-333\" alt=\"Foto de Eduardo Costa Dias\" src=\"http:\/\/sites.ipleiria.pt\/projetoeducacao\/files\/2010\/09\/eduardocostadias-copie-2.jpg\" width=\"113\" height=\"125\" \/><\/a><p id=\"caption-attachment-333\" class=\"wp-caption-text\">Eduardo Costa Dias<\/p><\/div>\n<p>&nbsp;<\/p>\n<p><strong>Maria Jo\u00e3o Cardona<\/strong><\/p>\n<p style=\"text-align: justify\">Professora Coordenadora da Escola Superior de Educa\u00e7\u00e3o do Instituto Polit\u00e9cnico de Santar\u00e9m, doutorada em Ci\u00eancias da Educa\u00e7\u00e3o, elemento do Conselho Cientifico-Pedag\u00f3gico da Forma\u00e7\u00e3o Continua do Minist\u00e9rio da Educa\u00e7\u00e3o, elemento do CIEC\/Universidade do Minho. Consultora pelo Banco Mundial e Funda\u00e7\u00e3o C. Gulbenkian em Cabo Verde, S\u00e3o Tom\u00e9 e Pr\u00edncipe, Mo\u00e7ambique e Guin\u00e9. Destaque para a coordena\u00e7\u00e3o da equipa de consultores da ESE de Santarem que colaborou no projeto de reforma e constru\u00e7\u00e3o de manuais para o ensino b\u00e1sico na Republica Democr\u00e1tica de S\u00e3o Tom\u00e9 e Pr\u00edncipe entre 2004 e 2010, apoiado pela Funda\u00e7\u00e3o C. Gulbenkian e Banco Mundial. V\u00e1rios trabalhos e publica\u00e7\u00f5es nacionais e internacionais na \u00e1rea da educa\u00e7\u00e3o\u00a0 e forma\u00e7\u00e3o de educadores de inf\u00e2ncia e forma\u00e7\u00e3o de professores.<\/p>\n<p>&nbsp;<\/p>\n<div id=\"attachment_334\" style=\"width: 160px\" class=\"wp-caption aligncenter\"><a href=\"http:\/\/sites.ipleiria.pt\/projetoeducacao\/files\/2010\/09\/mjo\u00e3o-cardona.jpg\"><img loading=\"lazy\" decoding=\"async\" aria-describedby=\"caption-attachment-334\" class=\"size-thumbnail wp-image-334\" alt=\"\" src=\"http:\/\/sites.ipleiria.pt\/projetoeducacao\/files\/2010\/09\/mjo\u00e3o-cardona-150x150.jpg\" width=\"150\" height=\"150\" \/><\/a><p id=\"caption-attachment-334\" class=\"wp-caption-text\">Maria Jo\u00e3o Cardona<\/p><\/div>\n<p>&nbsp;<\/p>\n<p style=\"text-align: justify\"><strong>Ana Paula Pinto<\/strong><\/p>\n<p style=\"text-align: justify\">Professora do Ensino Secund\u00e1rio aqui (Potugal) e al\u00e9m-mar (Guin\u00e9-Bissau e Mo\u00e7ambique), nasceu em 1964, em Mo\u00e7ambique. Licenciada em Economia, Mestre em Espa\u00e7o Lus\u00f3fono: Lusofonia e Rela\u00e7\u00f5es Internacionais pela Universidade Lus\u00f3fona e Diploma de Estudos Avan\u00e7ados, 3\u00ba Ciclo, do curso de <em>Doutoramento em Estudos Africanos<\/em> no ISCTE-IUL. Investigadora em diversos projetos nas \u00e1reas de educa\u00e7\u00e3o e forma\u00e7\u00e3o, sendo atualmente bolseira do Centro de Estudos Africanos do ISCTE-IUL<\/p>\n<p>&nbsp;<\/p>\n<div id=\"attachment_336\" style=\"width: 154px\" class=\"wp-caption aligncenter\"><a href=\"http:\/\/sites.ipleiria.pt\/projetoeducacao\/files\/2010\/09\/Ana-Pinto.jpg\"><img loading=\"lazy\" decoding=\"async\" aria-describedby=\"caption-attachment-336\" class=\" wp-image-336\" style=\"width: 124px;height: 128px\" alt=\"\" src=\"http:\/\/sites.ipleiria.pt\/projetoeducacao\/files\/2010\/09\/Ana-Pinto-145x150.jpg\" width=\"144\" height=\"130\" \/><\/a><p id=\"caption-attachment-336\" class=\"wp-caption-text\">Ana Paula Pinto<\/p><\/div>\n<p>&nbsp;<\/p>\n<p>&nbsp;<\/p>\n<p style=\"text-align: justify\"><strong>Ant\u00f3nio Jos\u00e9 Oliveira Martelo<\/strong><\/p>\n<p style=\"text-align: justify\">Mestre, Diplomado em Estudos Avan\u00e7ados e\u00a0Doutorando do 3\u00ba Ciclo do Curso de Doutoramento em Estudos Africanos no\u00a0ISCTE-IUL. Licenciado em Hist\u00f3ria (via ensino) pela U.E.\u00a0Professor do 3\u00ba Ciclo e Ensino Secund\u00e1rio. Orientador de Est\u00e1gios Pedag\u00f3gicos. Professor Cooperante em S\u00e3o Tom\u00e9 e Pr\u00edncipe. Na \u00e1rea de\u00a0Estudos Africanos, estuda tem\u00e1ticas relacionadas com o Desenvolvimento econ\u00f3mico e social em \u00c1frica; Coopera\u00e7\u00e3o, Educa\u00e7\u00e3o e Forma\u00e7\u00e3o de Recursos Humanos, Ambiente e Desenvolvimento Local.<\/p>\n<div id=\"attachment_337\" style=\"width: 138px\" class=\"wp-caption aligncenter\"><a href=\"http:\/\/sites.ipleiria.pt\/projetoeducacao\/files\/2010\/09\/Video-call-snapshot-2.png\"><img loading=\"lazy\" decoding=\"async\" aria-describedby=\"caption-attachment-337\" class=\" wp-image-337\" style=\"width: 128px;height: 131px\" alt=\"\" src=\"http:\/\/sites.ipleiria.pt\/projetoeducacao\/files\/2010\/09\/Video-call-snapshot-2-150x150.png\" width=\"128\" height=\"148\" \/><\/a><p id=\"caption-attachment-337\" class=\"wp-caption-text\">Ant\u00f3nio Martelo<\/p><\/div>\n<p>&nbsp;<\/p>\n<p>&nbsp;<\/p>\n<div>\n<p style=\"text-align: justify\"><strong>Catarina de Oliveira Lopes<\/strong><\/p>\n<p style=\"text-align: justify\">Coordenadora do Departamento de Coopera\u00e7\u00e3o da ONG FEC, que tem projetos, sobretudo em Angola, Guin\u00e9-Bissau e Mo\u00e7ambique. A sua tese de Mestrado em Desenvolvimento pelo ISCTE (2008) tem como tema a \u00abParticipa\u00e7\u00e3o das popula\u00e7\u00f5es locais no desenvolvimento da educa\u00e7\u00e3o \u2013 Caso de estudo: escolas comunit\u00e1rias da regi\u00e3o de Bafat\u00e1. Guin\u00e9-Bissau 2004 \u2013 2006\u00bb. \u00c9 autora do livro <em>Recortes da Hist\u00f3ria da Guin\u00e9-Bissau. 1900 \u2013 2005<\/em> (FEC 2010), que conta com pref\u00e1cio do jornalista do Expresso Jos\u00e9 Pedro Castanheira e do editor e do escritor guineense Abdulai Sil\u00e1. Desde 2001 que integra projetos e programas de desenvolvimento em pa\u00edses do Sul com fortes experi\u00eancias comunit\u00e1rias, em particular Angola e Guin\u00e9-Bissau, em zonas rurais e isoladas.<\/p>\n<\/div>\n<div id=\"attachment_340\" style=\"width: 109px\" class=\"wp-caption aligncenter\"><a href=\"http:\/\/sites.ipleiria.pt\/projetoeducacao\/files\/2010\/09\/j.png\"><img loading=\"lazy\" decoding=\"async\" aria-describedby=\"caption-attachment-340\" class=\"size-full wp-image-340\" alt=\"Catarina Lopes\" src=\"http:\/\/sites.ipleiria.pt\/projetoeducacao\/files\/2010\/09\/j.png\" width=\"99\" height=\"130\" \/><\/a><p id=\"caption-attachment-340\" class=\"wp-caption-text\">Catarina Lopes<\/p><\/div>\n<div><\/div>\n<div>\n<p style=\"text-align: justify\"><strong>Louren\u00e7o Joaquim da Costa Ros\u00e1rio<\/strong><\/p>\n<p style=\"text-align: justify\">Reitor da Universidade Polit\u00e9cnica e\u00a0Presidente do Mecanismo Africano de Revis\u00e3o de Pares- MARP e Presidente do Fundo Bibliogr\u00e1fico da L\u00edngua Portuguesa-FBLP, \u00e9 Professor Convidado de diversas Universidades da Europa, \u00c1frica e Am\u00e9ricas, principalmente o Brasil. \u00c9 ainda Professor Titular da Universidade Eduardo Mondlane (UEM) e Professor Associado da Universidade Nova de Lisboa.\u00a0Licenciado\u00a0em Filologia Rom\u00e2nica e Doutorado em Letras e\u00a0Literatura Africana de L\u00edngua Portuguesa na Faculdade de Letras da Universidade de Coimbra.<\/p>\n<p style=\"text-align: justify\">\n<\/div>\n<div>\n<div id=\"attachment_351\" style=\"width: 154px\" class=\"wp-caption aligncenter\"><a href=\"http:\/\/sites.ipleiria.pt\/projetoeducacao\/files\/2010\/09\/reitor_006.jpg\"><img loading=\"lazy\" decoding=\"async\" aria-describedby=\"caption-attachment-351\" class=\"size-medium wp-image-351\" alt=\"tererr\" src=\"http:\/\/sites.ipleiria.pt\/projetoeducacao\/files\/2010\/09\/reitor_006-258x300.jpg\" width=\"144\" height=\"168\" srcset=\"https:\/\/sites.ipleiria.pt\/projetoeducacao\/files\/2010\/09\/reitor_006-258x300.jpg 258w, https:\/\/sites.ipleiria.pt\/projetoeducacao\/files\/2010\/09\/reitor_006-881x1024.jpg 881w, https:\/\/sites.ipleiria.pt\/projetoeducacao\/files\/2010\/09\/reitor_006.jpg 919w\" sizes=\"auto, (max-width: 144px) 100vw, 144px\" \/><\/a><p id=\"caption-attachment-351\" class=\"wp-caption-text\">Louren\u00e7o do Ros\u00e1rio<\/p><\/div>\n<\/div>\n<div><\/div>\n<div><\/div>\n<div><\/div>\n<div><\/div>\n<div>\n<p><strong>Maria Jo\u00e3o Bessa Pinto<\/strong><\/p>\n<div>\n<p style=\"text-align: justify\">Licenciada em Rela\u00e7\u00f5es Internacionais, Mestre em Estudos Africanos, com trabalho de investiga\u00e7\u00e3o essencialmente focado em Mo\u00e7ambique. Doutoranda em Estudos Africanos tem como \u00e1reas de interesse: Isl\u00e3o em Mo\u00e7ambique, Educa\u00e7\u00e3o, Autoridades Tradicionais e Rela\u00e7\u00f5es Internacionais. Membro e investigadora do CEA\/ISCTE-IUL. Experi\u00eancia profissional desenvolvida em institui\u00e7\u00f5es internacionais em projetos de coopera\u00e7\u00e3o principalmente na \u00e1rea da Educa\u00e7\u00e3o, Ci\u00eancia e Tecnologia e Cultura.<\/p>\n<p style=\"text-align: justify\">\n<\/div>\n<div>\n<div id=\"attachment_520\" style=\"width: 132px\" class=\"wp-caption aligncenter\"><a href=\"http:\/\/sites.ipleiria.pt\/projetoeducacao\/files\/2010\/09\/MJP.png\"><img loading=\"lazy\" decoding=\"async\" aria-describedby=\"caption-attachment-520\" class=\"size-full wp-image-520\" alt=\"Maria Jo\u00e3o Bessa Pinto\" src=\"http:\/\/sites.ipleiria.pt\/projetoeducacao\/files\/2010\/09\/MJP.png\" width=\"122\" height=\"153\" \/><\/a><p id=\"caption-attachment-520\" class=\"wp-caption-text\">Maria Jo\u00e3o Bessa Pinto<\/p><\/div>\n<\/div>\n<div><\/div>\n<div><\/div>\n<p><strong>Gefra Gustavo Fulane<\/strong><\/p>\n<div>\n<p style=\"text-align: justify\">Gefra Gustavo Fulane \u00e9 mestre pelo ISCTE-IUL (Portugal) e licenciada em Antropologia pela Universidade Eduardo Mondlane (Mo\u00e7ambique). No seu percurso, trabalhou como assistente de investiga\u00e7\u00e3o em ONG nas \u00e1reas de sociedade civil, forma\u00e7\u00e3o, seguran\u00e7a alimentar e sa\u00fade. Integrou uma equipa de investiga\u00e7\u00e3o de n\u00edvel internacional no marco do projeto COBASY\u2019s, implementado em Mo\u00e7ambique pela Universidade Eduardo Mondlane e no ISCTE-IUL. Para al\u00e9m de colaborar com os Servi\u00e7os de Informa\u00e7\u00e3o e Documenta\u00e7\u00e3o, foi investigadora de um projeto do Centro de Estudos Africanos.<\/p>\n<div id=\"attachment_521\" style=\"width: 160px\" class=\"wp-caption aligncenter\"><a href=\"http:\/\/sites.ipleiria.pt\/projetoeducacao\/files\/2010\/09\/IMG_20130313_194938.jpg\"><img loading=\"lazy\" decoding=\"async\" aria-describedby=\"caption-attachment-521\" class=\"size-medium wp-image-521\" alt=\"Gefra Gustavo Fulane\" src=\"http:\/\/sites.ipleiria.pt\/projetoeducacao\/files\/2010\/09\/IMG_20130313_194938-225x300.jpg\" width=\"150\" height=\"212\" \/><\/a><p id=\"caption-attachment-521\" class=\"wp-caption-text\">Gefra Gustavo Fulane<\/p><\/div>\n<\/div>\n<div><\/div>\n<div><\/div>\n<div><\/div>\n<div><\/div>\n<div><\/div>\n<div><\/div>\n<div><\/div>\n<div><\/div>\n<div><\/div>\n<div><\/div>\n<div><\/div>\n<div><\/div>\n<div><\/div>\n<div><\/div>\n<div><\/div>\n<div><\/div>\n<div><\/div>\n<\/div>\n","protected":false},"excerpt":{"rendered":"<p>\u00a0Maria Ant\u00f3nia Barreto Professora-coordenadora na Escola Superior de Educa\u00e7\u00e3o e Ci\u00eancias Sociais do Instituto Polit\u00e9cnico de Leiria e investigadora do Centro de Estudos Africanos do ISCTE-Instituto Universit\u00e1rio de Lisboa. Atualmente coordena diversos projetos, sendo de destacar\u00a0 O papel das Organiza\u00e7\u00f5es &hellip; <a href=\"https:\/\/sites.ipleiria.pt\/projetoeducacao\/equipa-de-investigacao\/\">Continuar a ler <span class=\"meta-nav\">&rarr;<\/span><\/a><\/p>\n","protected":false},"author":833,"featured_media":0,"parent":0,"menu_order":2,"comment_status":"closed","ping_status":"closed","template":"sidebar-page.php","meta":{"footnotes":""},"class_list":["post-13","page","type-page","status-publish","hentry"],"_links":{"self":[{"href":"https:\/\/sites.ipleiria.pt\/projetoeducacao\/wp-json\/wp\/v2\/pages\/13","targetHints":{"allow":["GET"]}}],"collection":[{"href":"https:\/\/sites.ipleiria.pt\/projetoeducacao\/wp-json\/wp\/v2\/pages"}],"about":[{"href":"https:\/\/sites.ipleiria.pt\/projetoeducacao\/wp-json\/wp\/v2\/types\/page"}],"author":[{"embeddable":true,"href":"https:\/\/sites.ipleiria.pt\/projetoeducacao\/wp-json\/wp\/v2\/users\/833"}],"replies":[{"embeddable":true,"href":"https:\/\/sites.ipleiria.pt\/projetoeducacao\/wp-json\/wp\/v2\/comments?post=13"}],"version-history":[{"count":36,"href":"https:\/\/sites.ipleiria.pt\/projetoeducacao\/wp-json\/wp\/v2\/pages\/13\/revisions"}],"predecessor-version":[{"id":329,"href":"https:\/\/sites.ipleiria.pt\/projetoeducacao\/wp-json\/wp\/v2\/pages\/13\/revisions\/329"}],"wp:attachment":[{"href":"https:\/\/sites.ipleiria.pt\/projetoeducacao\/wp-json\/wp\/v2\/media?parent=13"}],"curies":[{"name":"wp","href":"https:\/\/api.w.org\/{rel}","templated":true}]}}