{"id":22,"date":"2010-09-15T14:22:13","date_gmt":"2010-09-15T14:22:13","guid":{"rendered":"http:\/\/web.esecs.ipleiria.pt\/projectoeducacao\/"},"modified":"2013-07-09T15:37:41","modified_gmt":"2013-07-09T15:37:41","slug":"galeria-multimedia","status":"publish","type":"page","link":"https:\/\/sites.ipleiria.pt\/projetoeducacao\/galeria-multimedia\/","title":{"rendered":"Galeria"},"content":{"rendered":"<p><iframe loading=\"lazy\" align=\"center\" src=\"http:\/\/www.flickr.com\/slideShow\/index.gne?group_id=&#038;user_id=98625913@N03&#038;set_id=72157634566272910&#038;tags=organiza\u00e7\u00f5es,desenvolvimentosocial,\u00c1frica\" frameBorder=\"0\" width=\"500\" height=\"500\" scrolling=\"no\"><\/iframe><br \/>\n<strong>Galeria de fotos: <a href=\"http:\/\/www.flickr.com\/photos\/98625913@N03\/\">Clique aqui para ver mais fotos<\/a><\/strong><\/p>\n","protected":false},"excerpt":{"rendered":"<p>Galeria de fotos: Clique aqui para ver mais fotos<\/p>\n","protected":false},"author":833,"featured_media":0,"parent":0,"menu_order":6,"comment_status":"closed","ping_status":"closed","template":"sidebar-page.php","meta":{"footnotes":""},"class_list":["post-22","page","type-page","status-publish","hentry"],"_links":{"self":[{"href":"https:\/\/sites.ipleiria.pt\/projetoeducacao\/wp-json\/wp\/v2\/pages\/22","targetHints":{"allow":["GET"]}}],"collection":[{"href":"https:\/\/sites.ipleiria.pt\/projetoeducacao\/wp-json\/wp\/v2\/pages"}],"about":[{"href":"https:\/\/sites.ipleiria.pt\/projetoeducacao\/wp-json\/wp\/v2\/types\/page"}],"author":[{"embeddable":true,"href":"https:\/\/sites.ipleiria.pt\/projetoeducacao\/wp-json\/wp\/v2\/users\/833"}],"replies":[{"embeddable":true,"href":"https:\/\/sites.ipleiria.pt\/projetoeducacao\/wp-json\/wp\/v2\/comments?post=22"}],"version-history":[{"count":18,"href":"https:\/\/sites.ipleiria.pt\/projetoeducacao\/wp-json\/wp\/v2\/pages\/22\/revisions"}],"predecessor-version":[{"id":265,"href":"https:\/\/sites.ipleiria.pt\/projetoeducacao\/wp-json\/wp\/v2\/pages\/22\/revisions\/265"}],"wp:attachment":[{"href":"https:\/\/sites.ipleiria.pt\/projetoeducacao\/wp-json\/wp\/v2\/media?parent=22"}],"curies":[{"name":"wp","href":"https:\/\/api.w.org\/{rel}","templated":true}]}}