{"id":24,"date":"2010-09-15T14:23:02","date_gmt":"2010-09-15T14:23:02","guid":{"rendered":"http:\/\/web.esecs.ipleiria.pt\/projectoeducacao\/"},"modified":"2013-04-30T17:02:29","modified_gmt":"2013-04-30T17:02:29","slug":"contactos","status":"publish","type":"page","link":"https:\/\/sites.ipleiria.pt\/projetoeducacao\/contactos\/","title":{"rendered":"Contactos"},"content":{"rendered":"<p>Centro de Estudos Africanos\/ISCTE-IUL<\/p>\n<p>Sala 2w06<\/p>\n<p>Av. das For\u00e7as Armadas<\/p>\n<p>1649-026 Lisboa<\/p>\n<p>Tel.: +351 21 046 40 29 &#8211; 292900<\/p>\n<p>Fax.: +351 21 796 47 10<\/p>\n<p>Email: cea@iscte.pt ou gefra_gustavo_fulane@iscte.pt<\/p>\n<p>&nbsp;<\/p>\n<p>Link para localiza\u00e7\u00e3o geogr\u00e1fica\u00a0 <a title=\"Mapa iscte\" href=\"http:\/\/maps.google.pt\/maps?hl=pt-BR&amp;q=iscte+lisboa&amp;ix=sea&amp;bav=on.2,or.r_gc.r_pw.r_qf.,cf.osb&amp;biw=1024&amp;bih=667&amp;um=1&amp;ie=UTF-8&amp;sa=N&amp;tab=wl\" target=\"_blank\"><img loading=\"lazy\" decoding=\"async\" class=\"aligncenter size-thumbnail wp-image-151\" alt=\"\" src=\"http:\/\/sites.ipleiria.pt\/projetoeducacao\/files\/2010\/09\/Google-Maps-Logo2-e1336667032331-150x52.jpg\" width=\"150\" height=\"52\" \/><\/a><a href=\"http:\/\/sites.ipleiria.pt\/projetoeducacao\/files\/2010\/09\/Google-Maps-Logo.jpg\"><br \/>\n<\/a><\/p>\n","protected":false},"excerpt":{"rendered":"<p>Centro de Estudos Africanos\/ISCTE-IUL Sala 2w06 Av. das For\u00e7as Armadas 1649-026 Lisboa Tel.: +351 21 046 40 29 &#8211; 292900 Fax.: +351 21 796 47 10 Email: cea@iscte.pt ou gefra_gustavo_fulane@iscte.pt &nbsp; Link para localiza\u00e7\u00e3o geogr\u00e1fica\u00a0<\/p>\n","protected":false},"author":833,"featured_media":0,"parent":0,"menu_order":7,"comment_status":"closed","ping_status":"closed","template":"sidebar-page.php","meta":{"footnotes":""},"class_list":["post-24","page","type-page","status-publish","hentry"],"_links":{"self":[{"href":"https:\/\/sites.ipleiria.pt\/projetoeducacao\/wp-json\/wp\/v2\/pages\/24","targetHints":{"allow":["GET"]}}],"collection":[{"href":"https:\/\/sites.ipleiria.pt\/projetoeducacao\/wp-json\/wp\/v2\/pages"}],"about":[{"href":"https:\/\/sites.ipleiria.pt\/projetoeducacao\/wp-json\/wp\/v2\/types\/page"}],"author":[{"embeddable":true,"href":"https:\/\/sites.ipleiria.pt\/projetoeducacao\/wp-json\/wp\/v2\/users\/833"}],"replies":[{"embeddable":true,"href":"https:\/\/sites.ipleiria.pt\/projetoeducacao\/wp-json\/wp\/v2\/comments?post=24"}],"version-history":[{"count":10,"href":"https:\/\/sites.ipleiria.pt\/projetoeducacao\/wp-json\/wp\/v2\/pages\/24\/revisions"}],"predecessor-version":[{"id":148,"href":"https:\/\/sites.ipleiria.pt\/projetoeducacao\/wp-json\/wp\/v2\/pages\/24\/revisions\/148"}],"wp:attachment":[{"href":"https:\/\/sites.ipleiria.pt\/projetoeducacao\/wp-json\/wp\/v2\/media?parent=24"}],"curies":[{"name":"wp","href":"https:\/\/api.w.org\/{rel}","templated":true}]}}