{"id":380,"date":"2013-01-23T14:45:23","date_gmt":"2013-01-23T14:45:23","guid":{"rendered":"http:\/\/sites.ipleiria.pt\/projetoeducacao\/?page_id=380"},"modified":"2013-07-03T21:22:01","modified_gmt":"2013-07-03T21:22:01","slug":"missoes","status":"publish","type":"page","link":"https:\/\/sites.ipleiria.pt\/projetoeducacao\/missoes\/","title":{"rendered":"Miss\u00f5es"},"content":{"rendered":"<p><strong><span style=\"color: #800000\">ANGOLA\/RELAT\u00d3RIOS<\/span><\/strong><\/p>\n<p><a href=\"http:\/\/sites.ipleiria.pt\/projetoeducacao\/files\/2013\/01\/AG-Catarina-Lopes-1.pdf\">Relat\u00f3rio AG Catarina Lopes<\/a>\u00a0\/2010<\/p>\n<p><a href=\"http:\/\/sites.ipleiria.pt\/projetoeducacao\/files\/2013\/01\/Relat\u00f3rio-AG-Catarina-Lopes-2011.pdf\">Relat\u00f3rio AG Catarina Lopes 2011<\/a>\/2011<\/p>\n<p>&nbsp;<\/p>\n<p><span style=\"color: #800000\"><strong>GUIN\u00c9-BISSAU\/RELAT\u00d3RIOS<\/strong><\/span><\/p>\n<p><a href=\"http:\/\/sites.ipleiria.pt\/projetoeducacao\/files\/2013\/01\/GB-Catarina-Lopes-13.pdf\">Relat\u00f3rio GB Catarina Lopes <\/a>\/2010<\/p>\n<p><a href=\"http:\/\/sites.ipleiria.pt\/projetoeducacao\/files\/2013\/01\/GB-Saico-Balde-11.pdf\">Relat\u00f3rio GB Saico Balde<\/a>\u00a0\/2010<\/p>\n<p>&nbsp;<\/p>\n<p><strong><span style=\"color: #800000\">MO\u00c7AMBIQUE\/RELAT\u00d3RIOS<\/span><\/strong><\/p>\n<p><a href=\"http:\/\/sites.ipleiria.pt\/projetoeducacao\/files\/2013\/01\/MB-M\u00aa-Jo\u00e3o-Pinto-1.pdf\">Relat\u00f3rio MB M\u00aa Jo\u00e3o Pinto<\/a>\u00a0\/2010<\/p>\n<p><a href=\"http:\/\/sites.ipleiria.pt\/projetoeducacao\/files\/2013\/01\/Relat\u00f3rio-MB-Ana-Paula-Pinto.pdf\">Relat\u00f3rio MB Ana Paula Pinto<\/a>\u00a0\/2011<\/p>\n<p><a href=\"http:\/\/sites.ipleiria.pt\/projetoeducacao\/files\/2013\/01\/Relat\u00f3rio-MB-M\u00aa-Jo\u00e3o-Pinto.pdf\">Relat\u00f3rio MB M\u00aa Jo\u00e3o Pinto<\/a>\u00a0\/2011<\/p>\n<p>&nbsp;<\/p>\n<p><strong><span style=\"color: #800000\">S\u00c3O TOM\u00c9 E PR\u00cdNCIPE\/RELAT\u00d3RIOS<\/span><\/strong><\/p>\n<p><a href=\"http:\/\/sites.ipleiria.pt\/projetoeducacao\/files\/2013\/01\/STP-Ant\u00f3nio-Jos\u00e9-Oliveira-Martelo-1.pdf\">Relat\u00f3rio STP Ant\u00f3nio Jos\u00e9 Oliveira Martelo<\/a>\u00a0\/2010<\/p>\n<p><a href=\"http:\/\/sites.ipleiria.pt\/projetoeducacao\/files\/2013\/01\/Relat\u00f3rio-STP-M\u00aa-Ant\u00f3nia-Barreto1.pdf\">Relat\u00f3rio STP M\u00aa Ant\u00f3nia Barreto<\/a>\u00a0\/2011<\/p>\n<p><a href=\"http:\/\/sites.ipleiria.pt\/projetoeducacao\/files\/2013\/01\/Relat\u00f3rio-STP-Ant\u00f3nio-Martelo2.pdf\">Relat\u00f3rio STP Ant\u00f3nio Martelo<\/a>\u00a0\/2011<\/p>\n<p>&nbsp;<\/p>\n<p>&nbsp;<\/p>\n<p>&nbsp;<\/p>\n<p>&nbsp;<\/p>\n<p>&nbsp;<\/p>\n<p>&nbsp;<\/p>\n<p>&nbsp;<\/p>\n<p>&nbsp;<\/p>\n<p>&nbsp;<\/p>\n<p>&nbsp;<\/p>\n","protected":false},"excerpt":{"rendered":"<p>ANGOLA\/RELAT\u00d3RIOS Relat\u00f3rio AG Catarina Lopes\u00a0\/2010 Relat\u00f3rio AG Catarina Lopes 2011\/2011 &nbsp; GUIN\u00c9-BISSAU\/RELAT\u00d3RIOS Relat\u00f3rio GB Catarina Lopes \/2010 Relat\u00f3rio GB Saico Balde\u00a0\/2010 &nbsp; MO\u00c7AMBIQUE\/RELAT\u00d3RIOS Relat\u00f3rio MB M\u00aa Jo\u00e3o Pinto\u00a0\/2010 Relat\u00f3rio MB Ana Paula Pinto\u00a0\/2011 Relat\u00f3rio MB M\u00aa Jo\u00e3o Pinto\u00a0\/2011 &nbsp; S\u00c3O &hellip; <a href=\"https:\/\/sites.ipleiria.pt\/projetoeducacao\/missoes\/\">Continuar a ler <span class=\"meta-nav\">&rarr;<\/span><\/a><\/p>\n","protected":false},"author":1317,"featured_media":0,"parent":0,"menu_order":2,"comment_status":"closed","ping_status":"closed","template":"sidebar-page.php","meta":{"footnotes":""},"class_list":["post-380","page","type-page","status-publish","hentry"],"_links":{"self":[{"href":"https:\/\/sites.ipleiria.pt\/projetoeducacao\/wp-json\/wp\/v2\/pages\/380","targetHints":{"allow":["GET"]}}],"collection":[{"href":"https:\/\/sites.ipleiria.pt\/projetoeducacao\/wp-json\/wp\/v2\/pages"}],"about":[{"href":"https:\/\/sites.ipleiria.pt\/projetoeducacao\/wp-json\/wp\/v2\/types\/page"}],"author":[{"embeddable":true,"href":"https:\/\/sites.ipleiria.pt\/projetoeducacao\/wp-json\/wp\/v2\/users\/1317"}],"replies":[{"embeddable":true,"href":"https:\/\/sites.ipleiria.pt\/projetoeducacao\/wp-json\/wp\/v2\/comments?post=380"}],"version-history":[{"count":21,"href":"https:\/\/sites.ipleiria.pt\/projetoeducacao\/wp-json\/wp\/v2\/pages\/380\/revisions"}],"predecessor-version":[{"id":403,"href":"https:\/\/sites.ipleiria.pt\/projetoeducacao\/wp-json\/wp\/v2\/pages\/380\/revisions\/403"}],"wp:attachment":[{"href":"https:\/\/sites.ipleiria.pt\/projetoeducacao\/wp-json\/wp\/v2\/media?parent=380"}],"curies":[{"name":"wp","href":"https:\/\/api.w.org\/{rel}","templated":true}]}}