{"id":53,"date":"2011-01-26T12:37:04","date_gmt":"2011-01-26T12:37:04","guid":{"rendered":"http:\/\/web.esecs.ipleiria.pt\/projectoeducacao\/"},"modified":"2013-07-16T10:11:04","modified_gmt":"2013-07-16T10:11:04","slug":"congressos","status":"publish","type":"page","link":"https:\/\/sites.ipleiria.pt\/projetoeducacao\/congressos\/","title":{"rendered":"Congressos"},"content":{"rendered":"<p style=\"text-align: center\"><a href=\"http:\/\/blogs.esecs.ipleiria.pt\/coopedu\/\"><img loading=\"lazy\" decoding=\"async\" class=\"size-medium wp-image-54 aligncenter\" alt=\"\" src=\"http:\/\/sites.ipleiria.pt\/projetoeducacao\/files\/2011\/01\/coopedu_header-300x76.jpg\" width=\"300\" height=\"76\" srcset=\"https:\/\/sites.ipleiria.pt\/projetoeducacao\/files\/2011\/01\/coopedu_header-300x76.jpg 300w, https:\/\/sites.ipleiria.pt\/projetoeducacao\/files\/2011\/01\/coopedu_header.jpg 390w\" sizes=\"auto, (max-width: 300px) 100vw, 300px\" \/><\/a><\/p>\n<p><a href=\"http:\/\/blogs.esecs.ipleiria.pt\/coopedu\/programa\/\"><strong>COOPEDU<\/strong><\/a> \u2013 Portugal e os PALOP: Coopera\u00e7\u00e3o na \u00c1rea da Educa\u00e7\u00e3o<br \/>\nOrganiza\u00e7\u00e3o e participa\u00e7\u00e3o no COOPEDU, atrav\u00e9s da apresenta\u00e7\u00e3o do painel &#8220;Forma\u00e7\u00e3o de professores&#8221;<\/p>\n<div><\/div>\n<div><a href=\"http:\/\/www.coopedu.cea.iscte.pt\/\"><img loading=\"lazy\" decoding=\"async\" class=\"aligncenter size-medium wp-image-269\" alt=\"\" src=\"http:\/\/sites.ipleiria.pt\/projetoeducacao\/files\/2011\/01\/cabecalho05-06-300x60.jpg\" width=\"300\" height=\"60\" srcset=\"https:\/\/sites.ipleiria.pt\/projetoeducacao\/files\/2011\/01\/cabecalho05-06-300x60.jpg 300w, https:\/\/sites.ipleiria.pt\/projetoeducacao\/files\/2011\/01\/cabecalho05-06.jpg 1000w\" sizes=\"auto, (max-width: 300px) 100vw, 300px\" \/><\/a><\/div>\n<p style=\"text-align: justify\"><a href=\"http:\/\/www.coopedu.cea.iscte.pt\/en\/paineis\/painel-2\/\"><strong>COOPEDU II<\/strong><\/a> \u2013 Coopera\u00e7\u00e3o e Educa\u00e7\u00e3o: \u00c1frica no mundo<br \/>\nOrganiza\u00e7\u00e3o e participa\u00e7\u00e3o no COOPEDU II, com a apresenta\u00e7\u00e3o e discuss\u00e3o do painel \u201cState and Civil Society Partnerships in Education and Training in PALOP: Complement or Substitution?\u201d<em><\/em><\/p>\n<div><\/div>\n<p style=\"text-align: center\"><a href=\"http:\/\/cea.iscte.pt\/ciea7\/\"><img loading=\"lazy\" decoding=\"async\" class=\" wp-image-55 aligncenter\" alt=\"\" src=\"http:\/\/sites.ipleiria.pt\/projetoeducacao\/files\/2011\/01\/ciea7-300x103.jpg\" width=\"300\" height=\"103\" srcset=\"https:\/\/sites.ipleiria.pt\/projetoeducacao\/files\/2011\/01\/ciea7-300x103.jpg 300w, https:\/\/sites.ipleiria.pt\/projetoeducacao\/files\/2011\/01\/ciea7.jpg 364w\" sizes=\"auto, (max-width: 300px) 100vw, 300px\" \/><\/a><\/p>\n<p><a href=\"http:\/\/cea.iscte.pt\/ciea7\/paineis\/08.html\"><strong>CIEA7<\/strong><\/a> \u2013 7\u00ba Congresso Ib\u00e9rico de Estudos Africanos<br \/>\nOrganiza\u00e7\u00e3o e participa\u00e7\u00e3o no CIEA7, atrav\u00e9s da apresenta\u00e7\u00e3o do painel \u201cPol\u00edticas p\u00fablicas em educa\u00e7\u00e3o e forma\u00e7\u00e3o. A colabora\u00e7\u00e3o entre o Estado e a sociedade civil\u201d<\/p>\n<div><\/div>\n<div><\/div>\n<div><a href=\"http:\/\/www.ciea8.org\/?lang=pt-pt\"><img loading=\"lazy\" decoding=\"async\" class=\"aligncenter size-medium wp-image-141\" alt=\"\" src=\"http:\/\/sites.ipleiria.pt\/projetoeducacao\/files\/2011\/01\/logoCIEA8-300x76.jpg\" width=\"300\" height=\"76\" srcset=\"https:\/\/sites.ipleiria.pt\/projetoeducacao\/files\/2011\/01\/logoCIEA8-300x76.jpg 300w, https:\/\/sites.ipleiria.pt\/projetoeducacao\/files\/2011\/01\/logoCIEA8.jpg 471w\" sizes=\"auto, (max-width: 300px) 100vw, 300px\" \/><\/a><\/div>\n<div><\/div>\n<p style=\"text-align: justify\"><a href=\"http:\/\/www.ciea8.org\/ocs\/index.php?conference=CIEA2012&amp;schedConf=pan6\"><strong>CIEA8<\/strong><\/a> \u2013 8\u00ba Congresso Ib\u00e9rico de Estudos Africanos<br \/>\nOrganiza\u00e7\u00e3o e participa\u00e7\u00e3o no CIEA8, com a apresenta\u00e7\u00e3o do painel \u201cTechnologies for Development\u201d.<\/p>\n<p>&nbsp;<\/p>\n<p style=\"text-align: center\"><a href=\"http:\/\/cea.iscte.pt\/ecas2013\/\"><img loading=\"lazy\" decoding=\"async\" class=\"aligncenter size-medium wp-image-1084\" alt=\"ecas\" src=\"http:\/\/sites.ipleiria.pt\/projetoeducacao\/files\/2013\/07\/ecas-300x99.png\" width=\"300\" height=\"99\" srcset=\"https:\/\/sites.ipleiria.pt\/projetoeducacao\/files\/2013\/07\/ecas-300x99.png 300w, https:\/\/sites.ipleiria.pt\/projetoeducacao\/files\/2013\/07\/ecas-500x165.png 500w, https:\/\/sites.ipleiria.pt\/projetoeducacao\/files\/2013\/07\/ecas.png 787w\" sizes=\"auto, (max-width: 300px) 100vw, 300px\" \/><\/a><\/p>\n<p><strong><a href=\"http:\/\/www.nomadit.co.uk\/ecas\/ecas2013\/panels.php5?PanelID=2104\">ECAS 2013<\/a> <\/strong>\u2013 Co-organiza\u00e7\u00e3o do V European Conference on African Studies: African dynamics in a multipolar world, realizado de 27 a 29 de Junho de 2013, no ISCTE-Instituto Universit\u00e1rio de Lisboa.<\/p>\n<p>&nbsp;<\/p>\n","protected":false},"excerpt":{"rendered":"<p>COOPEDU \u2013 Portugal e os PALOP: Coopera\u00e7\u00e3o na \u00c1rea da Educa\u00e7\u00e3o Organiza\u00e7\u00e3o e participa\u00e7\u00e3o no COOPEDU, atrav\u00e9s da apresenta\u00e7\u00e3o do painel &#8220;Forma\u00e7\u00e3o de professores&#8221; COOPEDU II \u2013 Coopera\u00e7\u00e3o e Educa\u00e7\u00e3o: \u00c1frica no mundo Organiza\u00e7\u00e3o e participa\u00e7\u00e3o no COOPEDU II, com &hellip; <a href=\"https:\/\/sites.ipleiria.pt\/projetoeducacao\/congressos\/\">Continuar a ler <span class=\"meta-nav\">&rarr;<\/span><\/a><\/p>\n","protected":false},"author":833,"featured_media":0,"parent":0,"menu_order":4,"comment_status":"closed","ping_status":"closed","template":"sidebar-page.php","meta":{"footnotes":""},"class_list":["post-53","page","type-page","status-publish","hentry"],"_links":{"self":[{"href":"https:\/\/sites.ipleiria.pt\/projetoeducacao\/wp-json\/wp\/v2\/pages\/53","targetHints":{"allow":["GET"]}}],"collection":[{"href":"https:\/\/sites.ipleiria.pt\/projetoeducacao\/wp-json\/wp\/v2\/pages"}],"about":[{"href":"https:\/\/sites.ipleiria.pt\/projetoeducacao\/wp-json\/wp\/v2\/types\/page"}],"author":[{"embeddable":true,"href":"https:\/\/sites.ipleiria.pt\/projetoeducacao\/wp-json\/wp\/v2\/users\/833"}],"replies":[{"embeddable":true,"href":"https:\/\/sites.ipleiria.pt\/projetoeducacao\/wp-json\/wp\/v2\/comments?post=53"}],"version-history":[{"count":20,"href":"https:\/\/sites.ipleiria.pt\/projetoeducacao\/wp-json\/wp\/v2\/pages\/53\/revisions"}],"predecessor-version":[{"id":140,"href":"https:\/\/sites.ipleiria.pt\/projetoeducacao\/wp-json\/wp\/v2\/pages\/53\/revisions\/140"}],"wp:attachment":[{"href":"https:\/\/sites.ipleiria.pt\/projetoeducacao\/wp-json\/wp\/v2\/media?parent=53"}],"curies":[{"name":"wp","href":"https:\/\/api.w.org\/{rel}","templated":true}]}}