{"id":554,"date":"2013-04-05T18:10:15","date_gmt":"2013-04-05T18:10:15","guid":{"rendered":"http:\/\/sites.ipleiria.pt\/projetoeducacao\/?page_id=554"},"modified":"2013-07-11T11:16:57","modified_gmt":"2013-07-11T11:16:57","slug":"resultados","status":"publish","type":"page","link":"https:\/\/sites.ipleiria.pt\/projetoeducacao\/resultados\/","title":{"rendered":"Resultados"},"content":{"rendered":"<p>&nbsp;<\/p>\n<ul>\n<li><a href=\"http:\/\/africadigital.wordpress.com\/\"><strong>Arquivo Digital Educa\u00e7\u00e3o e Sociedade Civil em \u00c1frica<\/strong><\/a><\/li>\n<\/ul>\n<p>&nbsp;<\/p>\n<ul>\n<li><strong>Boletim de Pr\u00e1ticas das OSC em Angola, Guin\u00e9-Bissau, Mo\u00e7ambique e S\u00e3o Tom\u00e9 e Pr\u00edncipel<\/strong> (em actualiza\u00e7\u00e3o. Prometemos ser breve)<\/li>\n<\/ul>\n","protected":false},"excerpt":{"rendered":"<p>&nbsp; Arquivo Digital Educa\u00e7\u00e3o e Sociedade Civil em \u00c1frica &nbsp; Boletim de Pr\u00e1ticas das OSC em Angola, Guin\u00e9-Bissau, Mo\u00e7ambique e S\u00e3o Tom\u00e9 e Pr\u00edncipel (em actualiza\u00e7\u00e3o. Prometemos ser breve)<\/p>\n","protected":false},"author":1317,"featured_media":0,"parent":0,"menu_order":0,"comment_status":"closed","ping_status":"closed","template":"sidebar-page.php","meta":{"footnotes":""},"class_list":["post-554","page","type-page","status-publish","hentry"],"_links":{"self":[{"href":"https:\/\/sites.ipleiria.pt\/projetoeducacao\/wp-json\/wp\/v2\/pages\/554","targetHints":{"allow":["GET"]}}],"collection":[{"href":"https:\/\/sites.ipleiria.pt\/projetoeducacao\/wp-json\/wp\/v2\/pages"}],"about":[{"href":"https:\/\/sites.ipleiria.pt\/projetoeducacao\/wp-json\/wp\/v2\/types\/page"}],"author":[{"embeddable":true,"href":"https:\/\/sites.ipleiria.pt\/projetoeducacao\/wp-json\/wp\/v2\/users\/1317"}],"replies":[{"embeddable":true,"href":"https:\/\/sites.ipleiria.pt\/projetoeducacao\/wp-json\/wp\/v2\/comments?post=554"}],"version-history":[{"count":7,"href":"https:\/\/sites.ipleiria.pt\/projetoeducacao\/wp-json\/wp\/v2\/pages\/554\/revisions"}],"predecessor-version":[{"id":569,"href":"https:\/\/sites.ipleiria.pt\/projetoeducacao\/wp-json\/wp\/v2\/pages\/554\/revisions\/569"}],"wp:attachment":[{"href":"https:\/\/sites.ipleiria.pt\/projetoeducacao\/wp-json\/wp\/v2\/media?parent=554"}],"curies":[{"name":"wp","href":"https:\/\/api.w.org\/{rel}","templated":true}]}}