{"id":1134,"date":"2021-02-09T15:57:43","date_gmt":"2021-02-09T15:57:43","guid":{"rendered":"http:\/\/ipce2021.sites.ipleiria.pt\/?page_id=2"},"modified":"2026-03-30T15:45:40","modified_gmt":"2026-03-30T15:45:40","slug":"apresentacao","status":"publish","type":"page","link":"https:\/\/sites.ipleiria.pt\/publicacoesipce\/","title":{"rendered":"Apresenta\u00e7\u00e3o"},"content":{"rendered":"\n<p>Bem-vindo(a) ao reposit\u00f3rio das\u00a0<strong>Revista de Investiga\u00e7\u00e3o, Pr\u00e1ticas e Contextos  Educativos (RIPCE)<\/strong>. Esta cole\u00e7\u00e3o anual, intitulada\u00a0<em>&#8220;Investiga\u00e7\u00e3o, Pr\u00e1ticas e Contextos Educativos&#8221;<\/em>, re\u00fane contributos cient\u00edficos multidisciplinares que refletem os debates e as inova\u00e7\u00f5es apresentadas no \u00e2mbito da confer\u00eancia IPCE, uma iniciativa promovida pela\u00a0<strong>ESECS \u2013 Polit\u00e9cnico de Leiria<\/strong>.<\/p>\n\n\n\n<h3 class=\"wp-block-heading\"><strong>Sobre as Publica\u00e7\u00f5es<\/strong><\/h3>\n\n\n\n<p>Estas monografias, publicadas em&nbsp;<strong>portugu\u00eas, ingl\u00eas e espanhol<\/strong>, visam disseminar conhecimento cient\u00edfico e pr\u00e1tico na \u00e1rea da Educa\u00e7\u00e3o, promovendo a partilha de investiga\u00e7\u00f5es, metodologias e experi\u00eancias entre&nbsp;<strong>professores, investigadores, estudantes e profissionais do setor<\/strong>. Cada volume compila artigos originais, estudos de caso e reflex\u00f5es cr\u00edticas que abordam desafios contempor\u00e2neos e tend\u00eancias emergentes nos diversos contextos educativos.<\/p>\n\n\n\n<p><strong>\u00c2mbito &#8211; Finalidades e foco<\/strong><\/p>\n\n\n\n<p>A\u00a0<strong>Revista de Investiga\u00e7\u00e3o, Pr\u00e1ticas e Contextos  Educativos (RIPCE)<\/strong> \u00e9 uma publica\u00e7\u00e3o peri\u00f3dica do Instituto Polit\u00e9cnico de Leiria  que pretende estimular o interc\u00e2mbio de ideias e experi\u00eancias no \u00e2mbito da educa\u00e7\u00e3o (formal e n\u00e3o formal) e das ci\u00eancias sociais. Assim, a Escola Superior de Educa\u00e7\u00e3o e Ci\u00eancias Sociais de Leiria (ESECS) retomou o seu projeto editorial nesta \u00e1rea, na sequ\u00eancia da publica\u00e7\u00e3o anterior da Revista de Educa\u00e7\u00e3o e Comunica\u00e7\u00e3o, entre os anos de 1999 e 2005. Este novo projeto, RIPCE, surge mais focado na atividade de investiga\u00e7\u00e3o, como o pr\u00f3prio nome torna manifesto. Surgindo em 2016, ganha nova proje\u00e7\u00e3o em 2026.<\/p>\n\n\n\n<p>A investiga\u00e7\u00e3o constitui um desafio cada vez mais relevante na vida das institui\u00e7\u00f5es de Ensino Superior. Por seu interm\u00e9dio, esse desafio alarga-se \u00e0 sociedade, em geral, e \u00e0 comunidade que com ela interage, de uma forma espec\u00edfica. Esta comunidade \u00e9 chamada a participar na investiga\u00e7\u00e3o, colocando ela pr\u00f3pria desafios, empenhando-se para criar condi\u00e7\u00f5es que permitam que sejam ultrapassados e ousando perspetivar o futuro com o contributo desses resultados.<\/p>\n\n\n\n<p>A RIPCE procura fomentar o debate entre a pluralidade de linhas de pensamento que atravessam a Educa\u00e7\u00e3o e as Ci\u00eancias Sociais, constituindo-se como um projeto que pretende contribuir para a constru\u00e7\u00e3o sustentada de saberes nas \u00e1reas da sua abrang\u00eancia. Incentivando a promo\u00e7\u00e3o do pensamento critico, publica artigos, decorrentes de estudos emp\u00edricos ou de reflex\u00f5es te\u00f3ricas, que se constituam como contributos originais para a \u00e1rea em estudo. Aceita propostas em fluxo cont\u00ednuo e\/ou para n\u00fameros tem\u00e1ticos, a cargo de editores convidados.<\/p>\n\n\n\n<p>Os manuscritos submetidos sobre investiga\u00e7\u00e3o empiricamente sustentada ou textos de reflex\u00e3o te\u00f3rica devem centrar-se em quest\u00f5es relacionadas com <\/p>\n\n\n\n<p>i) as pol\u00edticas educativas, did\u00e1tica e forma\u00e7\u00e3o; <\/p>\n\n\n\n<p>ii) educa\u00e7\u00e3o para a sa\u00fade e qualidade de vida; <\/p>\n\n\n\n<p>iii) educa\u00e7\u00e3o para a sustentabilidade; <\/p>\n\n\n\n<p>iv) educa\u00e7\u00e3o, cidadania e inclus\u00e3o;<\/p>\n\n\n\n<p>v) TIC e multim\u00e9dia na educa\u00e7\u00e3o; <\/p>\n\n\n\n<p>vi) desigualdade sociais; <\/p>\n\n\n\n<p>vii) cidadania, trabalho e tecnologia; <\/p>\n\n\n\n<p>viii) cidades, ambiente e desenvolvimento regional; <\/p>\n\n\n\n<p>ix) sa\u00fade, popula\u00e7\u00e3o e bem-estar; <\/p>\n\n\n\n<p>x) educa\u00e7\u00e3o, conhecimento e cultura.\u00a0<\/p>\n\n\n\n<p><strong>Audi\u00eancia<\/strong><\/p>\n\n\n\n<p>A RIPCE dirige-se a uma audi\u00eancia vasta (nacional e internacional) de investigadores, educadores\/professores, formadores, t\u00e9cnicos superiores, acad\u00e9micos, decisores pol\u00edticos da \u00e1rea da educa\u00e7\u00e3o e das ci\u00eancias sociais. Com uma composi\u00e7\u00e3o editorial nacional e internacional e publica\u00e7\u00e3o de artigos em l\u00edngua portuguesa, inglesa e castelhana, a RIPCE est\u00e1 dispon\u00edvel para a comunidade cient\u00edfica internacional.\u00a0<\/p>\n\n\n\n<h3 class=\"wp-block-heading\"><strong>Acesso e Relev\u00e2ncia<\/strong><\/h3>\n\n\n\n<p>As publica\u00e7\u00f5es est\u00e3o dispon\u00edveis em&nbsp;<strong>acesso aberto<\/strong>, assegurando a democratiza\u00e7\u00e3o do conhecimento e o fortalecimento de redes colaborativas. Reconhecidas pelo seu rigor acad\u00e9mico, estas edi\u00e7\u00f5es constituem um recurso valioso.<\/p>\n\n\n\n<p>Explore os volumes dispon\u00edveis e participe na constru\u00e7\u00e3o de uma Educa\u00e7\u00e3o mais inclusiva, inovadora e globalizada.<\/p>\n\n\n\n<p><strong>L\u00ednguas de publica\u00e7\u00e3o:<\/strong>&nbsp;Portugu\u00eas, Ingl\u00eas, Espanhol<br><strong>Periodicidade:<\/strong>&nbsp;Anual<br><strong>Entidade editora:<\/strong>&nbsp; Polit\u00e9cnico de Leiria -Escola Superior de Educa\u00e7\u00e3o e Ci\u00eancias Sociais<br><strong>Local de edi\u00e7\u00e3o: <\/strong>Leiria, Portugal<\/p>\n\n\n\n<hr class=\"wp-block-separator has-text-color has-black-color has-css-opacity has-black-background-color has-background\"\/>\n\n\n\n<p><\/p>\n","protected":false},"excerpt":{"rendered":"<p>Bem-vindo(a) ao reposit\u00f3rio das\u00a0Revista de Investiga\u00e7\u00e3o, Pr\u00e1ticas e Contextos Educativos (RIPCE). Esta cole\u00e7\u00e3o anual, intitulada\u00a0&#8220;Investiga\u00e7\u00e3o, Pr\u00e1ticas e Contextos Educativos&#8221;, re\u00fane contributos cient\u00edficos multidisciplinares que refletem os debates e as inova\u00e7\u00f5es apresentadas no \u00e2mbito da confer\u00eancia IPCE, uma iniciativa promovida pela\u00a0ESECS&hellip;  <\/p>\n<p class=\"more-link\"><a href=\"https:\/\/sites.ipleiria.pt\/publicacoesipce\/\">Continue reading <span class=\"meta-nav\">&rarr;<\/span><\/a><\/p>\n","protected":false},"author":102,"featured_media":0,"parent":0,"menu_order":0,"comment_status":"closed","ping_status":"closed","template":"","meta":{"footnotes":""},"class_list":["post-1134","page","type-page","status-publish","hentry"],"_links":{"self":[{"href":"https:\/\/sites.ipleiria.pt\/publicacoesipce\/wp-json\/wp\/v2\/pages\/1134","targetHints":{"allow":["GET"]}}],"collection":[{"href":"https:\/\/sites.ipleiria.pt\/publicacoesipce\/wp-json\/wp\/v2\/pages"}],"about":[{"href":"https:\/\/sites.ipleiria.pt\/publicacoesipce\/wp-json\/wp\/v2\/types\/page"}],"author":[{"embeddable":true,"href":"https:\/\/sites.ipleiria.pt\/publicacoesipce\/wp-json\/wp\/v2\/users\/102"}],"replies":[{"embeddable":true,"href":"https:\/\/sites.ipleiria.pt\/publicacoesipce\/wp-json\/wp\/v2\/comments?post=1134"}],"version-history":[{"count":6,"href":"https:\/\/sites.ipleiria.pt\/publicacoesipce\/wp-json\/wp\/v2\/pages\/1134\/revisions"}],"predecessor-version":[{"id":2207,"href":"https:\/\/sites.ipleiria.pt\/publicacoesipce\/wp-json\/wp\/v2\/pages\/1134\/revisions\/2207"}],"wp:attachment":[{"href":"https:\/\/sites.ipleiria.pt\/publicacoesipce\/wp-json\/wp\/v2\/media?parent=1134"}],"curies":[{"name":"wp","href":"https:\/\/api.w.org\/{rel}","templated":true}]}}