{"id":2063,"date":"2025-06-13T15:14:36","date_gmt":"2025-06-13T15:14:36","guid":{"rendered":"https:\/\/sites.ipleiria.pt\/publicacoesipce\/?page_id=2063"},"modified":"2026-03-30T15:28:19","modified_gmt":"2026-03-30T15:28:19","slug":"organizadores","status":"publish","type":"page","link":"https:\/\/sites.ipleiria.pt\/publicacoesipce\/organizadores\/","title":{"rendered":"EQUIPA EDITORIAL"},"content":{"rendered":"\n<p><strong>CONSELHO EDITORIAL<\/strong><\/p>\n\n\n\n<p>DIRETORA<br><strong>H\u00e9lia Gon\u00e7alves Pinto<\/strong> &#8211; CI&amp;DEI, ESECS, Polytechnic of Leiria | <a href=\"https:\/\/orcid.org\/0000-0002-7891-2523\">0000-0002-7891-2523 (orcid)<\/a><\/p>\n\n\n\n<p>DIRETOR ASSOCIADO<br><strong>Isabel Sim\u00f5es Dias<\/strong> &#8211; CIEQV, ESECS, Polytechnic of Leiria | <a href=\"https:\/\/orcid.org\/0000-0001-5522-3760\">0000-0001-5522-3760 (orcid)<\/a><\/p>\n\n\n\n<p><strong>Comiss\u00e3o Editorial <\/strong><br>Catarina Maria Nogueira Marques da Cruz Menezes (Instituto Polit\u00e9cnico de Leiria, PT)\u00a0<br>Fausto Felix Geert Caels (Instituto Polit\u00e9cnico de Leiria, PT)<br>Hugo Alexandre Lopes Menino (Instituto Polit\u00e9cnico de Leiria, PT)\u00a0<br>Isabel Sofia Godinho da Silva Rebelo\u00a0(Instituto Polit\u00e9cnico de Leiria, PT)<br>Jos\u00e9 Carlos Laranjo Marques (Instituto Polit\u00e9cnico de Leiria, PT)<br>Jos\u00e9 Pedro Santos Cadima Amoroso\u00a0(Instituto Polit\u00e9cnico de Leiria, PT)<br>L\u00facia Grave Magueta\u00a0(Instituto Polit\u00e9cnico de Leiria, PT)<br>Lu\u00eds Filipe Tom\u00e1s Barbeiro (Instituto Polit\u00e9cnico de Leiria, PT)<br>Lu\u00eds Miguel Gon\u00e7alves de Oliveira\u00a0(Instituto Polit\u00e9cnico de Leiria, PT)<br>Maria Jo\u00e3o Sousa Pinto dos Santos (Instituto Polit\u00e9cnico de Leiria, PT)\u00a0<br>Mark Daubney (Instituto Polit\u00e9cnico de Leiria, PT)<br>Pedro Silva (Instituto Polit\u00e9cnico de Leiria, PT)<br>Ricardo Manuel Das Neves Vieira\u00a0(Instituto Polit\u00e9cnico de Leiria, PT)<br>Rita Alexandra Dias Cadima\u00a0(Instituto Polit\u00e9cnico de Leiria, PT)<br>Rui Manuel Neto e Matos\u00a0(Instituto Polit\u00e9cnico de Leiria, PT)<br>Sandrina Diniz Fernandes Milhano (Instituto Polit\u00e9cnico de Leiria, PT)<\/p>\n\n\n\n<p><strong>Conselho Editorial<\/strong>:\u00a0<br>Amanda Franco (Universidade de Aveiro, PT)<br>Carlos Miguel Silva Ribeiro (Universidade Estadual de Campinas, BR)\u00a0<br>Carlos Saiz S\u00e1nchez (Universidad de Salamanca, ES)\u00a0<br>Daniela Karine Ramos (Universidade Federal de Santa Catarina, BR)\u00a0<br>Ema Paula Botelho Costa Mamede (Universidade do Minho, PT)\u00a0<br>Gabriela Prego Vazquez (Universidad de Santiago de Compostela, ES)\u00a0<br>Helena C\u00e2ndido (University of Helsinki, FIN)<br>Isabel Cuadrado Gordillo (Universidad de Extremadura, ES)\u00a0\u00a0<br>Let\u00edcia Rocha Machado (Universidade Federal do Rio Grande do Sul, BR)<br>Maria Lu\u00edsa Brites Parreira Coelho Vieira de Campos (Universidade Cat\u00f3lica do Porto, PT)<br>Maria Celina Cardoso Tenreiro Vieira (Universidade de Aveiro, PT)\u00a0<br>Maria Jos\u00e9 Afonso Magalh\u00e3es Rodrigues (Instituto Polit\u00e9cnico de Bragan\u00e7a, PT)<br>Pedro Jos\u00e9 Arrifano Tadeu (Instituto Polit\u00e9cnico da Guarda, PT)<br>Rui Marques Vieira (Universidade de Aveiro, PT)<br>Stela Maria Fernandes Marques (PUC Minas, BR)\u00a0\u00a0<br>Valeriana Guijo Blanco (Universidad de Burgos, ES)\u00a0<\/p>\n\n\n\n<p>PRODU\u00c7\u00c3O<br><strong>Edi\u00e7\u00e3o <\/strong>&nbsp;&#8211;&nbsp;Instituto Polit\u00e9cnico de Leiria | Escola Superior de Educa\u00e7\u00e3o e Ci\u00eancias Sociais de Leiria<br><strong>Jo\u00e3o Pinheiro<\/strong>&nbsp;&#8211; Design gr\u00e1fico e composi\u00e7\u00e3o<br><\/p>\n","protected":false},"excerpt":{"rendered":"<p>CONSELHO EDITORIAL DIRETORAH\u00e9lia Gon\u00e7alves Pinto &#8211; CI&amp;DEI, ESECS, Polytechnic of Leiria | 0000-0002-7891-2523 (orcid) DIRETOR ASSOCIADOIsabel Sim\u00f5es Dias &#8211; CIEQV, ESECS, Polytechnic of Leiria | 0000-0001-5522-3760 (orcid) Comiss\u00e3o Editorial Catarina Maria Nogueira Marques da Cruz Menezes (Instituto Polit\u00e9cnico de Leiria,&hellip;  <\/p>\n<p class=\"more-link\"><a href=\"https:\/\/sites.ipleiria.pt\/publicacoesipce\/organizadores\/\">Continue reading <span class=\"meta-nav\">&rarr;<\/span><\/a><\/p>\n","protected":false},"author":102,"featured_media":0,"parent":0,"menu_order":0,"comment_status":"closed","ping_status":"closed","template":"","meta":{"footnotes":""},"class_list":["post-2063","page","type-page","status-publish","hentry"],"_links":{"self":[{"href":"https:\/\/sites.ipleiria.pt\/publicacoesipce\/wp-json\/wp\/v2\/pages\/2063","targetHints":{"allow":["GET"]}}],"collection":[{"href":"https:\/\/sites.ipleiria.pt\/publicacoesipce\/wp-json\/wp\/v2\/pages"}],"about":[{"href":"https:\/\/sites.ipleiria.pt\/publicacoesipce\/wp-json\/wp\/v2\/types\/page"}],"author":[{"embeddable":true,"href":"https:\/\/sites.ipleiria.pt\/publicacoesipce\/wp-json\/wp\/v2\/users\/102"}],"replies":[{"embeddable":true,"href":"https:\/\/sites.ipleiria.pt\/publicacoesipce\/wp-json\/wp\/v2\/comments?post=2063"}],"version-history":[{"count":10,"href":"https:\/\/sites.ipleiria.pt\/publicacoesipce\/wp-json\/wp\/v2\/pages\/2063\/revisions"}],"predecessor-version":[{"id":2194,"href":"https:\/\/sites.ipleiria.pt\/publicacoesipce\/wp-json\/wp\/v2\/pages\/2063\/revisions\/2194"}],"wp:attachment":[{"href":"https:\/\/sites.ipleiria.pt\/publicacoesipce\/wp-json\/wp\/v2\/media?parent=2063"}],"curies":[{"name":"wp","href":"https:\/\/api.w.org\/{rel}","templated":true}]}}