{"id":2100,"date":"2025-11-03T17:20:28","date_gmt":"2025-11-03T17:20:28","guid":{"rendered":"https:\/\/sites.ipleiria.pt\/publicacoesipce\/?page_id=2100"},"modified":"2025-11-03T17:20:28","modified_gmt":"2025-11-03T17:20:28","slug":"issn-isbn-e-doi","status":"publish","type":"page","link":"https:\/\/sites.ipleiria.pt\/publicacoesipce\/issn-isbn-e-doi\/","title":{"rendered":"ISSN, ISBN e DOI"},"content":{"rendered":"\n<p>Cada volume &#8220;Investiga\u00e7\u00e3o, Pr\u00e1ticas e Contextos em Educa\u00e7\u00e3o&#8221; possui um\u00a0<strong>c\u00f3digo ISBN (International Standard Serial Number)<\/strong>\u00a0\u00fanico, que assegura a sua identifica\u00e7\u00e3o padr\u00e3o internacional enquanto publica\u00e7\u00e3o seriada, facilitando a sua indexa\u00e7\u00e3o, cataloga\u00e7\u00e3o e refer\u00eancia bibliogr\u00e1fica, assim como um ISSN \u00fanico e transversal para toda a cole\u00e7\u00e3o:<\/p>\n\n\n\n<p><strong><a href=\"https:\/\/portal.issn.org\/resource\/ISSN\/3051-7044#\">ISSN: 3051-7044 <\/a><\/strong><\/p>\n\n\n\n<p><strong>ISBN<\/strong><\/p>\n\n\n\n<p><strong>Vol.1 &#8211; <\/strong> 978-989-95554-9-5<br><strong>Vol.2 &#8211;<\/strong> 978-989-97836-6-5<br><strong>Vol.3 &#8211; <\/strong>978-989-97836-7-6<br><strong>Vol.4 &#8211; <\/strong>978-989-8797-05-6<br><strong>Vol.5 &#8211;<\/strong> 978-989-8797-13-1<br><strong>Vol.6 &#8211;<\/strong> 978-989-8797-08-7<br><strong>Vol.7 &#8211; <\/strong>978-989-8797-20-9<br><strong>Vol.8 &#8211;<\/strong> 978-989-8797-29-2<br><strong>Vol.9 &#8211;<\/strong> 978-989-8797-72-8<br><strong>Vol.10 &#8211;<\/strong> 978-989-8797-89-6<br><strong>Vol.11 &#8211;<\/strong> 978-989-8797-90-2<br><strong>Vol.12 &#8211;<\/strong> 978-989-35791-2-1<br><strong>Vol.13 &#8211;<\/strong> 978-989-35791-3-8<\/p>\n\n\n\n<p><\/p>\n\n\n\n<p><strong>DOI<\/strong><\/p>\n\n\n\n<p><strong>Vol.1 &#8211; <\/strong> <a href=\"https:\/\/doi.org\/10.25766\/50bv-3g86\">https:\/\/doi.org\/10.25766\/50bv-3g86<\/a><br><strong>Vol.2 &#8211;<\/strong> <a href=\"https:\/\/doi.org\/10.25766\/9vbc-3259\">https:\/\/doi.org\/10.25766\/9vbc-3259<\/a><br><strong>Vol.3 &#8211; <\/strong><a href=\"https:\/\/doi.org\/10.25766\/sa30-bs69\">https:\/\/doi.org\/10.25766\/sa30-bs69<\/a><br><strong>Vol.4 &#8211; <\/strong><a href=\"https:\/\/doi.org\/10.25766\/dbmv-k777\">https:\/\/doi.org\/10.25766\/dbmv-k777<\/a><br><strong>Vol.5 &#8211;<\/strong> <a href=\"https:\/\/doi.org\/10.25766\/910e-pr47\">https:\/\/doi.org\/10.25766\/910e-pr47<\/a><br><strong>Vol.6 &#8211;<\/strong> <a href=\"https:\/\/doi.org\/10.25766\/9md4-7a17\">https:\/\/doi.org\/10.25766\/9md4-7a17<\/a><br><strong>Vol.7 &#8211; <\/strong><a href=\"https:\/\/doi.org\/10.25766\/scg0-m237\">https:\/\/doi.org\/10.25766\/scg0-m237<\/a><br><strong>Vol.8 &#8211;<\/strong> <a href=\"https:\/\/doi.org\/10.25766\/st5t-v230\">https:\/\/doi.org\/10.25766\/st5t-v230<\/a><br><strong>Vol.9 &#8211;<\/strong> <br><strong>Vol.10 &#8211;<\/strong> <a href=\"https:\/\/doi.org\/10.25766\/r0sw-yp27\">https:\/\/doi.org\/10.25766\/r0sw-yp27<\/a><br><strong>Vol.11 &#8211;<\/strong> <a href=\"https:\/\/doi.org\/https:\/\/doi.org\/10.25766\/er8k-kc94\">https:\/\/doi.org\/https:\/\/doi.org\/10.25766\/er8k-kc94<\/a><br><strong>Vol.12 &#8211;<\/strong> <a href=\"https:\/\/doi.org\/10.25766\/kd2v-2b46\" target=\"_blank\" rel=\"noreferrer noopener\">https:\/\/doi.org\/10.25766\/kd2v-2b46\u00a0<\/a><br><strong>Vol.13 &#8211;<\/strong> <a href=\"https:\/\/doi.org\/10.25766\/nkkg-md43\">https:\/\/doi.org\/10.25766\/nkkg-md43<\/a><\/p>\n","protected":false},"excerpt":{"rendered":"<p>Cada volume &#8220;Investiga\u00e7\u00e3o, Pr\u00e1ticas e Contextos em Educa\u00e7\u00e3o&#8221; possui um\u00a0c\u00f3digo ISBN (International Standard Serial Number)\u00a0\u00fanico, que assegura a sua identifica\u00e7\u00e3o padr\u00e3o internacional enquanto publica\u00e7\u00e3o seriada, facilitando a sua indexa\u00e7\u00e3o, cataloga\u00e7\u00e3o e refer\u00eancia bibliogr\u00e1fica, assim como um ISSN \u00fanico e transversal&hellip;  <\/p>\n<p class=\"more-link\"><a href=\"https:\/\/sites.ipleiria.pt\/publicacoesipce\/issn-isbn-e-doi\/\">Continue reading <span class=\"meta-nav\">&rarr;<\/span><\/a><\/p>\n","protected":false},"author":102,"featured_media":0,"parent":0,"menu_order":0,"comment_status":"closed","ping_status":"closed","template":"","meta":{"footnotes":""},"class_list":["post-2100","page","type-page","status-publish","hentry"],"_links":{"self":[{"href":"https:\/\/sites.ipleiria.pt\/publicacoesipce\/wp-json\/wp\/v2\/pages\/2100","targetHints":{"allow":["GET"]}}],"collection":[{"href":"https:\/\/sites.ipleiria.pt\/publicacoesipce\/wp-json\/wp\/v2\/pages"}],"about":[{"href":"https:\/\/sites.ipleiria.pt\/publicacoesipce\/wp-json\/wp\/v2\/types\/page"}],"author":[{"embeddable":true,"href":"https:\/\/sites.ipleiria.pt\/publicacoesipce\/wp-json\/wp\/v2\/users\/102"}],"replies":[{"embeddable":true,"href":"https:\/\/sites.ipleiria.pt\/publicacoesipce\/wp-json\/wp\/v2\/comments?post=2100"}],"version-history":[{"count":1,"href":"https:\/\/sites.ipleiria.pt\/publicacoesipce\/wp-json\/wp\/v2\/pages\/2100\/revisions"}],"predecessor-version":[{"id":2101,"href":"https:\/\/sites.ipleiria.pt\/publicacoesipce\/wp-json\/wp\/v2\/pages\/2100\/revisions\/2101"}],"wp:attachment":[{"href":"https:\/\/sites.ipleiria.pt\/publicacoesipce\/wp-json\/wp\/v2\/media?parent=2100"}],"curies":[{"name":"wp","href":"https:\/\/api.w.org\/{rel}","templated":true}]}}