{"id":2105,"date":"2025-11-03T17:26:19","date_gmt":"2025-11-03T17:26:19","guid":{"rendered":"https:\/\/sites.ipleiria.pt\/publicacoesipce\/?page_id=2105"},"modified":"2026-03-30T15:49:45","modified_gmt":"2026-03-30T15:49:45","slug":"periodicidade","status":"publish","type":"page","link":"https:\/\/sites.ipleiria.pt\/publicacoesipce\/periodicidade\/","title":{"rendered":"Periodicidade"},"content":{"rendered":"\n<p>A publica\u00e7\u00e3o da Revista de Investiga\u00e7\u00e3o, Pr\u00e1ticas e Contextos Educativos (RIPCE)\u00e9 <strong>anual<\/strong>, assegurando a edi\u00e7\u00e3o regular de um volume por ano.<\/p>\n\n\n\n<p>Sem preju\u00edzo desta regularidade, poder\u00e3o ser publicadas&nbsp;<strong>edi\u00e7\u00f5es adicionais ou especiais<\/strong>, dedicadas a temas espec\u00edficos ou a projetos de investiga\u00e7\u00e3o de particular relev\u00e2ncia, sujeitas \u00e0 avalia\u00e7\u00e3o e aprova\u00e7\u00e3o pela Comiss\u00e3o Cient\u00edfica.<\/p>\n\n\n\n<p><\/p>\n","protected":false},"excerpt":{"rendered":"<p>A publica\u00e7\u00e3o da Revista de Investiga\u00e7\u00e3o, Pr\u00e1ticas e Contextos Educativos (RIPCE)\u00e9 anual, assegurando a edi\u00e7\u00e3o regular de um volume por ano. Sem preju\u00edzo desta regularidade, poder\u00e3o ser publicadas&nbsp;edi\u00e7\u00f5es adicionais ou especiais, dedicadas a temas espec\u00edficos ou a projetos de investiga\u00e7\u00e3o&hellip;  <\/p>\n<p class=\"more-link\"><a href=\"https:\/\/sites.ipleiria.pt\/publicacoesipce\/periodicidade\/\">Continue reading <span class=\"meta-nav\">&rarr;<\/span><\/a><\/p>\n","protected":false},"author":102,"featured_media":0,"parent":0,"menu_order":0,"comment_status":"closed","ping_status":"closed","template":"","meta":{"footnotes":""},"class_list":["post-2105","page","type-page","status-publish","hentry"],"_links":{"self":[{"href":"https:\/\/sites.ipleiria.pt\/publicacoesipce\/wp-json\/wp\/v2\/pages\/2105","targetHints":{"allow":["GET"]}}],"collection":[{"href":"https:\/\/sites.ipleiria.pt\/publicacoesipce\/wp-json\/wp\/v2\/pages"}],"about":[{"href":"https:\/\/sites.ipleiria.pt\/publicacoesipce\/wp-json\/wp\/v2\/types\/page"}],"author":[{"embeddable":true,"href":"https:\/\/sites.ipleiria.pt\/publicacoesipce\/wp-json\/wp\/v2\/users\/102"}],"replies":[{"embeddable":true,"href":"https:\/\/sites.ipleiria.pt\/publicacoesipce\/wp-json\/wp\/v2\/comments?post=2105"}],"version-history":[{"count":3,"href":"https:\/\/sites.ipleiria.pt\/publicacoesipce\/wp-json\/wp\/v2\/pages\/2105\/revisions"}],"predecessor-version":[{"id":2212,"href":"https:\/\/sites.ipleiria.pt\/publicacoesipce\/wp-json\/wp\/v2\/pages\/2105\/revisions\/2212"}],"wp:attachment":[{"href":"https:\/\/sites.ipleiria.pt\/publicacoesipce\/wp-json\/wp\/v2\/media?parent=2105"}],"curies":[{"name":"wp","href":"https:\/\/api.w.org\/{rel}","templated":true}]}}