{"id":2123,"date":"2025-11-04T10:15:50","date_gmt":"2025-11-04T10:15:50","guid":{"rendered":"https:\/\/sites.ipleiria.pt\/publicacoesipce\/?page_id=2123"},"modified":"2025-11-04T10:18:22","modified_gmt":"2025-11-04T10:18:22","slug":"submissoes","status":"publish","type":"page","link":"https:\/\/sites.ipleiria.pt\/publicacoesipce\/submissoes\/","title":{"rendered":"Submiss\u00f5es"},"content":{"rendered":"\n<p>As Publica\u00e7\u00f5es Peri\u00f3dicas da Confer\u00eancia Internacional de Investiga\u00e7\u00e3o, Pr\u00e1ticas e Contextos em Educa\u00e7\u00e3o (IPCE) acolhem contributos acad\u00e9micos e profissionais que visam partilhar e divulgar conhecimento no dom\u00ednio da educa\u00e7\u00e3o. A submiss\u00e3o de trabalhos est\u00e1 aberta a toda a comunidade educativa \u2014 incluindo educadores, professores, investigadores, estudantes do ensino superior e t\u00e9cnicos da \u00e1rea \u2014 e organiza-se em tr\u00eas formatos distintos, cada um desenhado para diferentes fases e naturezas do trabalho:<\/p>\n\n\n\n<ol start=\"1\" class=\"wp-block-list\">\n<li><strong>Relato:<\/strong>\u00a0Formato ideal para partilhar\u00a0<strong>experi\u00eancias educativas ou projetos que se encontram em fase de desenvolvimento ou em curso<\/strong>. \u00c9 uma op\u00e7\u00e3o perfeita para relatar pr\u00e1ticas inovadoras, reflex\u00f5es sobre a\u00e7\u00f5es implementadas ou para apresentar os primeiros desenvolvimentos de um projeto de investiga\u00e7\u00e3o. A sua estrutura \u00e9 mais concisa, focando-se na descri\u00e7\u00e3o da experi\u00eancia\/projeto e nas conclus\u00f5es preliminares.<br><\/li>\n\n\n\n<li><strong>Artigo:<\/strong>\u00a0Destinado a trabalhos de investiga\u00e7\u00e3o\u00a0<strong>conclu\u00eddos ou com resultados substanciais<\/strong>. Este formato exige uma estrutura mais aprofundada, incluindo tipicamente metodologia, an\u00e1lise de dados, resultados e discuss\u00e3o. \u00c9 o canal para a divulga\u00e7\u00e3o de estudos cient\u00edficos completos e com contributos validados para a \u00e1rea.<br><\/li>\n\n\n\n<li><strong>P\u00f3ster:<\/strong>\u00a0Visa a divulga\u00e7\u00e3o visual e interativa de trabalhos de investiga\u00e7\u00e3o, experi\u00eancias, projetos, ferramentas ou materiais. A sess\u00e3o de posters constitui uma oportunidade \u00fanica para os autores apresentarem e discutirem os seus trabalhes de modo informal e direto com os participantes da confer\u00eancia.<\/li>\n<\/ol>\n\n\n\n<p><\/p>\n","protected":false},"excerpt":{"rendered":"<p>As Publica\u00e7\u00f5es Peri\u00f3dicas da Confer\u00eancia Internacional de Investiga\u00e7\u00e3o, Pr\u00e1ticas e Contextos em Educa\u00e7\u00e3o (IPCE) acolhem contributos acad\u00e9micos e profissionais que visam partilhar e divulgar conhecimento no dom\u00ednio da educa\u00e7\u00e3o. A submiss\u00e3o de trabalhos est\u00e1 aberta a toda a comunidade educativa&hellip;  <\/p>\n<p class=\"more-link\"><a href=\"https:\/\/sites.ipleiria.pt\/publicacoesipce\/submissoes\/\">Continue reading <span class=\"meta-nav\">&rarr;<\/span><\/a><\/p>\n","protected":false},"author":102,"featured_media":0,"parent":0,"menu_order":0,"comment_status":"closed","ping_status":"closed","template":"","meta":{"footnotes":""},"class_list":["post-2123","page","type-page","status-publish","hentry"],"_links":{"self":[{"href":"https:\/\/sites.ipleiria.pt\/publicacoesipce\/wp-json\/wp\/v2\/pages\/2123","targetHints":{"allow":["GET"]}}],"collection":[{"href":"https:\/\/sites.ipleiria.pt\/publicacoesipce\/wp-json\/wp\/v2\/pages"}],"about":[{"href":"https:\/\/sites.ipleiria.pt\/publicacoesipce\/wp-json\/wp\/v2\/types\/page"}],"author":[{"embeddable":true,"href":"https:\/\/sites.ipleiria.pt\/publicacoesipce\/wp-json\/wp\/v2\/users\/102"}],"replies":[{"embeddable":true,"href":"https:\/\/sites.ipleiria.pt\/publicacoesipce\/wp-json\/wp\/v2\/comments?post=2123"}],"version-history":[{"count":2,"href":"https:\/\/sites.ipleiria.pt\/publicacoesipce\/wp-json\/wp\/v2\/pages\/2123\/revisions"}],"predecessor-version":[{"id":2125,"href":"https:\/\/sites.ipleiria.pt\/publicacoesipce\/wp-json\/wp\/v2\/pages\/2123\/revisions\/2125"}],"wp:attachment":[{"href":"https:\/\/sites.ipleiria.pt\/publicacoesipce\/wp-json\/wp\/v2\/media?parent=2123"}],"curies":[{"name":"wp","href":"https:\/\/api.w.org\/{rel}","templated":true}]}}