{"id":2126,"date":"2025-11-04T10:23:50","date_gmt":"2025-11-04T10:23:50","guid":{"rendered":"https:\/\/sites.ipleiria.pt\/publicacoesipce\/?page_id=2126"},"modified":"2026-03-30T15:38:54","modified_gmt":"2026-03-30T15:38:54","slug":"poster","status":"publish","type":"page","link":"https:\/\/sites.ipleiria.pt\/publicacoesipce\/poster\/","title":{"rendered":"Condi\u00e7\u00f5es \u00e0 publica\u00e7\u00e3o do artigo"},"content":{"rendered":"\n<p>Aprovada a proposta para publica\u00e7\u00e3o, o artigo ser\u00e1 publicado ap\u00f3s a rece\u00e7\u00e3o de declara\u00e7\u00e3o assinada digitalmente por todos os autores afirmando a originalidade do texto e que n\u00e3o est\u00e1 em processo de avalia\u00e7\u00e3o para publica\u00e7\u00e3o noutro peri\u00f3dico.<\/p>\n","protected":false},"excerpt":{"rendered":"<p>Aprovada a proposta para publica\u00e7\u00e3o, o artigo ser\u00e1 publicado ap\u00f3s a rece\u00e7\u00e3o de declara\u00e7\u00e3o assinada digitalmente por todos os autores afirmando a originalidade do texto e que n\u00e3o est\u00e1 em processo de avalia\u00e7\u00e3o para publica\u00e7\u00e3o noutro peri\u00f3dico.<\/p>\n","protected":false},"author":102,"featured_media":0,"parent":0,"menu_order":0,"comment_status":"closed","ping_status":"closed","template":"","meta":{"footnotes":""},"class_list":["post-2126","page","type-page","status-publish","hentry"],"_links":{"self":[{"href":"https:\/\/sites.ipleiria.pt\/publicacoesipce\/wp-json\/wp\/v2\/pages\/2126","targetHints":{"allow":["GET"]}}],"collection":[{"href":"https:\/\/sites.ipleiria.pt\/publicacoesipce\/wp-json\/wp\/v2\/pages"}],"about":[{"href":"https:\/\/sites.ipleiria.pt\/publicacoesipce\/wp-json\/wp\/v2\/types\/page"}],"author":[{"embeddable":true,"href":"https:\/\/sites.ipleiria.pt\/publicacoesipce\/wp-json\/wp\/v2\/users\/102"}],"replies":[{"embeddable":true,"href":"https:\/\/sites.ipleiria.pt\/publicacoesipce\/wp-json\/wp\/v2\/comments?post=2126"}],"version-history":[{"count":3,"href":"https:\/\/sites.ipleiria.pt\/publicacoesipce\/wp-json\/wp\/v2\/pages\/2126\/revisions"}],"predecessor-version":[{"id":2200,"href":"https:\/\/sites.ipleiria.pt\/publicacoesipce\/wp-json\/wp\/v2\/pages\/2126\/revisions\/2200"}],"wp:attachment":[{"href":"https:\/\/sites.ipleiria.pt\/publicacoesipce\/wp-json\/wp\/v2\/media?parent=2126"}],"curies":[{"name":"wp","href":"https:\/\/api.w.org\/{rel}","templated":true}]}}