{"id":2128,"date":"2025-11-04T10:24:07","date_gmt":"2025-11-04T10:24:07","guid":{"rendered":"https:\/\/sites.ipleiria.pt\/publicacoesipce\/?page_id=2128"},"modified":"2026-03-30T15:39:55","modified_gmt":"2026-03-30T15:39:55","slug":"relato-rel","status":"publish","type":"page","link":"https:\/\/sites.ipleiria.pt\/publicacoesipce\/relato-rel\/","title":{"rendered":"Processo de revis\u00e3o por pares"},"content":{"rendered":"\n<p>As propostas de artigo submetidas \u00e0 RIPCE ser\u00e3o objeto de an\u00e1lise preliminar pela Equipa Editorial. Esta avalia\u00e7\u00e3o pr\u00e9via pautar-se-\u00e1 pelos seguintes crit\u00e9rios:\u00a0<\/p>\n\n\n\n<p>i)&nbsp;&nbsp;&nbsp;&nbsp;&nbsp;&nbsp;&nbsp;&nbsp;&nbsp;&nbsp;adequa\u00e7\u00e3o da proposta aos objetivos da revista e&nbsp;<\/p>\n\n\n\n<p>ii)&nbsp;&nbsp;&nbsp;&nbsp;&nbsp;&nbsp;&nbsp;&nbsp;&nbsp;cumprimento das normas editoriais.&nbsp;<\/p>\n\n\n\n<p>Satisfeitas estas condi\u00e7\u00f5es, a Comiss\u00e3o Editorial verificar\u00e1 o cumprimento dos crit\u00e9rios definidos pela revista e descritos nas indica\u00e7\u00f5es para os autores. Ainda neste passo, verificar-se-\u00e1, mediante um sistema de verifica\u00e7\u00e3o de pl\u00e1gio, se o documento \u00e9 original.<\/p>\n\n\n\n<p>Posteriormente, a proposta de artigo ser\u00e1 avaliada por, pelo menos, dois especialistas da \u00e1rea selecionados para o efeito em regime de duplo anonimato, de acordo com um conjunto de itens definidos pela Equipa Editorial. Esta assegurar\u00e1 que nenhum dos revisores est\u00e1 vinculado a nenhuma das institui\u00e7\u00f5es do(s) autor(es). Como resultado do processo de avalia\u00e7\u00e3o, a proposta de artigo pode ser: i) aceite; ii) aceite com sugest\u00f5es de altera\u00e7\u00e3o, iii) rejeitada. A decis\u00e3o final sobre a publica\u00e7\u00e3o da proposta de artigo \u00e9 da responsabilidade da Comiss\u00e3o Editorial.&nbsp;<\/p>\n\n\n\n<p>O tempo estimado de resposta \u00e9 de 2 meses. No caso do artigo necessitar de altera\u00e7\u00f5es (ii), os autores devem submeter a vers\u00e3o reformulada at\u00e9 2 meses ap\u00f3s a rece\u00e7\u00e3o da decis\u00e3o. Esta vers\u00e3o reformulada ser\u00e1 novamente avaliada para uma decis\u00e3o final quanto \u00e0 sua publica\u00e7\u00e3o.<\/p>\n\n\n\n<p>Para a publica\u00e7\u00e3o final do artigo, a revista reserva-se ao direito de fazer revis\u00f5es ao n\u00edvel da formata\u00e7\u00e3o, estilo ou linguagem a fim de ajustar o documento ao formato de publica\u00e7\u00e3o.<\/p>\n\n\n\n<p>Ser\u00e1 publicada em cada n\u00famero a lista de revisores que colaboraram no respetivo processo de revis\u00e3o.<\/p>\n","protected":false},"excerpt":{"rendered":"<p>As propostas de artigo submetidas \u00e0 RIPCE ser\u00e3o objeto de an\u00e1lise preliminar pela Equipa Editorial. Esta avalia\u00e7\u00e3o pr\u00e9via pautar-se-\u00e1 pelos seguintes crit\u00e9rios:\u00a0 i)&nbsp;&nbsp;&nbsp;&nbsp;&nbsp;&nbsp;&nbsp;&nbsp;&nbsp;&nbsp;adequa\u00e7\u00e3o da proposta aos objetivos da revista e&nbsp; ii)&nbsp;&nbsp;&nbsp;&nbsp;&nbsp;&nbsp;&nbsp;&nbsp;&nbsp;cumprimento das normas editoriais.&nbsp; Satisfeitas estas condi\u00e7\u00f5es, a Comiss\u00e3o Editorial&hellip;  <\/p>\n<p class=\"more-link\"><a href=\"https:\/\/sites.ipleiria.pt\/publicacoesipce\/relato-rel\/\">Continue reading <span class=\"meta-nav\">&rarr;<\/span><\/a><\/p>\n","protected":false},"author":102,"featured_media":0,"parent":0,"menu_order":0,"comment_status":"closed","ping_status":"closed","template":"","meta":{"footnotes":""},"class_list":["post-2128","page","type-page","status-publish","hentry"],"_links":{"self":[{"href":"https:\/\/sites.ipleiria.pt\/publicacoesipce\/wp-json\/wp\/v2\/pages\/2128","targetHints":{"allow":["GET"]}}],"collection":[{"href":"https:\/\/sites.ipleiria.pt\/publicacoesipce\/wp-json\/wp\/v2\/pages"}],"about":[{"href":"https:\/\/sites.ipleiria.pt\/publicacoesipce\/wp-json\/wp\/v2\/types\/page"}],"author":[{"embeddable":true,"href":"https:\/\/sites.ipleiria.pt\/publicacoesipce\/wp-json\/wp\/v2\/users\/102"}],"replies":[{"embeddable":true,"href":"https:\/\/sites.ipleiria.pt\/publicacoesipce\/wp-json\/wp\/v2\/comments?post=2128"}],"version-history":[{"count":3,"href":"https:\/\/sites.ipleiria.pt\/publicacoesipce\/wp-json\/wp\/v2\/pages\/2128\/revisions"}],"predecessor-version":[{"id":2202,"href":"https:\/\/sites.ipleiria.pt\/publicacoesipce\/wp-json\/wp\/v2\/pages\/2128\/revisions\/2202"}],"wp:attachment":[{"href":"https:\/\/sites.ipleiria.pt\/publicacoesipce\/wp-json\/wp\/v2\/media?parent=2128"}],"curies":[{"name":"wp","href":"https:\/\/api.w.org\/{rel}","templated":true}]}}