{"id":2130,"date":"2025-11-04T10:24:25","date_gmt":"2025-11-04T10:24:25","guid":{"rendered":"https:\/\/sites.ipleiria.pt\/publicacoesipce\/?page_id=2130"},"modified":"2026-03-30T15:41:06","modified_gmt":"2026-03-30T15:41:06","slug":"artigo-art","status":"publish","type":"page","link":"https:\/\/sites.ipleiria.pt\/publicacoesipce\/artigo-art\/","title":{"rendered":"Audi\u00eancia"},"content":{"rendered":"\n<p>A RIPCE dirige-se a uma audi\u00eancia vasta (nacional e internacional) de investigadores, educadores\/professores, formadores, t\u00e9cnicos superiores, acad\u00e9micos, decisores pol\u00edticos da \u00e1rea da educa\u00e7\u00e3o e das ci\u00eancias sociais. Com uma composi\u00e7\u00e3o editorial nacional e internacional e publica\u00e7\u00e3o de artigos em l\u00edngua portuguesa, inglesa e castelhana, a RIPCE est\u00e1 dispon\u00edvel para a comunidade cient\u00edfica internacional.\u00a0<\/p>\n\n\n\n<p><\/p>\n","protected":false},"excerpt":{"rendered":"<p>A RIPCE dirige-se a uma audi\u00eancia vasta (nacional e internacional) de investigadores, educadores\/professores, formadores, t\u00e9cnicos superiores, acad\u00e9micos, decisores pol\u00edticos da \u00e1rea da educa\u00e7\u00e3o e das ci\u00eancias sociais. Com uma composi\u00e7\u00e3o editorial nacional e internacional e publica\u00e7\u00e3o de artigos em l\u00edngua&hellip;  <\/p>\n<p class=\"more-link\"><a href=\"https:\/\/sites.ipleiria.pt\/publicacoesipce\/artigo-art\/\">Continue reading <span class=\"meta-nav\">&rarr;<\/span><\/a><\/p>\n","protected":false},"author":102,"featured_media":0,"parent":0,"menu_order":0,"comment_status":"closed","ping_status":"closed","template":"","meta":{"footnotes":""},"class_list":["post-2130","page","type-page","status-publish","hentry"],"_links":{"self":[{"href":"https:\/\/sites.ipleiria.pt\/publicacoesipce\/wp-json\/wp\/v2\/pages\/2130","targetHints":{"allow":["GET"]}}],"collection":[{"href":"https:\/\/sites.ipleiria.pt\/publicacoesipce\/wp-json\/wp\/v2\/pages"}],"about":[{"href":"https:\/\/sites.ipleiria.pt\/publicacoesipce\/wp-json\/wp\/v2\/types\/page"}],"author":[{"embeddable":true,"href":"https:\/\/sites.ipleiria.pt\/publicacoesipce\/wp-json\/wp\/v2\/users\/102"}],"replies":[{"embeddable":true,"href":"https:\/\/sites.ipleiria.pt\/publicacoesipce\/wp-json\/wp\/v2\/comments?post=2130"}],"version-history":[{"count":4,"href":"https:\/\/sites.ipleiria.pt\/publicacoesipce\/wp-json\/wp\/v2\/pages\/2130\/revisions"}],"predecessor-version":[{"id":2205,"href":"https:\/\/sites.ipleiria.pt\/publicacoesipce\/wp-json\/wp\/v2\/pages\/2130\/revisions\/2205"}],"wp:attachment":[{"href":"https:\/\/sites.ipleiria.pt\/publicacoesipce\/wp-json\/wp\/v2\/media?parent=2130"}],"curies":[{"name":"wp","href":"https:\/\/api.w.org\/{rel}","templated":true}]}}