{"id":2133,"date":"2025-11-04T10:26:11","date_gmt":"2025-11-04T10:26:11","guid":{"rendered":"https:\/\/sites.ipleiria.pt\/publicacoesipce\/?page_id=2133"},"modified":"2025-11-07T15:23:57","modified_gmt":"2025-11-07T15:23:57","slug":"normas-de-publicacao-apa-7a","status":"publish","type":"page","link":"https:\/\/sites.ipleiria.pt\/publicacoesipce\/normas-de-publicacao-apa-7a\/","title":{"rendered":"Normas de Publica\u00e7\u00e3o (APA 7\u00aa)"},"content":{"rendered":"\n<p>Todos os trabalhos submetidos para a Confer\u00eancia IPCE2024 (sejam Artigos, Relatos ou P\u00f3steres) devem obrigatoriamente seguir as&nbsp;<strong>Normas APA 7.\u00aa Edi\u00e7\u00e3o<\/strong>&nbsp;para:<\/p>\n\n\n\n<ul class=\"wp-block-list\">\n<li>Cita\u00e7\u00f5es no texto<\/li>\n\n\n\n<li>Lista de Refer\u00eancias Bibliogr\u00e1ficas<\/li>\n\n\n\n<li>Formata\u00e7\u00e3o de tabelas e figuras<\/li>\n\n\n\n<li>Estrutura geral do documento<\/li>\n<\/ul>\n\n\n\n<p><strong><a href=\"https:\/\/apastyle.apa.org\">Consulte as normas completas aqui<\/a><\/strong><\/p>\n\n\n\n<p>A n\u00e3o utiliza\u00e7\u00e3o destas normas constitui motivo de exclus\u00e3o do processo de avalia\u00e7\u00e3o e publica\u00e7\u00e3o.<\/p>\n\n\n\n<hr class=\"wp-block-separator has-alpha-channel-opacity\"\/>\n\n\n\n<p><strong>Nota Importante:<\/strong>&nbsp;A Comiss\u00e3o Cient\u00edfica verificar\u00e1 escrupulosamente o cumprimento destas normas durante o processo de avalia\u00e7\u00e3o cega. Garanta que o seu trabalho est\u00e1 em conformidade antes da submiss\u00e3o.<\/p>\n","protected":false},"excerpt":{"rendered":"<p>Todos os trabalhos submetidos para a Confer\u00eancia IPCE2024 (sejam Artigos, Relatos ou P\u00f3steres) devem obrigatoriamente seguir as&nbsp;Normas APA 7.\u00aa Edi\u00e7\u00e3o&nbsp;para: Consulte as normas completas aqui A n\u00e3o utiliza\u00e7\u00e3o destas normas constitui motivo de exclus\u00e3o do processo de avalia\u00e7\u00e3o e publica\u00e7\u00e3o.&hellip;  <\/p>\n<p class=\"more-link\"><a href=\"https:\/\/sites.ipleiria.pt\/publicacoesipce\/normas-de-publicacao-apa-7a\/\">Continue reading <span class=\"meta-nav\">&rarr;<\/span><\/a><\/p>\n","protected":false},"author":102,"featured_media":0,"parent":0,"menu_order":0,"comment_status":"closed","ping_status":"closed","template":"","meta":{"footnotes":""},"class_list":["post-2133","page","type-page","status-publish","hentry"],"_links":{"self":[{"href":"https:\/\/sites.ipleiria.pt\/publicacoesipce\/wp-json\/wp\/v2\/pages\/2133","targetHints":{"allow":["GET"]}}],"collection":[{"href":"https:\/\/sites.ipleiria.pt\/publicacoesipce\/wp-json\/wp\/v2\/pages"}],"about":[{"href":"https:\/\/sites.ipleiria.pt\/publicacoesipce\/wp-json\/wp\/v2\/types\/page"}],"author":[{"embeddable":true,"href":"https:\/\/sites.ipleiria.pt\/publicacoesipce\/wp-json\/wp\/v2\/users\/102"}],"replies":[{"embeddable":true,"href":"https:\/\/sites.ipleiria.pt\/publicacoesipce\/wp-json\/wp\/v2\/comments?post=2133"}],"version-history":[{"count":2,"href":"https:\/\/sites.ipleiria.pt\/publicacoesipce\/wp-json\/wp\/v2\/pages\/2133\/revisions"}],"predecessor-version":[{"id":2188,"href":"https:\/\/sites.ipleiria.pt\/publicacoesipce\/wp-json\/wp\/v2\/pages\/2133\/revisions\/2188"}],"wp:attachment":[{"href":"https:\/\/sites.ipleiria.pt\/publicacoesipce\/wp-json\/wp\/v2\/media?parent=2133"}],"curies":[{"name":"wp","href":"https:\/\/api.w.org\/{rel}","templated":true}]}}