{"id":2140,"date":"2025-11-04T10:35:07","date_gmt":"2025-11-04T10:35:07","guid":{"rendered":"https:\/\/sites.ipleiria.pt\/publicacoesipce\/?page_id=2140"},"modified":"2026-03-30T15:37:19","modified_gmt":"2026-03-30T15:37:19","slug":"plataforma-de-submissao","status":"publish","type":"page","link":"https:\/\/sites.ipleiria.pt\/publicacoesipce\/plataforma-de-submissao\/","title":{"rendered":"Instru\u00e7\u00f5es para os autores"},"content":{"rendered":"\n<p><strong>Guia Passo a Passo para Submeter o Seu Trabalho<\/strong><\/p>\n\n\n\n<p>Os trabalhos devem estar redigidos em l\u00edngua Portuguesa, Castelhana ou Inglesa e de acordo com a 7.\u00aa edi\u00e7\u00e3o das Normas APA (American Psychology Association-\u00a0<a href=\"about:blank\">www.apastyle.org<\/a>).<\/p>\n\n\n\n<p>As propostas dever\u00e3o ser submetidas online, depois de registo, no site da RIPCE, no seguinte endere\u00e7o:<a href=\"https:\/\/sites.ipleiria.pt\/publicacoesipce\/submeter-artigo\">\u00a0https:\/\/sites.ipleiria.pt\/publicacoesipce\/submeter-artigo<\/a><a href=\"https:\/\/sites.ipleiria.pt\/riecs\/submeter-artigo\/\">\/<\/a><\/p>\n\n\n\n<p>A submiss\u00e3o online ser\u00e1 feita sob anonimato, isto \u00e9, a proposta de artigo n\u00e3o dever\u00e1 ter qualquer refer\u00eancia nem aos autores nem \u00e0 institui\u00e7\u00e3o a que pertencem. Os agradecimentos, o nome dos autores ao longo do texto e nas refer\u00eancias devem ser exclu\u00eddos. Os dados pessoais ser\u00e3o inseridos em local pr\u00f3prio para o efeito, devidamente identificado no processo de submiss\u00e3o.<\/p>\n\n\n\n<p>Na vers\u00e3o final, para publica\u00e7\u00e3o, os autores devem apresentar, no espa\u00e7o destinado a tal, o seu pa\u00eds e afilia\u00e7\u00e3o em ingl\u00eas, portugu\u00eas e castelhano.<\/p>\n\n\n\n<p>Formata\u00e7\u00e3o: Letra: Times New Roman, tamanho 12; Espa\u00e7o 1,5 justificado em ambas as margens n\u00e3o inferiores a 3 cm. As cita\u00e7\u00f5es a partir de 40 palavras devem aparecer em par\u00e1grafo pr\u00f3prio, sem aspas, conter espa\u00e7o 1,5, recuo de 1,27 cm da margem esquerda e fonte 12. As notas devem estar no final do texto (Times New Roman, 10; espa\u00e7o simples). Os artigos devem ter um m\u00ednimo de 30 000 e o m\u00e1ximo de 40 000 caracteres (com espa\u00e7os) incluindo os 3 resumos, gr\u00e1ficos, quadros, imagens, notas de fim de texto e refer\u00eancias bibliogr\u00e1ficas. O t\u00edtulo e as palavras-chave n\u00e3o integram esta contabilidade. O n\u00famero de Refer\u00eancias Bibliogr\u00e1ficas n\u00e3o pode exceder as 25.<\/p>\n\n\n\n<p>Os artigos devem ser acompanhados, no in\u00edcio, de resumo em portugu\u00eas, ingl\u00eas e castelhano (1200-1500 caracteres com espa\u00e7o) e 3 a 5 palavras-chave separadas por ponto e v\u00edrgula, tamb\u00e9m em portugu\u00eas, ingl\u00eas e castelhano. O resumo deve explicitar o tema geral, a problem\u00e1tica, os objetivos, a metodologia e as principais conclus\u00f5es.<\/p>\n\n\n\n<p>O t\u00edtulo, redigido em Portugu\u00eas e Ingl\u00eas ou Castelhano e Ingl\u00eas, deve ser claro e preciso. Dever\u00e1 ter o m\u00e1ximo de 70 caracteres.<\/p>\n\n\n\n<p>O texto deve seguir as normas gerais de formata\u00e7\u00e3o da RIPCE.\u00a0O modelo deve ser descarregado\u00a0<a href=\"http:\/\/sites.ipleiria.pt\/publicacoesipce\/files\/2026\/03\/Trabalho-a-fazer-na-RIPCE-.docx\">(descarregue aqui)<\/a>\u00a0e deve ser usado para trabalhar diretamente sobre o ficheiro. No caso de estas normas n\u00e3o serem respeitadas, os textos n\u00e3o ser\u00e3o publicados.<\/p>\n\n\n\n<p>Os autores que submetam os seus artigos para publica\u00e7\u00e3o na RIECS assumem o compromisso de n\u00e3o os submeter a outras revistas a n\u00e3o ser que os artigos n\u00e3o sejam publicados no prazo de um ano.\u00a0<\/p>\n\n\n\n<p class=\"has-small-font-size\">Os autores que submeterem os seus artigos para publica\u00e7\u00e3o na RIECS conferem \u00e0 reda\u00e7\u00e3o da RIECS os direitos de indexa\u00e7\u00e3o, em redes internacionais, dos artigos publicados. Os conte\u00fados dos textos e as opini\u00f5es neles expressas, tal como a refer\u00eancia a figuras ou gr\u00e1ficos j\u00e1 publicados, s\u00e3o da exclusiva responsabilidade dos autores. cloud services as well as for software development and support.<\/p>\n\n\n\n<p><\/p>\n","protected":false},"excerpt":{"rendered":"<p>Guia Passo a Passo para Submeter o Seu Trabalho Os trabalhos devem estar redigidos em l\u00edngua Portuguesa, Castelhana ou Inglesa e de acordo com a 7.\u00aa edi\u00e7\u00e3o das Normas APA (American Psychology Association-\u00a0www.apastyle.org). As propostas dever\u00e3o ser submetidas online, depois&hellip;  <\/p>\n<p class=\"more-link\"><a href=\"https:\/\/sites.ipleiria.pt\/publicacoesipce\/plataforma-de-submissao\/\">Continue reading <span class=\"meta-nav\">&rarr;<\/span><\/a><\/p>\n","protected":false},"author":102,"featured_media":0,"parent":0,"menu_order":0,"comment_status":"closed","ping_status":"closed","template":"","meta":{"footnotes":""},"class_list":["post-2140","page","type-page","status-publish","hentry"],"_links":{"self":[{"href":"https:\/\/sites.ipleiria.pt\/publicacoesipce\/wp-json\/wp\/v2\/pages\/2140","targetHints":{"allow":["GET"]}}],"collection":[{"href":"https:\/\/sites.ipleiria.pt\/publicacoesipce\/wp-json\/wp\/v2\/pages"}],"about":[{"href":"https:\/\/sites.ipleiria.pt\/publicacoesipce\/wp-json\/wp\/v2\/types\/page"}],"author":[{"embeddable":true,"href":"https:\/\/sites.ipleiria.pt\/publicacoesipce\/wp-json\/wp\/v2\/users\/102"}],"replies":[{"embeddable":true,"href":"https:\/\/sites.ipleiria.pt\/publicacoesipce\/wp-json\/wp\/v2\/comments?post=2140"}],"version-history":[{"count":6,"href":"https:\/\/sites.ipleiria.pt\/publicacoesipce\/wp-json\/wp\/v2\/pages\/2140\/revisions"}],"predecessor-version":[{"id":2198,"href":"https:\/\/sites.ipleiria.pt\/publicacoesipce\/wp-json\/wp\/v2\/pages\/2140\/revisions\/2198"}],"wp:attachment":[{"href":"https:\/\/sites.ipleiria.pt\/publicacoesipce\/wp-json\/wp\/v2\/media?parent=2140"}],"curies":[{"name":"wp","href":"https:\/\/api.w.org\/{rel}","templated":true}]}}