{"id":2182,"date":"2025-11-04T17:20:30","date_gmt":"2025-11-04T17:20:30","guid":{"rendered":"https:\/\/sites.ipleiria.pt\/publicacoesipce\/?page_id=2182"},"modified":"2026-03-30T15:38:03","modified_gmt":"2026-03-30T15:38:03","slug":"plataforma-de-submissao-2","status":"publish","type":"page","link":"https:\/\/sites.ipleiria.pt\/publicacoesipce\/plataforma-de-submissao-2\/","title":{"rendered":"Condi\u00e7\u00e3o para submiss\u00e3o"},"content":{"rendered":"\n<p>Os autores s\u00e3o obrigados a verificar a conformidade da submiss\u00e3o em rela\u00e7\u00e3o a todos os itens listados a seguir. As submiss\u00f5es que n\u00e3o estiverem de acordo com as normas ser\u00e3o devolvidas aos autores.<\/p>\n\n\n\n<ol class=\"wp-block-list\">\n<li>A contribui\u00e7\u00e3o \u00e9 original e in\u00e9dita e n\u00e3o se encontra sob revis\u00e3o ou para publica\u00e7\u00e3o por outra revista.<\/li>\n\n\n\n<li>Os ficheiros para submiss\u00e3o encontram-se em formato .doc ou .docx<\/li>\n\n\n\n<li>As figuras e tabelas est\u00e3o inseridas no texto, n\u00e3o no final do documento na forma de anexos.<\/li>\n\n\n\n<li>O texto segue os padr\u00f5es de estilo e requisitos bibliogr\u00e1ficos descritos em Instru\u00e7\u00f5es para Autores (sec\u00e7\u00e3o Sobre a Revista).<\/li>\n<\/ol>\n\n\n\n<p><\/p>\n","protected":false},"excerpt":{"rendered":"<p>Os autores s\u00e3o obrigados a verificar a conformidade da submiss\u00e3o em rela\u00e7\u00e3o a todos os itens listados a seguir. As submiss\u00f5es que n\u00e3o estiverem de acordo com as normas ser\u00e3o devolvidas aos autores.<\/p>\n","protected":false},"author":102,"featured_media":0,"parent":0,"menu_order":0,"comment_status":"closed","ping_status":"closed","template":"","meta":{"footnotes":""},"class_list":["post-2182","page","type-page","status-publish","hentry"],"_links":{"self":[{"href":"https:\/\/sites.ipleiria.pt\/publicacoesipce\/wp-json\/wp\/v2\/pages\/2182","targetHints":{"allow":["GET"]}}],"collection":[{"href":"https:\/\/sites.ipleiria.pt\/publicacoesipce\/wp-json\/wp\/v2\/pages"}],"about":[{"href":"https:\/\/sites.ipleiria.pt\/publicacoesipce\/wp-json\/wp\/v2\/types\/page"}],"author":[{"embeddable":true,"href":"https:\/\/sites.ipleiria.pt\/publicacoesipce\/wp-json\/wp\/v2\/users\/102"}],"replies":[{"embeddable":true,"href":"https:\/\/sites.ipleiria.pt\/publicacoesipce\/wp-json\/wp\/v2\/comments?post=2182"}],"version-history":[{"count":4,"href":"https:\/\/sites.ipleiria.pt\/publicacoesipce\/wp-json\/wp\/v2\/pages\/2182\/revisions"}],"predecessor-version":[{"id":2199,"href":"https:\/\/sites.ipleiria.pt\/publicacoesipce\/wp-json\/wp\/v2\/pages\/2182\/revisions\/2199"}],"wp:attachment":[{"href":"https:\/\/sites.ipleiria.pt\/publicacoesipce\/wp-json\/wp\/v2\/media?parent=2182"}],"curies":[{"name":"wp","href":"https:\/\/api.w.org\/{rel}","templated":true}]}}