{"id":2213,"date":"2026-03-30T15:52:30","date_gmt":"2026-03-30T15:52:30","guid":{"rendered":"https:\/\/sites.ipleiria.pt\/publicacoesipce\/?page_id=2213"},"modified":"2026-03-30T15:52:30","modified_gmt":"2026-03-30T15:52:30","slug":"politica-de-acesso-livre","status":"publish","type":"page","link":"https:\/\/sites.ipleiria.pt\/publicacoesipce\/politica-de-acesso-livre\/","title":{"rendered":"Pol\u00edtica de Acesso Livre"},"content":{"rendered":"\n<p>A RIECS oferece acesso livre imediato ao seu conte\u00fado, alinhado com princ\u00edpio da <a href=\"https:\/\/creativecommons.org\">creative commons<\/a> de que disponibilizar gratuitamente o conhecimento cient\u00edfico ao p\u00fablico proporcionando uma maior democratiza\u00e7\u00e3o do conhecimento.<\/p>\n\n\n\n<p><\/p>\n","protected":false},"excerpt":{"rendered":"<p>A RIECS oferece acesso livre imediato ao seu conte\u00fado, alinhado com princ\u00edpio da creative commons de que disponibilizar gratuitamente o conhecimento cient\u00edfico ao p\u00fablico proporcionando uma maior democratiza\u00e7\u00e3o do conhecimento.<\/p>\n","protected":false},"author":102,"featured_media":0,"parent":0,"menu_order":0,"comment_status":"closed","ping_status":"closed","template":"","meta":{"footnotes":""},"class_list":["post-2213","page","type-page","status-publish","hentry"],"_links":{"self":[{"href":"https:\/\/sites.ipleiria.pt\/publicacoesipce\/wp-json\/wp\/v2\/pages\/2213","targetHints":{"allow":["GET"]}}],"collection":[{"href":"https:\/\/sites.ipleiria.pt\/publicacoesipce\/wp-json\/wp\/v2\/pages"}],"about":[{"href":"https:\/\/sites.ipleiria.pt\/publicacoesipce\/wp-json\/wp\/v2\/types\/page"}],"author":[{"embeddable":true,"href":"https:\/\/sites.ipleiria.pt\/publicacoesipce\/wp-json\/wp\/v2\/users\/102"}],"replies":[{"embeddable":true,"href":"https:\/\/sites.ipleiria.pt\/publicacoesipce\/wp-json\/wp\/v2\/comments?post=2213"}],"version-history":[{"count":1,"href":"https:\/\/sites.ipleiria.pt\/publicacoesipce\/wp-json\/wp\/v2\/pages\/2213\/revisions"}],"predecessor-version":[{"id":2214,"href":"https:\/\/sites.ipleiria.pt\/publicacoesipce\/wp-json\/wp\/v2\/pages\/2213\/revisions\/2214"}],"wp:attachment":[{"href":"https:\/\/sites.ipleiria.pt\/publicacoesipce\/wp-json\/wp\/v2\/media?parent=2213"}],"curies":[{"name":"wp","href":"https:\/\/api.w.org\/{rel}","templated":true}]}}