{"id":2,"date":"2022-10-10T14:00:26","date_gmt":"2022-10-10T14:00:26","guid":{"rendered":"http:\/\/reler.sites.ipleiria.pt\/?page_id=2"},"modified":"2023-09-14T10:57:58","modified_gmt":"2023-09-14T10:57:58","slug":"sobre","status":"publish","type":"page","link":"https:\/\/sites.ipleiria.pt\/reler\/sobre\/","title":{"rendered":"Sobre"},"content":{"rendered":"\n<p class=\"has-white-color has-text-color has-background\" style=\"background-color:#47d0b7;font-size:14px;letter-spacing:1px\">O<strong> reLer &#8211; Recursos de Aprendizagem do Portugu\u00eas<\/strong> \u00e9 um projeto que tem como base a L\u00edngua Portuguesa e visa disponibilizar recursos \u00e1udio que servir\u00e3o de apoio no processo de aprendizagem e de ensino da l\u00edngua, extens\u00edvel \u00e0 comunidade do Polit\u00e9cnico de Leiria, mas tamb\u00e9m a toda a comunidade de aprendentes da L\u00edngua Portuguesa.<br><br>Resulta de um trabalho coletivo, iniciado em 2021, entre a Biblioteca da Escola Superior de Educa\u00e7\u00e3o e Ci\u00eancias Sociais do IPLeiria e um grupo de docentes e colaboradores da mesma escola.<\/p>\n\n\n\n<p class=\"has-white-color has-text-color has-background\" style=\"background-color:#47d0b7;font-size:10px\"><em>A reprodu\u00e7\u00e3o \u00e1udio das obras apresentadas est\u00e1 em conformidade com o disposto artigo 75.\u00ba, n.\u00ba 2, do C\u00f3digo do Direito de Autor e Direitos Conexos, aprovado pelo Decreto-Lei n.\u00ba 63\/85, de 14 de mar\u00e7o, na sua atual reda\u00e7\u00e3o<\/em>.<\/p>\n\n\n\n<hr class=\"wp-block-separator has-text-color has-background\" style=\"background-color:#1f9e87;color:#1f9e87\" \/>\n\n\n\n<hr class=\"wp-block-separator has-text-color has-background has-white-background-color has-white-color\" \/>\n\n\n\n<h4 class=\"wp-block-heading\" style=\"font-size:14px;letter-spacing:1px\"><strong>Comiss\u00e3o cient\u00edfico-pedag\u00f3gica:<\/strong><\/h4>\n\n\n\n<ul class=\"wp-block-list\" style=\"font-size:14px;letter-spacing:1px\"><li>Ana Vieira Barbosa<\/li><li>Alexandra Pereira<\/li><li>Catarina Mangas<\/li><li>Catarina Menezes<\/li><li>Cristina Nobre<\/li><li>Joana Carvalho Marques<\/li><li>Lu\u00eds Barbeiro<\/li><li>Maria Jos\u00e9 Gamboa<\/li><li>Mark Daubney<\/li><li>Romain Gillain\u00a0<\/li><\/ul>\n\n\n\n<h4 class=\"wp-block-heading\" style=\"font-size:14px;letter-spacing:1px\"><strong>Coordena\u00e7\u00e3o de projeto:<\/strong><\/h4>\n\n\n\n<ul class=\"wp-block-list\" style=\"font-size:14px;letter-spacing:1px\"><li>Alexandra Pereira<\/li><li>Catarina Menezes<\/li><li>Joana Carvalho Marques<\/li><\/ul>\n\n\n\n<h4 class=\"wp-block-heading\" style=\"font-size:14px;letter-spacing:1px\"><strong>Apoio \u00e0 produ\u00e7\u00e3o e edi\u00e7\u00e3o:<\/strong><\/h4>\n\n\n\n<ul class=\"wp-block-list\" style=\"font-size:14px;letter-spacing:1px\"><li>Marta Oliveira<\/li><\/ul>\n\n\n\n<h4 class=\"wp-block-heading\" style=\"font-size:14px;letter-spacing:1px\">Design:<\/h4>\n\n\n\n<ul class=\"wp-block-list\" style=\"font-size:14px;letter-spacing:1px\"><li>Jo\u00e3o Pinheiro<\/li><\/ul>\n\n\n\n<h4 class=\"wp-block-heading\" style=\"font-size:14px;letter-spacing:1px\">Trilha:<\/h4>\n\n\n\n<ul class=\"wp-block-list\" style=\"font-size:14px;letter-spacing:1px\"><li>Lu\u00eds Cabaceira <a href=\"https:\/\/www.reverbnation.com\/meandthebox\/songs\">(https:\/\/www.reverbnation.com\/meandthebox\/songs)<\/a><\/li><\/ul>\n\n\n\n<hr class=\"wp-block-separator has-text-color has-background has-white-background-color has-white-color\" \/>\n\n\n\n<hr class=\"wp-block-separator has-text-color has-background has-white-background-color has-white-color\" \/>\n\n\n\n<hr class=\"wp-block-separator has-text-color has-background\" style=\"background-color:#1f9e87;color:#1f9e87\" \/>\n\n\n\n<h4 class=\"wp-block-heading\" style=\"font-size:14px;letter-spacing:1px\">Contactos<\/h4>\n\n\n\n<p style=\"font-size:14px;letter-spacing:1px\"><em>Campus 1<\/em><br>Escola Superior de Educa\u00e7\u00e3o e Ci\u00eancias Sociais, Instituto Polit\u00e9cnico de Leiria<br>Rua Dr. Jo\u00e3o Soares, Apartado 4045, 2411-901 Leiria<br>Telefone: 244 829 400<br>Correio Eletr\u00f3nico: reler@ipleiria.pt<\/p>\n","protected":false},"excerpt":{"rendered":"<p>O reLer &#8211; Recursos de Aprendizagem do Portugu\u00eas \u00e9 um projeto que tem como base a L\u00edngua&#46;&#46;&#46;<\/p>\n","protected":false},"author":102,"featured_media":0,"parent":0,"menu_order":0,"comment_status":"closed","ping_status":"closed","template":"","meta":{"om_disable_all_campaigns":false,"_monsterinsights_skip_tracking":false,"_monsterinsights_sitenote_active":false,"_monsterinsights_sitenote_note":"","_monsterinsights_sitenote_category":0,"_uf_show_specific_survey":0,"_uf_disable_surveys":false,"footnotes":""},"class_list":["post-2","page","type-page","status-publish","hentry"],"aioseo_notices":[],"yoast_head":"<!-- This site is optimized with the Yoast SEO plugin v26.8 - https:\/\/yoast.com\/product\/yoast-seo-wordpress\/ -->\n<title>Sobre - Reler<\/title>\n<meta name=\"robots\" content=\"index, follow, max-snippet:-1, max-image-preview:large, max-video-preview:-1\" \/>\n<link rel=\"canonical\" href=\"https:\/\/sites.ipleiria.pt\/reler\/sobre\/\" \/>\n<meta property=\"og:locale\" content=\"pt_PT\" \/>\n<meta property=\"og:type\" content=\"article\" \/>\n<meta property=\"og:title\" content=\"Sobre - Reler\" \/>\n<meta property=\"og:description\" content=\"O reLer &#8211; Recursos de Aprendizagem do Portugu\u00eas \u00e9 um projeto que tem como base a L\u00edngua&#046;&#046;&#046;\" \/>\n<meta property=\"og:url\" content=\"https:\/\/sites.ipleiria.pt\/reler\/sobre\/\" \/>\n<meta property=\"og:site_name\" content=\"Reler\" \/>\n<meta property=\"article:modified_time\" content=\"2023-09-14T10:57:58+00:00\" \/>\n<meta name=\"twitter:card\" content=\"summary_large_image\" \/>\n<meta name=\"twitter:label1\" content=\"Tempo estimado de leitura\" \/>\n\t<meta name=\"twitter:data1\" content=\"2 minutos\" \/>\n<script type=\"application\/ld+json\" class=\"yoast-schema-graph\">{\"@context\":\"https:\/\/schema.org\",\"@graph\":[{\"@type\":\"WebPage\",\"@id\":\"https:\/\/sites.ipleiria.pt\/reler\/sobre\/\",\"url\":\"https:\/\/sites.ipleiria.pt\/reler\/sobre\/\",\"name\":\"Sobre - Reler\",\"isPartOf\":{\"@id\":\"https:\/\/sites.ipleiria.pt\/reler\/#website\"},\"datePublished\":\"2022-10-10T14:00:26+00:00\",\"dateModified\":\"2023-09-14T10:57:58+00:00\",\"breadcrumb\":{\"@id\":\"https:\/\/sites.ipleiria.pt\/reler\/sobre\/#breadcrumb\"},\"inLanguage\":\"pt-PT\",\"potentialAction\":[{\"@type\":\"ReadAction\",\"target\":[\"https:\/\/sites.ipleiria.pt\/reler\/sobre\/\"]}]},{\"@type\":\"BreadcrumbList\",\"@id\":\"https:\/\/sites.ipleiria.pt\/reler\/sobre\/#breadcrumb\",\"itemListElement\":[{\"@type\":\"ListItem\",\"position\":1,\"name\":\"In\u00edcio\",\"item\":\"https:\/\/sites.ipleiria.pt\/reler\/\"},{\"@type\":\"ListItem\",\"position\":2,\"name\":\"Sobre\"}]},{\"@type\":\"WebSite\",\"@id\":\"https:\/\/sites.ipleiria.pt\/reler\/#website\",\"url\":\"https:\/\/sites.ipleiria.pt\/reler\/\",\"name\":\"Reler\",\"description\":\"Recursos de Aprendizagem do Portugu\u00eas\",\"publisher\":{\"@id\":\"https:\/\/sites.ipleiria.pt\/reler\/#organization\"},\"potentialAction\":[{\"@type\":\"SearchAction\",\"target\":{\"@type\":\"EntryPoint\",\"urlTemplate\":\"https:\/\/sites.ipleiria.pt\/reler\/?s={search_term_string}\"},\"query-input\":{\"@type\":\"PropertyValueSpecification\",\"valueRequired\":true,\"valueName\":\"search_term_string\"}}],\"inLanguage\":\"pt-PT\"},{\"@type\":\"Organization\",\"@id\":\"https:\/\/sites.ipleiria.pt\/reler\/#organization\",\"name\":\"Reler\",\"url\":\"https:\/\/sites.ipleiria.pt\/reler\/\",\"logo\":{\"@type\":\"ImageObject\",\"inLanguage\":\"pt-PT\",\"@id\":\"https:\/\/sites.ipleiria.pt\/reler\/#\/schema\/logo\/image\/\",\"url\":\"https:\/\/sites.ipleiria.pt\/reler\/files\/2023\/09\/cropped-Icon_reler_top-29-29.png\",\"contentUrl\":\"https:\/\/sites.ipleiria.pt\/reler\/files\/2023\/09\/cropped-Icon_reler_top-29-29.png\",\"width\":586,\"height\":246,\"caption\":\"Reler\"},\"image\":{\"@id\":\"https:\/\/sites.ipleiria.pt\/reler\/#\/schema\/logo\/image\/\"}}]}<\/script>\n<!-- \/ Yoast SEO plugin. -->","yoast_head_json":{"title":"Sobre - Reler","robots":{"index":"index","follow":"follow","max-snippet":"max-snippet:-1","max-image-preview":"max-image-preview:large","max-video-preview":"max-video-preview:-1"},"canonical":"https:\/\/sites.ipleiria.pt\/reler\/sobre\/","og_locale":"pt_PT","og_type":"article","og_title":"Sobre - Reler","og_description":"O reLer &#8211; Recursos de Aprendizagem do Portugu\u00eas \u00e9 um projeto que tem como base a L\u00edngua&#46;&#46;&#46;","og_url":"https:\/\/sites.ipleiria.pt\/reler\/sobre\/","og_site_name":"Reler","article_modified_time":"2023-09-14T10:57:58+00:00","twitter_card":"summary_large_image","twitter_misc":{"Tempo estimado de leitura":"2 minutos"},"schema":{"@context":"https:\/\/schema.org","@graph":[{"@type":"WebPage","@id":"https:\/\/sites.ipleiria.pt\/reler\/sobre\/","url":"https:\/\/sites.ipleiria.pt\/reler\/sobre\/","name":"Sobre - Reler","isPartOf":{"@id":"https:\/\/sites.ipleiria.pt\/reler\/#website"},"datePublished":"2022-10-10T14:00:26+00:00","dateModified":"2023-09-14T10:57:58+00:00","breadcrumb":{"@id":"https:\/\/sites.ipleiria.pt\/reler\/sobre\/#breadcrumb"},"inLanguage":"pt-PT","potentialAction":[{"@type":"ReadAction","target":["https:\/\/sites.ipleiria.pt\/reler\/sobre\/"]}]},{"@type":"BreadcrumbList","@id":"https:\/\/sites.ipleiria.pt\/reler\/sobre\/#breadcrumb","itemListElement":[{"@type":"ListItem","position":1,"name":"In\u00edcio","item":"https:\/\/sites.ipleiria.pt\/reler\/"},{"@type":"ListItem","position":2,"name":"Sobre"}]},{"@type":"WebSite","@id":"https:\/\/sites.ipleiria.pt\/reler\/#website","url":"https:\/\/sites.ipleiria.pt\/reler\/","name":"Reler","description":"Recursos de Aprendizagem do Portugu\u00eas","publisher":{"@id":"https:\/\/sites.ipleiria.pt\/reler\/#organization"},"potentialAction":[{"@type":"SearchAction","target":{"@type":"EntryPoint","urlTemplate":"https:\/\/sites.ipleiria.pt\/reler\/?s={search_term_string}"},"query-input":{"@type":"PropertyValueSpecification","valueRequired":true,"valueName":"search_term_string"}}],"inLanguage":"pt-PT"},{"@type":"Organization","@id":"https:\/\/sites.ipleiria.pt\/reler\/#organization","name":"Reler","url":"https:\/\/sites.ipleiria.pt\/reler\/","logo":{"@type":"ImageObject","inLanguage":"pt-PT","@id":"https:\/\/sites.ipleiria.pt\/reler\/#\/schema\/logo\/image\/","url":"https:\/\/sites.ipleiria.pt\/reler\/files\/2023\/09\/cropped-Icon_reler_top-29-29.png","contentUrl":"https:\/\/sites.ipleiria.pt\/reler\/files\/2023\/09\/cropped-Icon_reler_top-29-29.png","width":586,"height":246,"caption":"Reler"},"image":{"@id":"https:\/\/sites.ipleiria.pt\/reler\/#\/schema\/logo\/image\/"}}]}},"_links":{"self":[{"href":"https:\/\/sites.ipleiria.pt\/reler\/wp-json\/wp\/v2\/pages\/2","targetHints":{"allow":["GET"]}}],"collection":[{"href":"https:\/\/sites.ipleiria.pt\/reler\/wp-json\/wp\/v2\/pages"}],"about":[{"href":"https:\/\/sites.ipleiria.pt\/reler\/wp-json\/wp\/v2\/types\/page"}],"author":[{"embeddable":true,"href":"https:\/\/sites.ipleiria.pt\/reler\/wp-json\/wp\/v2\/users\/102"}],"replies":[{"embeddable":true,"href":"https:\/\/sites.ipleiria.pt\/reler\/wp-json\/wp\/v2\/comments?post=2"}],"version-history":[{"count":24,"href":"https:\/\/sites.ipleiria.pt\/reler\/wp-json\/wp\/v2\/pages\/2\/revisions"}],"predecessor-version":[{"id":750,"href":"https:\/\/sites.ipleiria.pt\/reler\/wp-json\/wp\/v2\/pages\/2\/revisions\/750"}],"wp:attachment":[{"href":"https:\/\/sites.ipleiria.pt\/reler\/wp-json\/wp\/v2\/media?parent=2"}],"curies":[{"name":"wp","href":"https:\/\/api.w.org\/{rel}","templated":true}]}}