{"id":644,"date":"2023-09-04T16:21:57","date_gmt":"2023-09-04T16:21:57","guid":{"rendered":"https:\/\/sites.ipleiria.pt\/reler\/?page_id=644"},"modified":"2023-09-14T10:56:31","modified_gmt":"2023-09-14T10:56:31","slug":"%e5%85%b3%e4%ba%8e","status":"publish","type":"page","link":"https:\/\/sites.ipleiria.pt\/reler\/%e5%85%b3%e4%ba%8e\/","title":{"rendered":"\u5173\u4e8e"},"content":{"rendered":"\n<p class=\"has-white-color has-text-color has-background\" style=\"background-color:#47d0b7;font-size:14px;letter-spacing:1px\">reLer &#8211;&nbsp;\u8461\u8404\u7259\u8bed\u5b66\u4e60\u8d44\u6e90\u662f\u4e00\u4e2a\u57fa\u4e8e\u8461\u8404\u7259\u8bed\u7684\u9879\u76ee\uff0c\u65e8\u5728\u63d0\u4f9b\u97f3\u9891\u8d44\u6e90\uff0c\u4e3a\u5b66\u4e60\u548c\u6559\u6388\u8bed\u8a00\u7684\u8fc7\u7a0b\u63d0\u4f9b\u652f\u6301\uff0c\u6269\u5c55\u5230\u83b1\u91cc\u4e9a\u7406\u5de5\u5b66\u9662\u793e\u533a\uff0c\u4e5f\u6269\u5c55\u5230\u6574\u4e2a\u793e\u533a\u8461\u8404\u7259\u8bed\u5b66\u4e60\u8005\u3002\u8fd9\u662f&nbsp;IPLeiria&nbsp;\u9ad8\u7b49\u6559\u80b2\u548c\u793e\u4f1a\u79d1\u5b66\u5b66\u9662\u56fe\u4e66\u9986\u4e0e\u540c\u4e00\u5b66\u6821\u7684\u4e00\u7ec4\u6559\u5e08\u548c\u5408\u4f5c\u8005\u4e8e&nbsp;2021&nbsp;\u5e74\u5f00\u59cb\u7684\u96c6\u4f53\u5de5\u4f5c\u7684\u6210\u679c\u3002<\/p>\n\n\n\n<p class=\"has-white-color has-text-color has-background\" style=\"background-color:#47d0b7;font-size:10px\"><em>\u6240\u5c55\u793a\u4f5c\u54c1\u7684\u97f3\u9891\u590d\u5236\u7b26\u5408&nbsp;3&nbsp;\u6708&nbsp;14&nbsp;\u65e5\u7b2c&nbsp;63\/85&nbsp;\u53f7\u6cd5\u4ee4\u6279\u51c6\u7684\u300a\u7248\u6743\u53ca\u76f8\u5173\u6743\u6cd5\u300b\u7b2c&nbsp;75&nbsp;\u6761\u7b2c&nbsp;2&nbsp;\u6b3e\u7684\u89c4\u5b9a\u3002<\/em><\/p>\n\n\n\n<hr class=\"wp-block-separator has-text-color has-background\" style=\"background-color:#1f9e87;color:#1f9e87\" \/>\n\n\n\n<hr class=\"wp-block-separator has-text-color has-background has-white-background-color has-white-color\" \/>\n\n\n\n<h4 class=\"wp-block-heading\" style=\"font-size:14px;letter-spacing:1px\"><strong>\u79d1\u5b66\u6559\u5b66\u59d4\u5458\u4f1a:<\/strong><\/h4>\n\n\n\n<ul class=\"wp-block-list\" style=\"font-size:14px;letter-spacing:1px\"><li>Ana Vieira Barbosa<\/li><li>Alexandra Pereira<\/li><li><span style=\"color: initial\">Catarina Mangas<\/span><\/li><li>Catarina Menezes<\/li><li>Cristina Nobre<\/li><li>Joana Carvalho Marques<\/li><li>Lu\u00eds Barbeiro<\/li><li>Maria Jos\u00e9 Gamboa<\/li><li>Mark Daubney<\/li><li>Romain Gillain<\/li><\/ul>\n\n\n\n<h4 class=\"wp-block-heading\" style=\"font-size:14px;letter-spacing:1px\"><strong>\u9879\u76ee\u534f\u8c03:<\/strong><\/h4>\n\n\n\n<ul class=\"wp-block-list\" style=\"font-size:14px;letter-spacing:1px\"><li>Alexandra Pereira<\/li><li>Catarina Menezes<\/li><li>Joana Carvalho Marques<\/li><\/ul>\n\n\n\n<h4 class=\"wp-block-heading\" style=\"font-size:14px;letter-spacing:1px\"><strong>\u5236\u4f5c\u548c\u7f16\u8f91\u652f\u6301:<\/strong><\/h4>\n\n\n\n<ul class=\"wp-block-list\" style=\"font-size:14px;letter-spacing:1px\"><li>Marta Oliveira<\/li><\/ul>\n\n\n\n<h4 class=\"wp-block-heading\" style=\"font-size:14px;letter-spacing:1px\">\u8bbe\u8ba1<\/h4>\n\n\n\n<ul class=\"wp-block-list\" style=\"font-size:14px;letter-spacing:1px\"><li>Jo\u00e3o Pinheiro<\/li><\/ul>\n\n\n\n<h4 class=\"wp-block-heading\" style=\"font-size:14px;letter-spacing:1px\">\u8e2a\u8ff9<\/h4>\n\n\n\n<ul class=\"wp-block-list\" style=\"font-size:14px;letter-spacing:1px\"><li>Lu\u00eds Cabaceira <a href=\"https:\/\/www.reverbnation.com\/meandthebox\/songs\">(https:\/\/www.reverbnation.com\/meandthebox\/songs)<\/a><\/li><\/ul>\n\n\n\n<hr class=\"wp-block-separator has-text-color has-background has-white-background-color has-white-color\" \/>\n\n\n\n<hr class=\"wp-block-separator has-text-color has-background has-white-background-color has-white-color\" \/>\n\n\n\n<hr class=\"wp-block-separator has-text-color has-background\" style=\"background-color:#1f9e87;color:#1f9e87\" \/>\n\n\n\n<h4 class=\"wp-block-heading\" style=\"font-size:14px;letter-spacing:1px\">\u8054\u7cfb\u65b9\u5f0f<\/h4>\n\n\n\n<p style=\"font-size:14px;letter-spacing:1px\"><em>Campus 1<\/em><br>Escola Superior de Educa\u00e7\u00e3o e Ci\u00eancias Sociais, Instituto Polit\u00e9cnico de Leiria<br>\u5bb6\u5ead:Rua Dr. Jo\u00e3o Soares, Apartado 4045, 2411-901 Leiria<br>\u7535\u8bdd: (+351) 244 829 400<br>\u7535\u5b50\u90ae\u4ef6: reler@ipleiria.pt<\/p>\n","protected":false},"excerpt":{"rendered":"<p>reLer &#8211;&nbsp;\u8461\u8404\u7259\u8bed\u5b66\u4e60\u8d44\u6e90\u662f\u4e00\u4e2a\u57fa\u4e8e\u8461\u8404\u7259\u8bed\u7684\u9879\u76ee\uff0c\u65e8\u5728\u63d0\u4f9b\u97f3\u9891\u8d44\u6e90\uff0c\u4e3a\u5b66\u4e60\u548c\u6559\u6388\u8bed\u8a00\u7684\u8fc7\u7a0b\u63d0\u4f9b\u652f\u6301\uff0c\u6269\u5c55\u5230\u83b1\u91cc\u4e9a\u7406\u5de5\u5b66\u9662\u793e\u533a\uff0c\u4e5f\u6269\u5c55\u5230\u6574\u4e2a\u793e\u533a\u8461\u8404\u7259\u8bed\u5b66\u4e60\u8005\u3002\u8fd9\u662f&nbsp;IPLeiria&nbsp;\u9ad8\u7b49\u6559\u80b2\u548c\u793e\u4f1a\u79d1\u5b66\u5b66\u9662\u56fe\u4e66\u9986\u4e0e\u540c\u4e00\u5b66\u6821\u7684\u4e00\u7ec4\u6559\u5e08\u548c\u5408\u4f5c\u8005\u4e8e&nbsp;2021&nbsp;\u5e74\u5f00\u59cb\u7684\u96c6\u4f53\u5de5\u4f5c\u7684\u6210\u679c\u3002 \u6240\u5c55\u793a\u4f5c\u54c1\u7684\u97f3\u9891\u590d\u5236\u7b26\u5408&nbsp;3&nbsp;\u6708&nbsp;14&nbsp;\u65e5\u7b2c&nbsp;63\/85&nbsp;\u53f7\u6cd5\u4ee4\u6279\u51c6\u7684\u300a\u7248\u6743\u53ca\u76f8\u5173\u6743\u6cd5\u300b\u7b2c&nbsp;75&nbsp;\u6761\u7b2c&nbsp;2&nbsp;\u6b3e\u7684\u89c4\u5b9a\u3002 \u79d1\u5b66\u6559\u5b66\u59d4\u5458\u4f1a: Ana Vieira Barbosa Alexandra Pereira Catarina Mangas Catarina Menezes Cristina Nobre Joana Carvalho&#46;&#46;&#46;<\/p>\n","protected":false},"author":102,"featured_media":0,"parent":0,"menu_order":0,"comment_status":"closed","ping_status":"closed","template":"","meta":{"om_disable_all_campaigns":false,"_monsterinsights_skip_tracking":false,"_monsterinsights_sitenote_active":false,"_monsterinsights_sitenote_note":"","_monsterinsights_sitenote_category":0,"_uf_show_specific_survey":0,"_uf_disable_surveys":false,"footnotes":""},"class_list":["post-644","page","type-page","status-publish","hentry"],"aioseo_notices":[],"yoast_head":"<!-- This site is optimized with the Yoast SEO plugin v26.8 - https:\/\/yoast.com\/product\/yoast-seo-wordpress\/ -->\n<title>\u5173\u4e8e - Reler<\/title>\n<meta name=\"description\" content=\"\u8461\u8404\u7259\u8bed\u5b66\u4e60\u8d44\u6e90\u662f\u4e00\u4e2a\u57fa\u4e8e\u8461\u8404\u7259\u8bed\u7684\u9879\u76ee\uff0c\u65e8\u5728\u63d0\u4f9b\u97f3\u9891\u8d44\u6e90\uff0c\u4e3a\u5b66\u4e60\u548c\u6559\u6388\u8bed\u8a00\u7684\u8fc7\u7a0b\u63d0\u4f9b\u652f\u6301\uff0c\u6269\u5c55\u5230\u83b1\u91cc\u4e9a\u7406\u5de5\u5b66\u9662\u793e\u533a\uff0c\u4e5f\u6269\u5c55\u5230\u6574\u4e2a\u793e\u533a\u8461\u8404\u7259\u8bed\u5b66\u4e60\u8005\u3002\u8fd9\u662f IPLeiria \u9ad8\u7b49\u6559\u80b2\u548c\u793e\u4f1a\u79d1\u5b66\u5b66\u9662\u56fe\u4e66\u9986\u4e0e\u540c\u4e00\u5b66\u6821\u7684\u4e00\u7ec4\u6559\u5e08\u548c\u5408\u4f5c\u8005\u4e8e 2021 \u5e74\u5f00\u59cb\u7684\u96c6\u4f53\u5de5\u4f5c\u7684\u6210\u679c\" \/>\n<meta name=\"robots\" content=\"index, follow, max-snippet:-1, max-image-preview:large, max-video-preview:-1\" \/>\n<link rel=\"canonical\" href=\"https:\/\/sites.ipleiria.pt\/reler\/\u5173\u4e8e\/\" \/>\n<meta property=\"og:locale\" content=\"pt_PT\" \/>\n<meta property=\"og:type\" content=\"article\" \/>\n<meta property=\"og:title\" content=\"\u5173\u4e8e - Reler\" \/>\n<meta property=\"og:description\" content=\"\u8461\u8404\u7259\u8bed\u5b66\u4e60\u8d44\u6e90\u662f\u4e00\u4e2a\u57fa\u4e8e\u8461\u8404\u7259\u8bed\u7684\u9879\u76ee\uff0c\u65e8\u5728\u63d0\u4f9b\u97f3\u9891\u8d44\u6e90\uff0c\u4e3a\u5b66\u4e60\u548c\u6559\u6388\u8bed\u8a00\u7684\u8fc7\u7a0b\u63d0\u4f9b\u652f\u6301\uff0c\u6269\u5c55\u5230\u83b1\u91cc\u4e9a\u7406\u5de5\u5b66\u9662\u793e\u533a\uff0c\u4e5f\u6269\u5c55\u5230\u6574\u4e2a\u793e\u533a\u8461\u8404\u7259\u8bed\u5b66\u4e60\u8005\u3002\u8fd9\u662f IPLeiria \u9ad8\u7b49\u6559\u80b2\u548c\u793e\u4f1a\u79d1\u5b66\u5b66\u9662\u56fe\u4e66\u9986\u4e0e\u540c\u4e00\u5b66\u6821\u7684\u4e00\u7ec4\u6559\u5e08\u548c\u5408\u4f5c\u8005\u4e8e 2021 \u5e74\u5f00\u59cb\u7684\u96c6\u4f53\u5de5\u4f5c\u7684\u6210\u679c\" \/>\n<meta property=\"og:url\" content=\"https:\/\/sites.ipleiria.pt\/reler\/\u5173\u4e8e\/\" \/>\n<meta property=\"og:site_name\" content=\"Reler\" \/>\n<meta property=\"article:modified_time\" content=\"2023-09-14T10:56:31+00:00\" \/>\n<meta name=\"twitter:card\" content=\"summary_large_image\" \/>\n<meta name=\"twitter:label1\" content=\"Tempo estimado de leitura\" \/>\n\t<meta name=\"twitter:data1\" content=\"1 minuto\" \/>\n<script type=\"application\/ld+json\" class=\"yoast-schema-graph\">{\"@context\":\"https:\/\/schema.org\",\"@graph\":[{\"@type\":\"WebPage\",\"@id\":\"https:\/\/sites.ipleiria.pt\/reler\/%e5%85%b3%e4%ba%8e\/\",\"url\":\"https:\/\/sites.ipleiria.pt\/reler\/%e5%85%b3%e4%ba%8e\/\",\"name\":\"\u5173\u4e8e - Reler\",\"isPartOf\":{\"@id\":\"https:\/\/sites.ipleiria.pt\/reler\/#website\"},\"datePublished\":\"2023-09-04T16:21:57+00:00\",\"dateModified\":\"2023-09-14T10:56:31+00:00\",\"description\":\"\u8461\u8404\u7259\u8bed\u5b66\u4e60\u8d44\u6e90\u662f\u4e00\u4e2a\u57fa\u4e8e\u8461\u8404\u7259\u8bed\u7684\u9879\u76ee\uff0c\u65e8\u5728\u63d0\u4f9b\u97f3\u9891\u8d44\u6e90\uff0c\u4e3a\u5b66\u4e60\u548c\u6559\u6388\u8bed\u8a00\u7684\u8fc7\u7a0b\u63d0\u4f9b\u652f\u6301\uff0c\u6269\u5c55\u5230\u83b1\u91cc\u4e9a\u7406\u5de5\u5b66\u9662\u793e\u533a\uff0c\u4e5f\u6269\u5c55\u5230\u6574\u4e2a\u793e\u533a\u8461\u8404\u7259\u8bed\u5b66\u4e60\u8005\u3002\u8fd9\u662f IPLeiria \u9ad8\u7b49\u6559\u80b2\u548c\u793e\u4f1a\u79d1\u5b66\u5b66\u9662\u56fe\u4e66\u9986\u4e0e\u540c\u4e00\u5b66\u6821\u7684\u4e00\u7ec4\u6559\u5e08\u548c\u5408\u4f5c\u8005\u4e8e 2021 \u5e74\u5f00\u59cb\u7684\u96c6\u4f53\u5de5\u4f5c\u7684\u6210\u679c\",\"breadcrumb\":{\"@id\":\"https:\/\/sites.ipleiria.pt\/reler\/%e5%85%b3%e4%ba%8e\/#breadcrumb\"},\"inLanguage\":\"pt-PT\",\"potentialAction\":[{\"@type\":\"ReadAction\",\"target\":[\"https:\/\/sites.ipleiria.pt\/reler\/%e5%85%b3%e4%ba%8e\/\"]}]},{\"@type\":\"BreadcrumbList\",\"@id\":\"https:\/\/sites.ipleiria.pt\/reler\/%e5%85%b3%e4%ba%8e\/#breadcrumb\",\"itemListElement\":[{\"@type\":\"ListItem\",\"position\":1,\"name\":\"In\u00edcio\",\"item\":\"https:\/\/sites.ipleiria.pt\/reler\/\"},{\"@type\":\"ListItem\",\"position\":2,\"name\":\"\u5173\u4e8e\"}]},{\"@type\":\"WebSite\",\"@id\":\"https:\/\/sites.ipleiria.pt\/reler\/#website\",\"url\":\"https:\/\/sites.ipleiria.pt\/reler\/\",\"name\":\"Reler\",\"description\":\"Recursos de Aprendizagem do Portugu\u00eas\",\"publisher\":{\"@id\":\"https:\/\/sites.ipleiria.pt\/reler\/#organization\"},\"potentialAction\":[{\"@type\":\"SearchAction\",\"target\":{\"@type\":\"EntryPoint\",\"urlTemplate\":\"https:\/\/sites.ipleiria.pt\/reler\/?s={search_term_string}\"},\"query-input\":{\"@type\":\"PropertyValueSpecification\",\"valueRequired\":true,\"valueName\":\"search_term_string\"}}],\"inLanguage\":\"pt-PT\"},{\"@type\":\"Organization\",\"@id\":\"https:\/\/sites.ipleiria.pt\/reler\/#organization\",\"name\":\"Reler\",\"url\":\"https:\/\/sites.ipleiria.pt\/reler\/\",\"logo\":{\"@type\":\"ImageObject\",\"inLanguage\":\"pt-PT\",\"@id\":\"https:\/\/sites.ipleiria.pt\/reler\/#\/schema\/logo\/image\/\",\"url\":\"https:\/\/sites.ipleiria.pt\/reler\/files\/2023\/09\/cropped-Icon_reler_top-29-29.png\",\"contentUrl\":\"https:\/\/sites.ipleiria.pt\/reler\/files\/2023\/09\/cropped-Icon_reler_top-29-29.png\",\"width\":586,\"height\":246,\"caption\":\"Reler\"},\"image\":{\"@id\":\"https:\/\/sites.ipleiria.pt\/reler\/#\/schema\/logo\/image\/\"}}]}<\/script>\n<!-- \/ Yoast SEO plugin. -->","yoast_head_json":{"title":"\u5173\u4e8e - Reler","description":"\u8461\u8404\u7259\u8bed\u5b66\u4e60\u8d44\u6e90\u662f\u4e00\u4e2a\u57fa\u4e8e\u8461\u8404\u7259\u8bed\u7684\u9879\u76ee\uff0c\u65e8\u5728\u63d0\u4f9b\u97f3\u9891\u8d44\u6e90\uff0c\u4e3a\u5b66\u4e60\u548c\u6559\u6388\u8bed\u8a00\u7684\u8fc7\u7a0b\u63d0\u4f9b\u652f\u6301\uff0c\u6269\u5c55\u5230\u83b1\u91cc\u4e9a\u7406\u5de5\u5b66\u9662\u793e\u533a\uff0c\u4e5f\u6269\u5c55\u5230\u6574\u4e2a\u793e\u533a\u8461\u8404\u7259\u8bed\u5b66\u4e60\u8005\u3002\u8fd9\u662f IPLeiria \u9ad8\u7b49\u6559\u80b2\u548c\u793e\u4f1a\u79d1\u5b66\u5b66\u9662\u56fe\u4e66\u9986\u4e0e\u540c\u4e00\u5b66\u6821\u7684\u4e00\u7ec4\u6559\u5e08\u548c\u5408\u4f5c\u8005\u4e8e 2021 \u5e74\u5f00\u59cb\u7684\u96c6\u4f53\u5de5\u4f5c\u7684\u6210\u679c","robots":{"index":"index","follow":"follow","max-snippet":"max-snippet:-1","max-image-preview":"max-image-preview:large","max-video-preview":"max-video-preview:-1"},"canonical":"https:\/\/sites.ipleiria.pt\/reler\/\u5173\u4e8e\/","og_locale":"pt_PT","og_type":"article","og_title":"\u5173\u4e8e - Reler","og_description":"\u8461\u8404\u7259\u8bed\u5b66\u4e60\u8d44\u6e90\u662f\u4e00\u4e2a\u57fa\u4e8e\u8461\u8404\u7259\u8bed\u7684\u9879\u76ee\uff0c\u65e8\u5728\u63d0\u4f9b\u97f3\u9891\u8d44\u6e90\uff0c\u4e3a\u5b66\u4e60\u548c\u6559\u6388\u8bed\u8a00\u7684\u8fc7\u7a0b\u63d0\u4f9b\u652f\u6301\uff0c\u6269\u5c55\u5230\u83b1\u91cc\u4e9a\u7406\u5de5\u5b66\u9662\u793e\u533a\uff0c\u4e5f\u6269\u5c55\u5230\u6574\u4e2a\u793e\u533a\u8461\u8404\u7259\u8bed\u5b66\u4e60\u8005\u3002\u8fd9\u662f IPLeiria \u9ad8\u7b49\u6559\u80b2\u548c\u793e\u4f1a\u79d1\u5b66\u5b66\u9662\u56fe\u4e66\u9986\u4e0e\u540c\u4e00\u5b66\u6821\u7684\u4e00\u7ec4\u6559\u5e08\u548c\u5408\u4f5c\u8005\u4e8e 2021 \u5e74\u5f00\u59cb\u7684\u96c6\u4f53\u5de5\u4f5c\u7684\u6210\u679c","og_url":"https:\/\/sites.ipleiria.pt\/reler\/\u5173\u4e8e\/","og_site_name":"Reler","article_modified_time":"2023-09-14T10:56:31+00:00","twitter_card":"summary_large_image","twitter_misc":{"Tempo estimado de leitura":"1 minuto"},"schema":{"@context":"https:\/\/schema.org","@graph":[{"@type":"WebPage","@id":"https:\/\/sites.ipleiria.pt\/reler\/%e5%85%b3%e4%ba%8e\/","url":"https:\/\/sites.ipleiria.pt\/reler\/%e5%85%b3%e4%ba%8e\/","name":"\u5173\u4e8e - Reler","isPartOf":{"@id":"https:\/\/sites.ipleiria.pt\/reler\/#website"},"datePublished":"2023-09-04T16:21:57+00:00","dateModified":"2023-09-14T10:56:31+00:00","description":"\u8461\u8404\u7259\u8bed\u5b66\u4e60\u8d44\u6e90\u662f\u4e00\u4e2a\u57fa\u4e8e\u8461\u8404\u7259\u8bed\u7684\u9879\u76ee\uff0c\u65e8\u5728\u63d0\u4f9b\u97f3\u9891\u8d44\u6e90\uff0c\u4e3a\u5b66\u4e60\u548c\u6559\u6388\u8bed\u8a00\u7684\u8fc7\u7a0b\u63d0\u4f9b\u652f\u6301\uff0c\u6269\u5c55\u5230\u83b1\u91cc\u4e9a\u7406\u5de5\u5b66\u9662\u793e\u533a\uff0c\u4e5f\u6269\u5c55\u5230\u6574\u4e2a\u793e\u533a\u8461\u8404\u7259\u8bed\u5b66\u4e60\u8005\u3002\u8fd9\u662f IPLeiria \u9ad8\u7b49\u6559\u80b2\u548c\u793e\u4f1a\u79d1\u5b66\u5b66\u9662\u56fe\u4e66\u9986\u4e0e\u540c\u4e00\u5b66\u6821\u7684\u4e00\u7ec4\u6559\u5e08\u548c\u5408\u4f5c\u8005\u4e8e 2021 \u5e74\u5f00\u59cb\u7684\u96c6\u4f53\u5de5\u4f5c\u7684\u6210\u679c","breadcrumb":{"@id":"https:\/\/sites.ipleiria.pt\/reler\/%e5%85%b3%e4%ba%8e\/#breadcrumb"},"inLanguage":"pt-PT","potentialAction":[{"@type":"ReadAction","target":["https:\/\/sites.ipleiria.pt\/reler\/%e5%85%b3%e4%ba%8e\/"]}]},{"@type":"BreadcrumbList","@id":"https:\/\/sites.ipleiria.pt\/reler\/%e5%85%b3%e4%ba%8e\/#breadcrumb","itemListElement":[{"@type":"ListItem","position":1,"name":"In\u00edcio","item":"https:\/\/sites.ipleiria.pt\/reler\/"},{"@type":"ListItem","position":2,"name":"\u5173\u4e8e"}]},{"@type":"WebSite","@id":"https:\/\/sites.ipleiria.pt\/reler\/#website","url":"https:\/\/sites.ipleiria.pt\/reler\/","name":"Reler","description":"Recursos de Aprendizagem do Portugu\u00eas","publisher":{"@id":"https:\/\/sites.ipleiria.pt\/reler\/#organization"},"potentialAction":[{"@type":"SearchAction","target":{"@type":"EntryPoint","urlTemplate":"https:\/\/sites.ipleiria.pt\/reler\/?s={search_term_string}"},"query-input":{"@type":"PropertyValueSpecification","valueRequired":true,"valueName":"search_term_string"}}],"inLanguage":"pt-PT"},{"@type":"Organization","@id":"https:\/\/sites.ipleiria.pt\/reler\/#organization","name":"Reler","url":"https:\/\/sites.ipleiria.pt\/reler\/","logo":{"@type":"ImageObject","inLanguage":"pt-PT","@id":"https:\/\/sites.ipleiria.pt\/reler\/#\/schema\/logo\/image\/","url":"https:\/\/sites.ipleiria.pt\/reler\/files\/2023\/09\/cropped-Icon_reler_top-29-29.png","contentUrl":"https:\/\/sites.ipleiria.pt\/reler\/files\/2023\/09\/cropped-Icon_reler_top-29-29.png","width":586,"height":246,"caption":"Reler"},"image":{"@id":"https:\/\/sites.ipleiria.pt\/reler\/#\/schema\/logo\/image\/"}}]}},"_links":{"self":[{"href":"https:\/\/sites.ipleiria.pt\/reler\/wp-json\/wp\/v2\/pages\/644","targetHints":{"allow":["GET"]}}],"collection":[{"href":"https:\/\/sites.ipleiria.pt\/reler\/wp-json\/wp\/v2\/pages"}],"about":[{"href":"https:\/\/sites.ipleiria.pt\/reler\/wp-json\/wp\/v2\/types\/page"}],"author":[{"embeddable":true,"href":"https:\/\/sites.ipleiria.pt\/reler\/wp-json\/wp\/v2\/users\/102"}],"replies":[{"embeddable":true,"href":"https:\/\/sites.ipleiria.pt\/reler\/wp-json\/wp\/v2\/comments?post=644"}],"version-history":[{"count":3,"href":"https:\/\/sites.ipleiria.pt\/reler\/wp-json\/wp\/v2\/pages\/644\/revisions"}],"predecessor-version":[{"id":741,"href":"https:\/\/sites.ipleiria.pt\/reler\/wp-json\/wp\/v2\/pages\/644\/revisions\/741"}],"wp:attachment":[{"href":"https:\/\/sites.ipleiria.pt\/reler\/wp-json\/wp\/v2\/media?parent=644"}],"curies":[{"name":"wp","href":"https:\/\/api.w.org\/{rel}","templated":true}]}}