{"id":16,"date":"2019-05-30T14:40:11","date_gmt":"2019-05-30T14:40:11","guid":{"rendered":"http:\/\/sites.ipleiria.pt\/resolucaoproblemasprimeirosanos\/?page_id=16"},"modified":"2025-04-06T22:32:50","modified_gmt":"2025-04-06T22:32:50","slug":"inscricoes","status":"publish","type":"page","link":"https:\/\/sites.ipleiria.pt\/resolucaodeproblemas\/inscricoes\/","title":{"rendered":"Inscri\u00e7\u00f5es"},"content":{"rendered":"\n<p><strong>Pre\u00e7\u00e1rio<\/strong><br>Professores em geral &#8211; 10 Euros<br>Professores cooperantes da ESECS (dos \u00faltimos 5 anos) &#8211; gratuito<br>Estudantes Polit\u00e9cnico de Leiria &#8211; gratuito<\/p>\n\n\n\n<p><strong>Data limite para inscri\u00e7\u00e3o: <\/strong>24 de maio de 2025<br><\/p>\n\n\n\n<p>A inscri\u00e7\u00e3o na forma\u00e7\u00e3o, acreditada \u00e9 obrigat\u00f3ria.<\/p>\n\n\n\n<p> Ap\u00f3s a inscri\u00e7\u00e3o, os formandos ir\u00e3o receber um link para escolherem qual o workshop a frequentar.<\/p>\n\n\n\n<div class=\"wp-block-buttons is-layout-flex wp-block-buttons-is-layout-flex\">\n<div class=\"wp-block-button\"><a class=\"wp-block-button__link wp-element-button\" href=\"https:\/\/hello.last2ticket.com\/event\/6299\">Inscri\u00e7\u00e3o professores<\/a><\/div>\n\n\n\n<div class=\"wp-block-button\"><a class=\"wp-block-button__link wp-element-button\" href=\"https:\/\/forms.gle\/ub5J22eD5WCbuhtE7\">Inscri\u00e7\u00e3o estudantes<\/a><\/div>\n<\/div>\n","protected":false},"excerpt":{"rendered":"<p>Pre\u00e7\u00e1rioProfessores em geral &#8211; 10 EurosProfessores cooperantes da ESECS (dos \u00faltimos 5 anos) &#8211; gratuitoEstudantes Polit\u00e9cnico de Leiria &#8211; gratuito Data limite para inscri\u00e7\u00e3o: 24 de maio de 2025 A inscri\u00e7\u00e3o na forma\u00e7\u00e3o, acreditada \u00e9 obrigat\u00f3ria. Ap\u00f3s a inscri\u00e7\u00e3o, os&hellip;  <\/p>\n<p class=\"more-link\"><a href=\"https:\/\/sites.ipleiria.pt\/resolucaodeproblemas\/inscricoes\/\">Continue reading <span class=\"meta-nav\">&rarr;<\/span><\/a><\/p>\n","protected":false},"author":102,"featured_media":0,"parent":0,"menu_order":0,"comment_status":"closed","ping_status":"closed","template":"","meta":{"footnotes":""},"class_list":["post-16","page","type-page","status-publish","hentry"],"_links":{"self":[{"href":"https:\/\/sites.ipleiria.pt\/resolucaodeproblemas\/wp-json\/wp\/v2\/pages\/16","targetHints":{"allow":["GET"]}}],"collection":[{"href":"https:\/\/sites.ipleiria.pt\/resolucaodeproblemas\/wp-json\/wp\/v2\/pages"}],"about":[{"href":"https:\/\/sites.ipleiria.pt\/resolucaodeproblemas\/wp-json\/wp\/v2\/types\/page"}],"author":[{"embeddable":true,"href":"https:\/\/sites.ipleiria.pt\/resolucaodeproblemas\/wp-json\/wp\/v2\/users\/102"}],"replies":[{"embeddable":true,"href":"https:\/\/sites.ipleiria.pt\/resolucaodeproblemas\/wp-json\/wp\/v2\/comments?post=16"}],"version-history":[{"count":10,"href":"https:\/\/sites.ipleiria.pt\/resolucaodeproblemas\/wp-json\/wp\/v2\/pages\/16\/revisions"}],"predecessor-version":[{"id":226,"href":"https:\/\/sites.ipleiria.pt\/resolucaodeproblemas\/wp-json\/wp\/v2\/pages\/16\/revisions\/226"}],"wp:attachment":[{"href":"https:\/\/sites.ipleiria.pt\/resolucaodeproblemas\/wp-json\/wp\/v2\/media?parent=16"}],"curies":[{"name":"wp","href":"https:\/\/api.w.org\/{rel}","templated":true}]}}