{"id":166,"date":"2025-03-12T16:45:20","date_gmt":"2025-03-12T16:45:20","guid":{"rendered":"https:\/\/sites.ipleiria.pt\/resolucaodeproblemas22\/?page_id=166"},"modified":"2025-03-12T17:58:02","modified_gmt":"2025-03-12T17:58:02","slug":"edicoes-anteriores","status":"publish","type":"page","link":"https:\/\/sites.ipleiria.pt\/resolucaodeproblemas\/edicoes-anteriores\/","title":{"rendered":"Edi\u00e7\u00f5es anteriores"},"content":{"rendered":"\n<p>Nesta p\u00e1gina poder\u00e1 consultar os recursos relativos \u00e0s edi\u00e7\u00f5es anteriores.<\/p>\n\n\n\n<div class=\"wp-block-buttons is-layout-flex wp-block-buttons-is-layout-flex\">\n<div class=\"wp-block-button\"><a class=\"wp-block-button__link wp-element-button\" href=\"https:\/\/sites.ipleiria.pt\/resolucaodeproblemas22\/2019-2\/\">2019<\/a><\/div>\n<\/div>\n\n\n\n<hr class=\"wp-block-separator has-text-color has-white-color has-alpha-channel-opacity has-white-background-color has-background\"\/>\n\n\n\n<hr class=\"wp-block-separator has-text-color has-white-color has-alpha-channel-opacity has-white-background-color has-background\"\/>\n\n\n\n<div class=\"wp-block-buttons is-layout-flex wp-block-buttons-is-layout-flex\">\n<div class=\"wp-block-button\"><a class=\"wp-block-button__link wp-element-button\" href=\"https:\/\/sites.ipleiria.pt\/resolucaodeproblemas22\/2022-2\/\">2022<\/a><\/div>\n<\/div>\n","protected":false},"excerpt":{"rendered":"<p>Nesta p\u00e1gina poder\u00e1 consultar os recursos relativos \u00e0s edi\u00e7\u00f5es anteriores.<\/p>\n","protected":false},"author":102,"featured_media":0,"parent":0,"menu_order":0,"comment_status":"closed","ping_status":"closed","template":"","meta":{"footnotes":""},"class_list":["post-166","page","type-page","status-publish","hentry"],"_links":{"self":[{"href":"https:\/\/sites.ipleiria.pt\/resolucaodeproblemas\/wp-json\/wp\/v2\/pages\/166","targetHints":{"allow":["GET"]}}],"collection":[{"href":"https:\/\/sites.ipleiria.pt\/resolucaodeproblemas\/wp-json\/wp\/v2\/pages"}],"about":[{"href":"https:\/\/sites.ipleiria.pt\/resolucaodeproblemas\/wp-json\/wp\/v2\/types\/page"}],"author":[{"embeddable":true,"href":"https:\/\/sites.ipleiria.pt\/resolucaodeproblemas\/wp-json\/wp\/v2\/users\/102"}],"replies":[{"embeddable":true,"href":"https:\/\/sites.ipleiria.pt\/resolucaodeproblemas\/wp-json\/wp\/v2\/comments?post=166"}],"version-history":[{"count":4,"href":"https:\/\/sites.ipleiria.pt\/resolucaodeproblemas\/wp-json\/wp\/v2\/pages\/166\/revisions"}],"predecessor-version":[{"id":186,"href":"https:\/\/sites.ipleiria.pt\/resolucaodeproblemas\/wp-json\/wp\/v2\/pages\/166\/revisions\/186"}],"wp:attachment":[{"href":"https:\/\/sites.ipleiria.pt\/resolucaodeproblemas\/wp-json\/wp\/v2\/media?parent=166"}],"curies":[{"name":"wp","href":"https:\/\/api.w.org\/{rel}","templated":true}]}}