{"id":19,"date":"2019-05-30T14:41:47","date_gmt":"2019-05-30T14:41:47","guid":{"rendered":"http:\/\/sites.ipleiria.pt\/resolucaoproblemasprimeirosanos\/?page_id=19"},"modified":"2025-03-16T12:41:36","modified_gmt":"2025-03-16T12:41:36","slug":"comissao","status":"publish","type":"page","link":"https:\/\/sites.ipleiria.pt\/resolucaodeproblemas\/comissao\/","title":{"rendered":"Comiss\u00e3o Organizadora"},"content":{"rendered":"\n<p><strong>Sec\u00e7\u00e3o de Matem\u00e1tica da ESECS<\/strong><\/p>\n\n\n\n<p>Adriana Lage<br>Ana Oliveira<br>Carlos le\u00e3o<br>Dina Tavares<br>Eul\u00e1lia Santos<br>Isabel Rocha<br>H\u00e9lia Pinto<br>Hugo Menino<br>L\u00eddia Santo<br>Marina Pereira<br>Marina Rodrigues<br>Nicole Duarte<br>Nuno Ra\u00ednho<br>Raquel Vieira<br>Rita Cadima<br>Rog\u00e9rio Costa<br>Soraia Farinha<\/p>\n","protected":false},"excerpt":{"rendered":"<p>Sec\u00e7\u00e3o de Matem\u00e1tica da ESECS Adriana LageAna OliveiraCarlos le\u00e3oDina TavaresEul\u00e1lia SantosIsabel RochaH\u00e9lia PintoHugo MeninoL\u00eddia SantoMarina PereiraMarina RodriguesNicole DuarteNuno Ra\u00ednhoRaquel VieiraRita CadimaRog\u00e9rio CostaSoraia Farinha<\/p>\n","protected":false},"author":102,"featured_media":0,"parent":0,"menu_order":0,"comment_status":"closed","ping_status":"closed","template":"","meta":{"footnotes":""},"class_list":["post-19","page","type-page","status-publish","hentry"],"_links":{"self":[{"href":"https:\/\/sites.ipleiria.pt\/resolucaodeproblemas\/wp-json\/wp\/v2\/pages\/19","targetHints":{"allow":["GET"]}}],"collection":[{"href":"https:\/\/sites.ipleiria.pt\/resolucaodeproblemas\/wp-json\/wp\/v2\/pages"}],"about":[{"href":"https:\/\/sites.ipleiria.pt\/resolucaodeproblemas\/wp-json\/wp\/v2\/types\/page"}],"author":[{"embeddable":true,"href":"https:\/\/sites.ipleiria.pt\/resolucaodeproblemas\/wp-json\/wp\/v2\/users\/102"}],"replies":[{"embeddable":true,"href":"https:\/\/sites.ipleiria.pt\/resolucaodeproblemas\/wp-json\/wp\/v2\/comments?post=19"}],"version-history":[{"count":4,"href":"https:\/\/sites.ipleiria.pt\/resolucaodeproblemas\/wp-json\/wp\/v2\/pages\/19\/revisions"}],"predecessor-version":[{"id":222,"href":"https:\/\/sites.ipleiria.pt\/resolucaodeproblemas\/wp-json\/wp\/v2\/pages\/19\/revisions\/222"}],"wp:attachment":[{"href":"https:\/\/sites.ipleiria.pt\/resolucaodeproblemas\/wp-json\/wp\/v2\/media?parent=19"}],"curies":[{"name":"wp","href":"https:\/\/api.w.org\/{rel}","templated":true}]}}