{"id":23,"date":"2019-05-30T14:42:59","date_gmt":"2019-05-30T14:42:59","guid":{"rendered":"http:\/\/sites.ipleiria.pt\/resolucaoproblemasprimeirosanos\/?page_id=23"},"modified":"2025-03-12T16:51:03","modified_gmt":"2025-03-12T16:51:03","slug":"informacoes-2","status":"publish","type":"page","link":"https:\/\/sites.ipleiria.pt\/resolucaodeproblemas\/informacoes-2\/","title":{"rendered":"Informa\u00e7\u00f5es"},"content":{"rendered":"\n<p><strong>Datas importantes<\/strong><br>Inscri\u00e7\u00e3o: At\u00e9 24 de maio de 2025<br>Semin\u00e1rio: Dia 31 de maio de 2025<\/p>\n\n\n\n<p><strong>Local do evento<\/strong><br>Escola Superior de Sa\u00fade, Polit\u00e9cnico de Leiria \u2013 Audit\u00f3rio<\/p>\n\n\n\n<p class=\"has-small-font-size\">*Devido \u00e0 realiza\u00e7\u00e3o de obras na ESECS o semin\u00e1rio ir\u00e1 decorrer na ESSLei<\/p>\n\n\n\n<p><strong>Contactos<\/strong><br>Email:\u00a0<a href=\"mailto:ana.f.oliveira@ipeiria.pt\">ana.f.oliveira@ipleiria.pt<\/a>\u00a0(Prof. Ana Oliveira)<br>Escola Superior Educa\u00e7\u00e3o e Ci\u00eancias Sociais<br>Campus 1<br>Rua Dr. Jo\u00e3o Soares<br>Apartado 4045\u00a0<br>2411-901 Leiria \u2013 Portugal<br>E-mail:\u00a0<a href=\"mailto:dtavares@ipleiria.pt\" target=\"_blank\" rel=\"noreferrer noopener\">esecs@ipleiria.pt<\/a><br>Tel: (+351) 244 829 400<\/p>\n","protected":false},"excerpt":{"rendered":"<p>Datas importantesInscri\u00e7\u00e3o: At\u00e9 24 de maio de 2025Semin\u00e1rio: Dia 31 de maio de 2025 Local do eventoEscola Superior de Sa\u00fade, Polit\u00e9cnico de Leiria \u2013 Audit\u00f3rio *Devido \u00e0 realiza\u00e7\u00e3o de obras na ESECS o semin\u00e1rio ir\u00e1 decorrer na ESSLei ContactosEmail:\u00a0ana.f.oliveira@ipleiria.pt\u00a0(Prof. Ana&hellip;  <\/p>\n<p class=\"more-link\"><a href=\"https:\/\/sites.ipleiria.pt\/resolucaodeproblemas\/informacoes-2\/\">Continue reading <span class=\"meta-nav\">&rarr;<\/span><\/a><\/p>\n","protected":false},"author":102,"featured_media":0,"parent":0,"menu_order":0,"comment_status":"closed","ping_status":"closed","template":"","meta":{"footnotes":""},"class_list":["post-23","page","type-page","status-publish","hentry"],"_links":{"self":[{"href":"https:\/\/sites.ipleiria.pt\/resolucaodeproblemas\/wp-json\/wp\/v2\/pages\/23","targetHints":{"allow":["GET"]}}],"collection":[{"href":"https:\/\/sites.ipleiria.pt\/resolucaodeproblemas\/wp-json\/wp\/v2\/pages"}],"about":[{"href":"https:\/\/sites.ipleiria.pt\/resolucaodeproblemas\/wp-json\/wp\/v2\/types\/page"}],"author":[{"embeddable":true,"href":"https:\/\/sites.ipleiria.pt\/resolucaodeproblemas\/wp-json\/wp\/v2\/users\/102"}],"replies":[{"embeddable":true,"href":"https:\/\/sites.ipleiria.pt\/resolucaodeproblemas\/wp-json\/wp\/v2\/comments?post=23"}],"version-history":[{"count":5,"href":"https:\/\/sites.ipleiria.pt\/resolucaodeproblemas\/wp-json\/wp\/v2\/pages\/23\/revisions"}],"predecessor-version":[{"id":178,"href":"https:\/\/sites.ipleiria.pt\/resolucaodeproblemas\/wp-json\/wp\/v2\/pages\/23\/revisions\/178"}],"wp:attachment":[{"href":"https:\/\/sites.ipleiria.pt\/resolucaodeproblemas\/wp-json\/wp\/v2\/media?parent=23"}],"curies":[{"name":"wp","href":"https:\/\/api.w.org\/{rel}","templated":true}]}}