{"id":94,"date":"2019-05-30T13:52:03","date_gmt":"2019-05-30T13:52:03","guid":{"rendered":"http:\/\/resolucaoproblemasprimeirosanos.sites.ipleiria.pt\/?page_id=2"},"modified":"2025-03-16T12:34:52","modified_gmt":"2025-03-16T12:34:52","slug":"pagina-exemplo-2","status":"publish","type":"page","link":"https:\/\/sites.ipleiria.pt\/resolucaodeproblemas\/","title":{"rendered":"Programa"},"content":{"rendered":"\n<p><\/p>\n\n\n\n<p><strong>31 MAIO 2025<\/strong><\/p>\n\n\n\n<p>9h00 Rece\u00e7\u00e3o aos participantes<\/p>\n\n\n\n<p>9h15 Sess\u00e3o de abertura<\/p>\n\n\n\n<p>9h30 Sess\u00e3o plen\u00e1ria: Professor Jos\u00e9 Paulo Viana<\/p>\n\n\n\n<p>10h30 Coffee-break<\/p>\n\n\n\n<p>11h00 Workshops *<\/p>\n\n\n\n<p class=\"has-small-font-size\">Workshop 1 O scratch como recurso para a resolu\u00e7\u00e3o de problemas&nbsp;<br>Workshop 2 Pensamento Computacional e resolu\u00e7\u00e3o de problemas&nbsp;<br>Workshop 3 Resolu\u00e7\u00e3o de problemas e ensino explorat\u00f3rio&nbsp;<br>Workshop 4 O GeoGebra na resolu\u00e7\u00e3o de problemas&nbsp;<br>Workshop 5 A Intelig\u00eancia Artificial para a formula\u00e7\u00e3o de problemas matem\u00e1ticos<\/p>\n\n\n\n<p class=\"has-small-font-size\">*(Ap\u00f3s a inscri\u00e7\u00e3o, os formandos ir\u00e3o receber um link para escolherem qual o workshop a frequentar)<\/p>\n\n\n\n<p>13h00 Almo\u00e7o [livre]<\/p>\n\n\n\n<p>14h30 Entrega dos pr\u00e9mios aos alunos vencedores de Desafios e Matematrix<\/p>\n\n\n\n<p>15h30 Desafios: Matematrix para professores<\/p>\n\n\n\n<p>16h15 Pausa<\/p>\n\n\n\n<p>16h30 Investiga\u00e7\u00e3o e\/na resolu\u00e7\u00e3o de problemas<\/p>\n\n\n\n<p>17h30 Encerramento<\/p>\n","protected":false},"excerpt":{"rendered":"<p>31 MAIO 2025 9h00 Rece\u00e7\u00e3o aos participantes 9h15 Sess\u00e3o de abertura 9h30 Sess\u00e3o plen\u00e1ria: Professor Jos\u00e9 Paulo Viana 10h30 Coffee-break 11h00 Workshops * Workshop 1 O scratch como recurso para a resolu\u00e7\u00e3o de problemas&nbsp;Workshop 2 Pensamento Computacional e resolu\u00e7\u00e3o de&hellip;  <\/p>\n<p class=\"more-link\"><a href=\"https:\/\/sites.ipleiria.pt\/resolucaodeproblemas\/\">Continue reading <span class=\"meta-nav\">&rarr;<\/span><\/a><\/p>\n","protected":false},"author":102,"featured_media":0,"parent":0,"menu_order":0,"comment_status":"closed","ping_status":"closed","template":"","meta":{"footnotes":""},"class_list":["post-94","page","type-page","status-publish","hentry"],"_links":{"self":[{"href":"https:\/\/sites.ipleiria.pt\/resolucaodeproblemas\/wp-json\/wp\/v2\/pages\/94","targetHints":{"allow":["GET"]}}],"collection":[{"href":"https:\/\/sites.ipleiria.pt\/resolucaodeproblemas\/wp-json\/wp\/v2\/pages"}],"about":[{"href":"https:\/\/sites.ipleiria.pt\/resolucaodeproblemas\/wp-json\/wp\/v2\/types\/page"}],"author":[{"embeddable":true,"href":"https:\/\/sites.ipleiria.pt\/resolucaodeproblemas\/wp-json\/wp\/v2\/users\/102"}],"replies":[{"embeddable":true,"href":"https:\/\/sites.ipleiria.pt\/resolucaodeproblemas\/wp-json\/wp\/v2\/comments?post=94"}],"version-history":[{"count":13,"href":"https:\/\/sites.ipleiria.pt\/resolucaodeproblemas\/wp-json\/wp\/v2\/pages\/94\/revisions"}],"predecessor-version":[{"id":218,"href":"https:\/\/sites.ipleiria.pt\/resolucaodeproblemas\/wp-json\/wp\/v2\/pages\/94\/revisions\/218"}],"wp:attachment":[{"href":"https:\/\/sites.ipleiria.pt\/resolucaodeproblemas\/wp-json\/wp\/v2\/media?parent=94"}],"curies":[{"name":"wp","href":"https:\/\/api.w.org\/{rel}","templated":true}]}}