{"id":16,"date":"2019-05-30T14:40:11","date_gmt":"2019-05-30T14:40:11","guid":{"rendered":"http:\/\/sites.ipleiria.pt\/resolucaoproblemasprimeirosanos\/?page_id=16"},"modified":"2019-06-12T09:55:55","modified_gmt":"2019-06-12T09:55:55","slug":"inscricoes","status":"publish","type":"page","link":"https:\/\/sites.ipleiria.pt\/resolucaoproblemasprimeirosanos\/inscricoes\/","title":{"rendered":"Inscri\u00e7\u00f5es"},"content":{"rendered":"\n<p><strong>P\u00fablico alvo<\/strong><br> Professores do 1.\u00ba CEB (grupo 110) e <br> Professores da \u00e1rea da Matem\u00e1tica e Ci\u00eancias da Natureza do 2.\u00ba CEB (grupo 230)<\/p>\n\n\n\n<p><strong>Inscri\u00e7\u00e3o<\/strong><br> A inscri\u00e7\u00e3o inclui documenta\u00e7\u00e3o e 2 coffee breaks. <\/p>\n\n\n\n<p><strong>Pre\u00e7os<\/strong><\/p>\n\n\n\n<ul class=\"wp-block-list\"><li>Estudantes da ESECS\/Polit\u00e9cnico de Leiria: 5\u20ac<\/li><li>Professores cooperantes da ESECS:  Gratuito<\/li><li>Professores participantes nos Desafios 2019 ou Matematrix 2019: Gratuito<\/li><li>Outros professores: 15\u20ac<\/li><\/ul>\n\n\n\n<p>Fa\u00e7a a sua inscri\u00e7\u00e3o: <a href=\"http:\/\/www.eventos.ipleiria.pt\/portal\/eventos?p_id=25008\" target=\"_blank\" rel=\"noreferrer noopener\" aria-label=\"aqui (abre num novo separador)\">aqui<\/a><\/p>\n","protected":false},"excerpt":{"rendered":"<p>P\u00fablico alvo Professores do 1.\u00ba CEB (grupo 110) e Professores da \u00e1rea da Matem\u00e1tica e Ci\u00eancias da Natureza do 2.\u00ba CEB (grupo 230) Inscri\u00e7\u00e3o A inscri\u00e7\u00e3o inclui documenta\u00e7\u00e3o e 2 coffee breaks. Pre\u00e7os Estudantes da ESECS\/Polit\u00e9cnico de Leiria: 5\u20ac Professores&hellip;  <\/p>\n<p class=\"more-link\"><a href=\"https:\/\/sites.ipleiria.pt\/resolucaoproblemasprimeirosanos\/inscricoes\/\">Continue reading <span class=\"meta-nav\">&rarr;<\/span><\/a><\/p>\n","protected":false},"author":102,"featured_media":0,"parent":0,"menu_order":0,"comment_status":"closed","ping_status":"closed","template":"","meta":{"footnotes":""},"class_list":["post-16","page","type-page","status-publish","hentry"],"_links":{"self":[{"href":"https:\/\/sites.ipleiria.pt\/resolucaoproblemasprimeirosanos\/wp-json\/wp\/v2\/pages\/16","targetHints":{"allow":["GET"]}}],"collection":[{"href":"https:\/\/sites.ipleiria.pt\/resolucaoproblemasprimeirosanos\/wp-json\/wp\/v2\/pages"}],"about":[{"href":"https:\/\/sites.ipleiria.pt\/resolucaoproblemasprimeirosanos\/wp-json\/wp\/v2\/types\/page"}],"author":[{"embeddable":true,"href":"https:\/\/sites.ipleiria.pt\/resolucaoproblemasprimeirosanos\/wp-json\/wp\/v2\/users\/102"}],"replies":[{"embeddable":true,"href":"https:\/\/sites.ipleiria.pt\/resolucaoproblemasprimeirosanos\/wp-json\/wp\/v2\/comments?post=16"}],"version-history":[{"count":2,"href":"https:\/\/sites.ipleiria.pt\/resolucaoproblemasprimeirosanos\/wp-json\/wp\/v2\/pages\/16\/revisions"}],"predecessor-version":[{"id":49,"href":"https:\/\/sites.ipleiria.pt\/resolucaoproblemasprimeirosanos\/wp-json\/wp\/v2\/pages\/16\/revisions\/49"}],"wp:attachment":[{"href":"https:\/\/sites.ipleiria.pt\/resolucaoproblemasprimeirosanos\/wp-json\/wp\/v2\/media?parent=16"}],"curies":[{"name":"wp","href":"https:\/\/api.w.org\/{rel}","templated":true}]}}