{"id":19,"date":"2019-05-30T14:41:47","date_gmt":"2019-05-30T14:41:47","guid":{"rendered":"http:\/\/sites.ipleiria.pt\/resolucaoproblemasprimeirosanos\/?page_id=19"},"modified":"2019-05-31T11:52:42","modified_gmt":"2019-05-31T11:52:42","slug":"comissao","status":"publish","type":"page","link":"https:\/\/sites.ipleiria.pt\/resolucaoproblemasprimeirosanos\/comissao\/","title":{"rendered":"Comiss\u00e3o Organizadora"},"content":{"rendered":"\n<p>Dina Tavares<br>\nH\u00e9lia Pinto<br>\nHugo Menino<br>\nMaria Isabel Rocha<br>\nMarina Rodrigues<br>\nNuno Ra\u00ednho<br>\nRog\u00e9rio Costa<\/p>\n","protected":false},"excerpt":{"rendered":"<p>Dina Tavares H\u00e9lia Pinto Hugo Menino Maria Isabel Rocha Marina Rodrigues Nuno Ra\u00ednho Rog\u00e9rio Costa<\/p>\n","protected":false},"author":102,"featured_media":0,"parent":0,"menu_order":0,"comment_status":"closed","ping_status":"closed","template":"","meta":{"footnotes":""},"class_list":["post-19","page","type-page","status-publish","hentry"],"_links":{"self":[{"href":"https:\/\/sites.ipleiria.pt\/resolucaoproblemasprimeirosanos\/wp-json\/wp\/v2\/pages\/19","targetHints":{"allow":["GET"]}}],"collection":[{"href":"https:\/\/sites.ipleiria.pt\/resolucaoproblemasprimeirosanos\/wp-json\/wp\/v2\/pages"}],"about":[{"href":"https:\/\/sites.ipleiria.pt\/resolucaoproblemasprimeirosanos\/wp-json\/wp\/v2\/types\/page"}],"author":[{"embeddable":true,"href":"https:\/\/sites.ipleiria.pt\/resolucaoproblemasprimeirosanos\/wp-json\/wp\/v2\/users\/102"}],"replies":[{"embeddable":true,"href":"https:\/\/sites.ipleiria.pt\/resolucaoproblemasprimeirosanos\/wp-json\/wp\/v2\/comments?post=19"}],"version-history":[{"count":2,"href":"https:\/\/sites.ipleiria.pt\/resolucaoproblemasprimeirosanos\/wp-json\/wp\/v2\/pages\/19\/revisions"}],"predecessor-version":[{"id":50,"href":"https:\/\/sites.ipleiria.pt\/resolucaoproblemasprimeirosanos\/wp-json\/wp\/v2\/pages\/19\/revisions\/50"}],"wp:attachment":[{"href":"https:\/\/sites.ipleiria.pt\/resolucaoproblemasprimeirosanos\/wp-json\/wp\/v2\/media?parent=19"}],"curies":[{"name":"wp","href":"https:\/\/api.w.org\/{rel}","templated":true}]}}