{"id":2,"date":"2019-05-30T13:52:03","date_gmt":"2019-05-30T13:52:03","guid":{"rendered":"http:\/\/resolucaoproblemasprimeirosanos.sites.ipleiria.pt\/?page_id=2"},"modified":"2019-06-28T13:40:29","modified_gmt":"2019-06-28T13:40:29","slug":"pagina-exemplo","status":"publish","type":"page","link":"https:\/\/sites.ipleiria.pt\/resolucaoproblemasprimeirosanos\/pagina-exemplo\/","title":{"rendered":"Programa"},"content":{"rendered":"\n<p><strong>AUDIT\u00d3RIO 1<\/strong><\/p>\n\n\n\n<p><em>09:00 &#8211; 09:15<\/em><br>Rece\u00e7\u00e3o e entrega de documenta\u00e7\u00e3o<br><br><em>09:15 \u2013 09:30<\/em><br>Sess\u00e3o de abertura<br><br><em>09:30 \u2013 10:45<\/em><br>CONFER\u00caNCIA PLEN\u00c1RIA<br><strong>A resolu\u00e7\u00e3o de problemas: algumas ideias numa perspetiva da aprendizagem ativa<\/strong><br><em>Isabel Vale, Escola Superior de educa\u00e7\u00e3o do Instituto Polit\u00e9cnico de Viana do Castelo<\/em><br><br><em>10:45 \u2013 11:15<\/em><br>Pausa para caf\u00e9<br><br><em>11:15 \u2013 13:00<\/em> <br>WORKSHOP 1<br><strong>A resolu\u00e7\u00e3o e a formula\u00e7\u00e3o de problemas em contexto de sala de aula<\/strong><br><em>Dina Tavares, Hugo Menino, Marina Rodrigues e H\u00e9lia Pinto \u2013 ESECS, Polit\u00e9cnico de Leiria<\/em><br>WORKSHOP 2<br><strong>Aprender a brincar &#8211; Tecnologias para resolu\u00e7\u00e3o de problemas<\/strong><br><em>Carla Freire \u2013 ESECS, Polit\u00e9cnico de Leiria<\/em><br><br><em>13:00 \u2013 14:15<\/em><br>Almo\u00e7o<br><br><em>14:15 \u2013 15:15<\/em><br>CONFER\u00caNCIA PLEN\u00c1RIA<br><strong>Competi\u00e7\u00f5es matem\u00e1ticas<\/strong><br><em>Isabel Rocha e Rita Cadima \u2013 ESECS, Polit\u00e9cnico de Leiria<\/em><br><br><em>15:15 \u2013 16:00<\/em><br>Sess\u00e3o de entrega de pr\u00e9mios &#8211; Desafios 2019 e Matematrix 2019<br><br><em>16:00 \u2013 16:30<\/em><br>Pausa para caf\u00e9<br><br><br><em>16:30 \u2013 18:00<\/em><br>PAINEL<br><strong>A participa\u00e7\u00e3o em competi\u00e7\u00f5es matem\u00e1ticas (Desafios e Matematrix): implica\u00e7\u00f5es na aprendizagem dos alunos<\/strong><br><em>Manuela Pires \u2013 Moderadora<br>Jos\u00e9 Artur Pinto \u2013 Col\u00e9gio Nossa Senhora de F\u00e1tima<br>Liliana Arrais \u2013 EB da Cumeira &#8211; AE da Marinha Grande Nascente<br>Elza Santos \u2013 EB Jo\u00e3o Beare &#8211; AE da Marinha Grande Nascente<br>Beatriz Patr\u00edcio &#8211; Engenheira de software na Evollu (Vencedora dos Desafios 2004)<\/em><br><em>Carlos Le\u00e3o \u2013 Col\u00e9gio Rainha D. Leonor<\/em><br><br><em>18:00 \u2013 18:30<\/em><br><strong>Lan\u00e7amento do livro<\/strong><br>Desafios Matem\u00e1ticos &#8211; 20 anos de problemas para os primeiros anos<br>Com a apresenta\u00e7\u00e3o de <em>Lurdes Serrazina (ESEL, UIDEF, Instituto de Educa\u00e7\u00e3o, Universidade de Lisboa)<\/em><\/p>\n\n\n\n<p><strong><em>Sess\u00e3o de encerramento<\/em><\/strong><\/p>\n","protected":false},"excerpt":{"rendered":"<p>AUDIT\u00d3RIO 1 09:00 &#8211; 09:15Rece\u00e7\u00e3o e entrega de documenta\u00e7\u00e3o 09:15 \u2013 09:30Sess\u00e3o de abertura 09:30 \u2013 10:45CONFER\u00caNCIA PLEN\u00c1RIAA resolu\u00e7\u00e3o de problemas: algumas ideias numa perspetiva da aprendizagem ativaIsabel Vale, Escola Superior de educa\u00e7\u00e3o do Instituto Polit\u00e9cnico de Viana do Castelo&hellip;  <\/p>\n<p class=\"more-link\"><a href=\"https:\/\/sites.ipleiria.pt\/resolucaoproblemasprimeirosanos\/pagina-exemplo\/\">Continue reading <span class=\"meta-nav\">&rarr;<\/span><\/a><\/p>\n","protected":false},"author":102,"featured_media":0,"parent":0,"menu_order":0,"comment_status":"closed","ping_status":"closed","template":"","meta":{"footnotes":""},"class_list":["post-2","page","type-page","status-publish","hentry"],"_links":{"self":[{"href":"https:\/\/sites.ipleiria.pt\/resolucaoproblemasprimeirosanos\/wp-json\/wp\/v2\/pages\/2","targetHints":{"allow":["GET"]}}],"collection":[{"href":"https:\/\/sites.ipleiria.pt\/resolucaoproblemasprimeirosanos\/wp-json\/wp\/v2\/pages"}],"about":[{"href":"https:\/\/sites.ipleiria.pt\/resolucaoproblemasprimeirosanos\/wp-json\/wp\/v2\/types\/page"}],"author":[{"embeddable":true,"href":"https:\/\/sites.ipleiria.pt\/resolucaoproblemasprimeirosanos\/wp-json\/wp\/v2\/users\/102"}],"replies":[{"embeddable":true,"href":"https:\/\/sites.ipleiria.pt\/resolucaoproblemasprimeirosanos\/wp-json\/wp\/v2\/comments?post=2"}],"version-history":[{"count":20,"href":"https:\/\/sites.ipleiria.pt\/resolucaoproblemasprimeirosanos\/wp-json\/wp\/v2\/pages\/2\/revisions"}],"predecessor-version":[{"id":94,"href":"https:\/\/sites.ipleiria.pt\/resolucaoproblemasprimeirosanos\/wp-json\/wp\/v2\/pages\/2\/revisions\/94"}],"wp:attachment":[{"href":"https:\/\/sites.ipleiria.pt\/resolucaoproblemasprimeirosanos\/wp-json\/wp\/v2\/media?parent=2"}],"curies":[{"name":"wp","href":"https:\/\/api.w.org\/{rel}","templated":true}]}}