{"id":25,"date":"2016-02-23T13:32:14","date_gmt":"2016-02-23T13:32:14","guid":{"rendered":"http:\/\/sites.ipleiria.pt\/iecs\/?page_id=25"},"modified":"2016-04-29T14:06:29","modified_gmt":"2016-04-29T14:06:29","slug":"historico","status":"publish","type":"page","link":"https:\/\/sites.ipleiria.pt\/riecs\/historico\/","title":{"rendered":"Hist\u00f3rico"},"content":{"rendered":"<p><strong>Revista de Investiga\u00e7\u00e3o em Educa\u00e7\u00e3o e Ci\u00eancias Sociais<\/strong><br \/>\n[Brevemente]<\/p>\n<p><strong>Educa\u00e7\u00e3o &#038; Comunica\u00e7\u00e3o<\/strong><br \/>\nA <em>Revista de Investiga\u00e7\u00e3o em Educa\u00e7\u00e3o e Ci\u00eancias Sociais<\/em> (RIECS) surge na continuidade do anterior projeto, a <em>Revista Educa\u00e7\u00e3o &#038; Comunica\u00e7\u00e3o<\/em>, publicada entre os anos de 1999 e 2005. Apresentam-se de seguida as hiperliga\u00e7\u00f5es para os respetivos n\u00fameros:<\/p>\n<p><a href=\"https:\/\/iconline.ipleiria.pt\/handle\/10400.8\/264\" target=\"_blank\"><em>Educa\u00e7\u00e3o &amp; Comunica\u00e7\u00e3o n.\u00ba 1<\/em> (Jan. 1999)<\/a><br \/>\n<a href=\"https:\/\/iconline.ipleiria.pt\/handle\/10400.8\/272\" target=\"_blank\"><em>Educa\u00e7\u00e3o &#038; Comunica\u00e7\u00e3o n.\u00ba 2<\/em> (Jul. 1999)<\/a><br \/>\n<a href=\"https:\/\/iconline.ipleiria.pt\/handle\/10400.8\/280\" target=\"_blank\"><em>Educa\u00e7\u00e3o &#038; Comunica\u00e7\u00e3o n.\u00ba 3<\/em> (Jun. 2000)<\/a><br \/>\n<a href=\"https:\/\/iconline.ipleiria.pt\/handle\/10400.8\/287\" target=\"_blank\"><em>Educa\u00e7\u00e3o &#038; Comunica\u00e7\u00e3o n.\u00ba 4<\/em> (Dez. 2000)<\/a><br \/>\n<a href=\"https:\/\/iconline.ipleiria.pt\/handle\/10400.8\/230\" target=\"_blank\"><em>Educa\u00e7\u00e3o &#038; Comunica\u00e7\u00e3o n.\u00ba 5<\/em> (Jun. 2001)<\/a><br \/>\n<a href=\"https:\/\/iconline.ipleiria.pt\/handle\/10400.8\/238\" target=\"_blank\"><em>Educa\u00e7\u00e3o &#038; Comunica\u00e7\u00e3o n.\u00ba 6<\/em> (Dez. 2001)<\/a><br \/>\n<a href=\"https:\/\/iconline.ipleiria.pt\/handle\/10400.8\/247\" target=\"_blank\"><em>Educa\u00e7\u00e3o &#038; Comunica\u00e7\u00e3o n.\u00ba 7<\/em> (Jun. 2002)<\/a><br \/>\n<a href=\"https:\/\/iconline.ipleiria.pt\/handle\/10400.8\/294\" target=\"_blank\"><em>Educa\u00e7\u00e3o &#038; Comunica\u00e7\u00e3o n.\u00ba 8<\/em> (Jan. 2005)<\/a><\/p>\n","protected":false},"excerpt":{"rendered":"<p>Revista de Investiga\u00e7\u00e3o em Educa\u00e7\u00e3o e Ci\u00eancias Sociais [Brevemente] Educa\u00e7\u00e3o &#038; Comunica\u00e7\u00e3o A Revista de Investiga\u00e7\u00e3o em Educa\u00e7\u00e3o e Ci\u00eancias <a class=\"more-link\" href=\"https:\/\/sites.ipleiria.pt\/riecs\/historico\/\">Continue Reading<\/a><\/p>\n","protected":false},"author":102,"featured_media":0,"parent":0,"menu_order":0,"comment_status":"closed","ping_status":"closed","template":"","meta":{"footnotes":""},"class_list":["post-25","page","type-page","status-publish","hentry","no-post-thumbnail","no-read-more-tag","no-sticky","entry"],"_links":{"self":[{"href":"https:\/\/sites.ipleiria.pt\/riecs\/wp-json\/wp\/v2\/pages\/25","targetHints":{"allow":["GET"]}}],"collection":[{"href":"https:\/\/sites.ipleiria.pt\/riecs\/wp-json\/wp\/v2\/pages"}],"about":[{"href":"https:\/\/sites.ipleiria.pt\/riecs\/wp-json\/wp\/v2\/types\/page"}],"author":[{"embeddable":true,"href":"https:\/\/sites.ipleiria.pt\/riecs\/wp-json\/wp\/v2\/users\/102"}],"replies":[{"embeddable":true,"href":"https:\/\/sites.ipleiria.pt\/riecs\/wp-json\/wp\/v2\/comments?post=25"}],"version-history":[{"count":7,"href":"https:\/\/sites.ipleiria.pt\/riecs\/wp-json\/wp\/v2\/pages\/25\/revisions"}],"predecessor-version":[{"id":82,"href":"https:\/\/sites.ipleiria.pt\/riecs\/wp-json\/wp\/v2\/pages\/25\/revisions\/82"}],"wp:attachment":[{"href":"https:\/\/sites.ipleiria.pt\/riecs\/wp-json\/wp\/v2\/media?parent=25"}],"curies":[{"name":"wp","href":"https:\/\/api.w.org\/{rel}","templated":true}]}}