{"id":28,"date":"2016-02-23T13:33:28","date_gmt":"2016-02-23T13:33:28","guid":{"rendered":"http:\/\/sites.ipleiria.pt\/iecs\/?page_id=28"},"modified":"2016-04-07T13:45:42","modified_gmt":"2016-04-07T13:45:42","slug":"contactos","status":"publish","type":"page","link":"https:\/\/sites.ipleiria.pt\/riecs\/contactos\/","title":{"rendered":"Contactos"},"content":{"rendered":"<p><strong>Revista de Investiga\u00e7\u00e3o em Educa\u00e7\u00e3o e Ci\u00eancias Sociais<\/strong><br \/>\n<a href=\"mailto:riecs@ipleiria.pt\" target=\"_blank\">riecs@ipleiria.pt<\/a><\/p>\n<p><strong>Morada<\/strong><br \/>\nEscola Superior Educa\u00e7\u00e3o e Ci\u00eancias Sociais<br \/>\n<em>Campus<\/em> 1<br \/>\nRua Dr. Jo\u00e3o Soares \u2014 Apartado 4045<br \/>\n2411-901 Leiria \u2013 Portugal<br \/>\nTel: (+351) 244 829 400 | Fax:(+351) 244 829 499<\/p>\n","protected":false},"excerpt":{"rendered":"<p>Revista de Investiga\u00e7\u00e3o em Educa\u00e7\u00e3o e Ci\u00eancias Sociais riecs@ipleiria.pt Morada Escola Superior Educa\u00e7\u00e3o e Ci\u00eancias Sociais Campus 1 Rua Dr. <a class=\"more-link\" href=\"https:\/\/sites.ipleiria.pt\/riecs\/contactos\/\">Continue Reading<\/a><\/p>\n","protected":false},"author":102,"featured_media":0,"parent":0,"menu_order":0,"comment_status":"closed","ping_status":"closed","template":"","meta":{"footnotes":""},"class_list":["post-28","page","type-page","status-publish","hentry","no-post-thumbnail","no-read-more-tag","no-sticky","entry"],"_links":{"self":[{"href":"https:\/\/sites.ipleiria.pt\/riecs\/wp-json\/wp\/v2\/pages\/28","targetHints":{"allow":["GET"]}}],"collection":[{"href":"https:\/\/sites.ipleiria.pt\/riecs\/wp-json\/wp\/v2\/pages"}],"about":[{"href":"https:\/\/sites.ipleiria.pt\/riecs\/wp-json\/wp\/v2\/types\/page"}],"author":[{"embeddable":true,"href":"https:\/\/sites.ipleiria.pt\/riecs\/wp-json\/wp\/v2\/users\/102"}],"replies":[{"embeddable":true,"href":"https:\/\/sites.ipleiria.pt\/riecs\/wp-json\/wp\/v2\/comments?post=28"}],"version-history":[{"count":7,"href":"https:\/\/sites.ipleiria.pt\/riecs\/wp-json\/wp\/v2\/pages\/28\/revisions"}],"predecessor-version":[{"id":47,"href":"https:\/\/sites.ipleiria.pt\/riecs\/wp-json\/wp\/v2\/pages\/28\/revisions\/47"}],"wp:attachment":[{"href":"https:\/\/sites.ipleiria.pt\/riecs\/wp-json\/wp\/v2\/media?parent=28"}],"curies":[{"name":"wp","href":"https:\/\/api.w.org\/{rel}","templated":true}]}}