{"id":102,"date":"2017-09-27T17:46:44","date_gmt":"2017-09-27T17:46:44","guid":{"rendered":"http:\/\/sites.ipleiria.pt\/seismicsknowledge\/?page_id=102"},"modified":"2018-02-02T10:48:43","modified_gmt":"2018-02-02T10:48:43","slug":"home","status":"publish","type":"page","link":"https:\/\/sites.ipleiria.pt\/seismicknowledge\/home\/","title":{"rendered":"P\u00e1gina principal"},"content":{"rendered":"<p><span style=\"color: #0000ff\"><em>Bienvenido a <strong>SeismicsKnowledge<\/strong>, un sitio donde encontrar\u00e1s todo lo que necesitas saber acerca de los terremotos, por qu\u00e9 tiembla la tierra, qu\u00e9 ocasiona los terremotos, las \u00faltimas tecnolog\u00edas y herramientas en t\u00e9rminos de ingenier\u00eda civil, geot\u00e9cnica y construcci\u00f3n para resistir ante sus devastadores efectos.<\/em><\/span><\/p>\n<p>&nbsp;<\/p>","protected":false},"excerpt":{"rendered":"<p>Bienvenido a SeismicsKnowledge, un sitio donde encontrar\u00e1s todo lo que necesitas saber acerca de los terremotos, por qu\u00e9 tiembla la tierra, qu\u00e9 ocasiona los terremotos, las \u00faltimas tecnolog\u00edas y herramientas en t\u00e9rminos de ingenier\u00eda civil, geot\u00e9cnica y construcci\u00f3n para resistir&hellip;  <\/p>\n<p class=\"more-link\"><a href=\"https:\/\/sites.ipleiria.pt\/seismicknowledge\/home\/\">Continue reading <span class=\"meta-nav\">&rarr;<\/span><\/a><\/p>\n","protected":false},"author":3142,"featured_media":0,"parent":0,"menu_order":0,"comment_status":"closed","ping_status":"closed","template":"sidebar-page.php","meta":{"_acf_changed":false,"footnotes":""},"class_list":["post-102","page","type-page","status-publish","hentry"],"acf":[],"_links":{"self":[{"href":"https:\/\/sites.ipleiria.pt\/seismicknowledge\/wp-json\/wp\/v2\/pages\/102","targetHints":{"allow":["GET"]}}],"collection":[{"href":"https:\/\/sites.ipleiria.pt\/seismicknowledge\/wp-json\/wp\/v2\/pages"}],"about":[{"href":"https:\/\/sites.ipleiria.pt\/seismicknowledge\/wp-json\/wp\/v2\/types\/page"}],"author":[{"embeddable":true,"href":"https:\/\/sites.ipleiria.pt\/seismicknowledge\/wp-json\/wp\/v2\/users\/3142"}],"replies":[{"embeddable":true,"href":"https:\/\/sites.ipleiria.pt\/seismicknowledge\/wp-json\/wp\/v2\/comments?post=102"}],"version-history":[{"count":4,"href":"https:\/\/sites.ipleiria.pt\/seismicknowledge\/wp-json\/wp\/v2\/pages\/102\/revisions"}],"predecessor-version":[{"id":143,"href":"https:\/\/sites.ipleiria.pt\/seismicknowledge\/wp-json\/wp\/v2\/pages\/102\/revisions\/143"}],"wp:attachment":[{"href":"https:\/\/sites.ipleiria.pt\/seismicknowledge\/wp-json\/wp\/v2\/media?parent=102"}],"curies":[{"name":"wp","href":"https:\/\/api.w.org\/{rel}","templated":true}]}}