{"id":192,"date":"2018-08-02T04:45:13","date_gmt":"2018-08-02T04:45:13","guid":{"rendered":"http:\/\/sites.ipleiria.pt\/seismicknowledge\/?page_id=192"},"modified":"2018-09-03T06:09:02","modified_gmt":"2018-09-03T06:09:02","slug":"todas-las-entradas","status":"publish","type":"page","link":"https:\/\/sites.ipleiria.pt\/seismicknowledge\/todas-las-entradas\/","title":{"rendered":"Todas las Entradas"},"content":{"rendered":"<p><a href=\"http:\/\/sites.ipleiria.pt\/seismicknowledge\/aisladores-de-base\/\">Aisladores de base<\/a><\/p>\n<p><a href=\"http:\/\/sites.ipleiria.pt\/seismicknowledge\/aleaciones-de-memoria-de-forma\/\">Aleaciones de memoria de forma<\/a><\/p>\n<p><a href=\"http:\/\/sites.ipleiria.pt\/seismicknowledge\/amortiguadores-de-deformacion-o-de-rendimiento-metalico\/\">Amortiguadores de deformaci\u00f3n o rendimiento met\u00e1lico<\/a><\/p>\n<p><a href=\"http:\/\/sites.ipleiria.pt\/seismicknowledge\/amortiguadores-de-friccion\/\">Amortiguadores de fricci\u00f3n<\/a><\/p>\n<p><a href=\"http:\/\/sites.ipleiria.pt\/seismicknowledge\/amortiguadores-viscosos\/\">Amortiguadores viscosos<\/a><\/p>\n<p><a href=\"http:\/\/sites.ipleiria.pt\/seismicknowledge\/amortiguamiento-en-estructuras\/\">Amortiguamiento en estructuras<\/a><\/p>\n<p><a href=\"http:\/\/sites.ipleiria.pt\/seismicknowledge\/apoyo-de-la-union-europea-en-la-reduccion-de-riesgo-de-desastres\/\">Apoyo de la Uni\u00f3n Europea en la Reducci\u00f3n de Riesgo de Desastres<\/a><\/p>\n<p><a href=\"http:\/\/sites.ipleiria.pt\/seismicknowledge\/biomateriales\/\">Biomateriales<\/a><\/p>\n<p><a href=\"http:\/\/sites.ipleiria.pt\/seismicknowledge\/bricker\/\">Bricker<\/a><\/p>\n<p><a href=\"http:\/\/sites.ipleiria.pt\/seismicknowledge\/capa-de-invisibilidad-sismica\/\">Capa de invisibilidad s\u00edsmica<\/a><\/p>\n<p><a href=\"http:\/\/sites.ipleiria.pt\/seismicknowledge\/carton\/\">Carton<\/a><\/p>\n<p><a href=\"http:\/\/sites.ipleiria.pt\/seismicknowledge\/chile-como-ejemplo-de-reduccion-de-riesgo-sismico\/\">Chile como ejemplo de reducci\u00f3n de riesgo s\u00edsmico<\/a><\/p>\n<p><a href=\"http:\/\/sites.ipleiria.pt\/seismicknowledge\/cinturon-de-fuego-del-pacifico\/\">Cintur\u00f3n de Fuego del Pac\u00edfico<\/a><\/p>\n<p><a href=\"http:\/\/sites.ipleiria.pt\/seismicknowledge\/corazon-de-roca-nucleo-de-hormigon\/\">Coraz\u00f3n de roca: n\u00facleo de hormig\u00f3n<\/a><\/p>\n<p><a href=\"http:\/\/sites.ipleiria.pt\/seismicknowledge\/dispositivos-de-amortiguacion\/\">Dispositivos de amortiguaci\u00f3n<\/a><\/p>\n<p><a href=\"http:\/\/sites.ipleiria.pt\/seismicknowledge\/el-poder-del-pendulo-amortiguador-de-masa-sintonizado\/\">El poder del p\u00e9ndulo: Amortiguador de masa sintonizado<\/a><\/p>\n<p><a href=\"http:\/\/sites.ipleiria.pt\/seismicknowledge\/equipos-de-monitoreo\/\">Equipos de monitoreo s\u00edsmico<\/a><\/p>\n<p><a href=\"http:\/\/sites.ipleiria.pt\/seismicknowledge\/envolturas-con-fibras-de-carbono\/\">Envolturas con fibras de carbono<\/a><\/p>\n<p><a href=\"http:\/\/sites.ipleiria.pt\/seismicknowledge\/gps-como-herramienta-de-monitoreo-sismico\/\">GPS como herramienta de monitoreo s\u00edsmico<\/a><\/p>\n<p><a href=\"http:\/\/sites.ipleiria.pt\/seismicknowledge\/introduccion-a-los-sismos-terremotos\/\">Introducci\u00f3n a los sismos<\/a><\/p>\n<p><a href=\"http:\/\/sites.ipleiria.pt\/seismicknowledge\/la-falla-de-san-andreas\/\">La Falla de San Andreas<\/a><\/p>\n<p><a href=\"http:\/\/sites.ipleiria.pt\/seismicknowledge\/la-falla-de-suswa\/\">La falla de Suswa<\/a><\/p>\n<p><a href=\"http:\/\/sites.ipleiria.pt\/seismicknowledge\/la-gran-torre-santiago\/\">La gran Torre Santiago<\/a><\/p>\n<p><a href=\"http:\/\/sites.ipleiria.pt\/seismicknowledge\/la-torre-ejecutiva-pemex\/\">La Torre Ejecutiva de Pemex<\/a><\/p>\n<p><a href=\"http:\/\/sites.ipleiria.pt\/seismicknowledge\/la-torre-latinoamericana\/\">La Torre Latinoamericana<\/a><\/p>\n<p><a href=\"http:\/\/sites.ipleiria.pt\/seismicknowledge\/la-torre-taipei-101\/\">La Torre Taipei 101<\/a><\/p>\n<p><a href=\"http:\/\/sites.ipleiria.pt\/seismicknowledge\/lago-kivu\/\">Lago Kivu<\/a><\/p>\n<p><a href=\"http:\/\/sites.ipleiria.pt\/seismicknowledge\/monitoreo-sismico\/\">Monitoreo s\u00edsmico<\/a><\/p>\n<p><a href=\"http:\/\/sites.ipleiria.pt\/seismicknowledge\/papel-tapiz-sismico\/\">Papel tapiz s\u00edsmico<\/a><\/p>\n<p><a href=\"http:\/\/sites.ipleiria.pt\/seismicknowledge\/principales-fallas-tectonicas-del-planeta\/\">Principales fallas tect\u00f3nicas del planeta<\/a><\/p>\n<p><a href=\"http:\/\/sites.ipleiria.pt\/seismicknowledge\/resilencia-en-estructuras\/\">Resilencia en estructuras<\/a><\/p>\n<p><a href=\"http:\/\/sites.ipleiria.pt\/seismicknowledge\/riesgo-sismico\/\">Riesgo s\u00edsmico<\/a><\/p>\n<p><a href=\"http:\/\/sites.ipleiria.pt\/seismicknowledge\/rodamientos-de-caucho-y-plomo\/\">Rodamientos de caucho y plomo<\/a><\/p>\n<p><a href=\"http:\/\/sites.ipleiria.pt\/seismicknowledge\/sismologia-y-tectonica-de-placas\/\">Sismolog\u00eda y Tect\u00f3nica de placas<\/a><\/p>\n<p><a href=\"http:\/\/sites.ipleiria.pt\/seismicknowledge\/sistema-con-cojinetes-de-aire\/\">Sistema con cojinetes de aire<\/a><\/p>\n<p><a href=\"http:\/\/sites.ipleiria.pt\/seismicknowledge\/sistema-de-aislador-de-base-cinematico\/\">Sistema de aislador de base cinem\u00e1tico<\/a><\/p>\n<p><a href=\"http:\/\/sites.ipleiria.pt\/seismicknowledge\/sistema-de-aislamiento-deslizante-esferico\/\">Sistema de aislamiento deslizante esf\u00e9rico<\/a><\/p>\n<p><a href=\"http:\/\/sites.ipleiria.pt\/seismicknowledge\/sistema-de-placas-oscilantes-aislamiento-de-alaska\/\">Sistema de placas oscilantes: Aislamiento de Alaska<\/a><\/p>\n<p><a href=\"http:\/\/sites.ipleiria.pt\/seismicknowledge\/superando-las-dificultades-sismicas\/\">Superando las dificultades s\u00edsmicas<\/a><\/p>\n<p><a href=\"http:\/\/sites.ipleiria.pt\/seismicknowledge\/torre-mayor\/\">Torre Mayor<\/a><\/p>\n<p><a href=\"http:\/\/sites.ipleiria.pt\/seismicknowledge\/torre-titanium-la-portada\/\">Torre Titanium, La Portada<\/a><\/p>\n<p><a href=\"http:\/\/sites.ipleiria.pt\/seismicknowledge\/u-s-bank-tower\/\">U.S. Bank Tower<\/a><\/p>\n<p><a href=\"http:\/\/sites.ipleiria.pt\/seismicknowledge\/vulnerabilidad-errores-del-pasado\/\">Vulnerabilidad: Errores del pasado<\/a><\/p>\n<p><a href=\"http:\/\/sites.ipleiria.pt\/seismicknowledge\/zona-del-rift-de-baikal\/\">Zona del Rift de Baikal<\/a><\/p>\n<p><a href=\"http:\/\/sites.ipleiria.pt\/seismicknowledge\/aumenta-el-numero-de-terremotos-cada-ano\/\">\u00bfAumenta el n\u00famero de terremotos cada a\u00f1o?<\/a><\/p>\n<p><a href=\"http:\/\/sites.ipleiria.pt\/seismicknowledge\/como-se-localiza-un-terremoto\/\">\u00bfC\u00f3mo se localiza un terremoto?<\/a><\/p>\n<p><a href=\"http:\/\/sites.ipleiria.pt\/seismicknowledge\/como-se-mide-un-terremoto\/\">\u00bfC\u00f3mo se mide un Terremoto?<\/a><\/p>\n<p><a href=\"http:\/\/sites.ipleiria.pt\/seismicknowledge\/que-sucede-despues-de-un-terremoto\/\">\u00bfQu\u00e9 sucede despu\u00e9s de un terremoto?<\/a><\/p>","protected":false},"excerpt":{"rendered":"<p>Aisladores de base Aleaciones de memoria de forma Amortiguadores de deformaci\u00f3n o rendimiento met\u00e1lico Amortiguadores de fricci\u00f3n Amortiguadores viscosos Amortiguamiento en estructuras Apoyo de la Uni\u00f3n Europea en la Reducci\u00f3n de Riesgo de Desastres Biomateriales Bricker Capa de invisibilidad s\u00edsmica&hellip;  <\/p>\n<p class=\"more-link\"><a href=\"https:\/\/sites.ipleiria.pt\/seismicknowledge\/todas-las-entradas\/\">Continue reading <span class=\"meta-nav\">&rarr;<\/span><\/a><\/p>\n","protected":false},"author":3142,"featured_media":0,"parent":0,"menu_order":0,"comment_status":"closed","ping_status":"closed","template":"","meta":{"_acf_changed":false,"footnotes":""},"class_list":["post-192","page","type-page","status-publish","hentry"],"acf":[],"_links":{"self":[{"href":"https:\/\/sites.ipleiria.pt\/seismicknowledge\/wp-json\/wp\/v2\/pages\/192","targetHints":{"allow":["GET"]}}],"collection":[{"href":"https:\/\/sites.ipleiria.pt\/seismicknowledge\/wp-json\/wp\/v2\/pages"}],"about":[{"href":"https:\/\/sites.ipleiria.pt\/seismicknowledge\/wp-json\/wp\/v2\/types\/page"}],"author":[{"embeddable":true,"href":"https:\/\/sites.ipleiria.pt\/seismicknowledge\/wp-json\/wp\/v2\/users\/3142"}],"replies":[{"embeddable":true,"href":"https:\/\/sites.ipleiria.pt\/seismicknowledge\/wp-json\/wp\/v2\/comments?post=192"}],"version-history":[{"count":2,"href":"https:\/\/sites.ipleiria.pt\/seismicknowledge\/wp-json\/wp\/v2\/pages\/192\/revisions"}],"predecessor-version":[{"id":439,"href":"https:\/\/sites.ipleiria.pt\/seismicknowledge\/wp-json\/wp\/v2\/pages\/192\/revisions\/439"}],"wp:attachment":[{"href":"https:\/\/sites.ipleiria.pt\/seismicknowledge\/wp-json\/wp\/v2\/media?parent=192"}],"curies":[{"name":"wp","href":"https:\/\/api.w.org\/{rel}","templated":true}]}}