{"id":422,"date":"2018-09-03T04:36:07","date_gmt":"2018-09-03T04:36:07","guid":{"rendered":"http:\/\/sites.ipleiria.pt\/seismicknowledge\/?page_id=422"},"modified":"2018-09-03T04:45:37","modified_gmt":"2018-09-03T04:45:37","slug":"nuevas-tecnologias","status":"publish","type":"page","link":"https:\/\/sites.ipleiria.pt\/seismicknowledge\/nuevas-tecnologias\/","title":{"rendered":"Nuevas tecnolog\u00edas"},"content":{"rendered":"<p>Los terremotos causan grandes da\u00f1os en las edificaciones, y el problema ha empeorado a medida que m\u00e1s personas viven en entornos urbanos y a medida que las estructuras han crecido. Afortunadamente, en las \u00faltimas d\u00e9cadas, los arquitectos e ingenieros han ideado una serie de soluciones que se basan en tecnolog\u00edas inteligentes, metodolog\u00edas innovadoras y t\u00e9cnicas especializadas para garantizar que las casas, edificios, estructuras fallen pero no se rompan, salvaguardando la seguridad de sus habitantes o incluso, que el sismo no toque la estructura.<\/p>\n<p>Algunas de estas tecnolog\u00edas inteligentes se mencionan a continuaci\u00f3n:<\/p>\n<p><a href=\"http:\/\/sites.ipleiria.pt\/seismicknowledge\/aisladores-de-base\/\">Aisladores de base<\/a><\/p>\n<p><a href=\"http:\/\/sites.ipleiria.pt\/seismicknowledge\/amortiguamiento-en-estructuras\/\">Amortiguamiento en estructuras<\/a><\/p>\n<p><a href=\"http:\/\/sites.ipleiria.pt\/seismicknowledge\/dispositivos-de-amortiguacion\/\">Dispositivos de amortiguaci\u00f3n<\/a><\/p>\n<p><a href=\"http:\/\/sites.ipleiria.pt\/seismicknowledge\/el-poder-del-pendulo-amortiguador-de-masa-sintonizado\/\">El poder del P\u00e9ndulo: Amortiguador de masa sintonizado<\/a><\/p>\n<p><a href=\"http:\/\/sites.ipleiria.pt\/seismicknowledge\/corazon-de-roca-nucleo-de-hormigon\/\">Coraz\u00f3n de roca: N\u00facleo de hormig\u00f3n<\/a><\/p>\n<p><a href=\"http:\/\/sites.ipleiria.pt\/seismicknowledge\/capa-de-invisibilidad-sismica\/\">Capa de invisibilidad s\u00edsmica<\/a><\/p>\n<p><a href=\"http:\/\/sites.ipleiria.pt\/seismicknowledge\/materiales-novedosos\/\">Materiales novedosos<\/a><\/p>\n<p><a href=\"http:\/\/sites.ipleiria.pt\/seismicknowledge\/refuerzo-con-fibras\/\">Refuerzo con fibras<\/a><\/p>","protected":false},"excerpt":{"rendered":"<p>Los terremotos causan grandes da\u00f1os en las edificaciones, y el problema ha empeorado a medida que m\u00e1s personas viven en entornos urbanos y a medida que las estructuras han crecido. Afortunadamente, en las \u00faltimas d\u00e9cadas, los arquitectos e ingenieros han&hellip;  <\/p>\n<p class=\"more-link\"><a href=\"https:\/\/sites.ipleiria.pt\/seismicknowledge\/nuevas-tecnologias\/\">Continue reading <span class=\"meta-nav\">&rarr;<\/span><\/a><\/p>\n","protected":false},"author":3142,"featured_media":0,"parent":0,"menu_order":0,"comment_status":"closed","ping_status":"closed","template":"","meta":{"_acf_changed":false,"footnotes":""},"class_list":["post-422","page","type-page","status-publish","hentry"],"acf":[],"_links":{"self":[{"href":"https:\/\/sites.ipleiria.pt\/seismicknowledge\/wp-json\/wp\/v2\/pages\/422","targetHints":{"allow":["GET"]}}],"collection":[{"href":"https:\/\/sites.ipleiria.pt\/seismicknowledge\/wp-json\/wp\/v2\/pages"}],"about":[{"href":"https:\/\/sites.ipleiria.pt\/seismicknowledge\/wp-json\/wp\/v2\/types\/page"}],"author":[{"embeddable":true,"href":"https:\/\/sites.ipleiria.pt\/seismicknowledge\/wp-json\/wp\/v2\/users\/3142"}],"replies":[{"embeddable":true,"href":"https:\/\/sites.ipleiria.pt\/seismicknowledge\/wp-json\/wp\/v2\/comments?post=422"}],"version-history":[{"count":2,"href":"https:\/\/sites.ipleiria.pt\/seismicknowledge\/wp-json\/wp\/v2\/pages\/422\/revisions"}],"predecessor-version":[{"id":428,"href":"https:\/\/sites.ipleiria.pt\/seismicknowledge\/wp-json\/wp\/v2\/pages\/422\/revisions\/428"}],"wp:attachment":[{"href":"https:\/\/sites.ipleiria.pt\/seismicknowledge\/wp-json\/wp\/v2\/media?parent=422"}],"curies":[{"name":"wp","href":"https:\/\/api.w.org\/{rel}","templated":true}]}}