{"id":432,"date":"2018-09-03T04:59:18","date_gmt":"2018-09-03T04:59:18","guid":{"rendered":"http:\/\/sites.ipleiria.pt\/seismicknowledge\/?page_id=432"},"modified":"2018-09-03T04:59:18","modified_gmt":"2018-09-03T04:59:18","slug":"hacer-frente-a-los-terremotos","status":"publish","type":"page","link":"https:\/\/sites.ipleiria.pt\/seismicknowledge\/hacer-frente-a-los-terremotos\/","title":{"rendered":"Hacer frente a los terremotos"},"content":{"rendered":"<p>Para saber c\u00f3mo hacer frente a los terremotos es necesario conocer algunos t\u00e9rminos:<\/p>\n<p><a href=\"http:\/\/sites.ipleiria.pt\/seismicknowledge\/riesgo-sismico\/\">Riesgo s\u00edsmico<\/a><\/p>\n<p><a href=\"http:\/\/sites.ipleiria.pt\/seismicknowledge\/vulnerabilidad-errores-del-pasado\/\">Vulnerabilidad s\u00edsmica: errores del pasado<\/a><\/p>\n<p><a href=\"http:\/\/sites.ipleiria.pt\/seismicknowledge\/apoyo-de-la-union-europea-en-la-reduccion-de-riesgo-de-desastres\/\">Apoyo de la Uni\u00f3n Europea en la reducci\u00f3n de riesgo de desastres<\/a><\/p>\n<p><a href=\"http:\/\/sites.ipleiria.pt\/seismicknowledge\/chile-como-ejemplo-de-reduccion-de-riesgo-sismico\/\">Chile como ejemplo de reducci\u00f3n de riesgo s\u00edsmico<\/a><\/p>\n<p><a href=\"http:\/\/sites.ipleiria.pt\/seismicknowledge\/resilencia-en-estructuras\/\">Resilencia en estructuras<\/a><\/p>","protected":false},"excerpt":{"rendered":"<p>Para saber c\u00f3mo hacer frente a los terremotos es necesario conocer algunos t\u00e9rminos: Riesgo s\u00edsmico Vulnerabilidad s\u00edsmica: errores del pasado Apoyo de la Uni\u00f3n Europea en la reducci\u00f3n de riesgo de desastres Chile como ejemplo de reducci\u00f3n de riesgo s\u00edsmico&hellip;  <\/p>\n<p class=\"more-link\"><a href=\"https:\/\/sites.ipleiria.pt\/seismicknowledge\/hacer-frente-a-los-terremotos\/\">Continue reading <span class=\"meta-nav\">&rarr;<\/span><\/a><\/p>\n","protected":false},"author":3142,"featured_media":0,"parent":0,"menu_order":0,"comment_status":"closed","ping_status":"closed","template":"","meta":{"_acf_changed":false,"footnotes":""},"class_list":["post-432","page","type-page","status-publish","hentry"],"acf":[],"_links":{"self":[{"href":"https:\/\/sites.ipleiria.pt\/seismicknowledge\/wp-json\/wp\/v2\/pages\/432","targetHints":{"allow":["GET"]}}],"collection":[{"href":"https:\/\/sites.ipleiria.pt\/seismicknowledge\/wp-json\/wp\/v2\/pages"}],"about":[{"href":"https:\/\/sites.ipleiria.pt\/seismicknowledge\/wp-json\/wp\/v2\/types\/page"}],"author":[{"embeddable":true,"href":"https:\/\/sites.ipleiria.pt\/seismicknowledge\/wp-json\/wp\/v2\/users\/3142"}],"replies":[{"embeddable":true,"href":"https:\/\/sites.ipleiria.pt\/seismicknowledge\/wp-json\/wp\/v2\/comments?post=432"}],"version-history":[{"count":1,"href":"https:\/\/sites.ipleiria.pt\/seismicknowledge\/wp-json\/wp\/v2\/pages\/432\/revisions"}],"predecessor-version":[{"id":433,"href":"https:\/\/sites.ipleiria.pt\/seismicknowledge\/wp-json\/wp\/v2\/pages\/432\/revisions\/433"}],"wp:attachment":[{"href":"https:\/\/sites.ipleiria.pt\/seismicknowledge\/wp-json\/wp\/v2\/media?parent=432"}],"curies":[{"name":"wp","href":"https:\/\/api.w.org\/{rel}","templated":true}]}}