{"id":12,"date":"2020-01-08T16:09:07","date_gmt":"2020-01-08T16:09:07","guid":{"rendered":"http:\/\/sites.ipleiria.pt\/2enda2020\/?page_id=12"},"modified":"2023-06-13T13:09:16","modified_gmt":"2023-06-13T13:09:16","slug":"programa","status":"publish","type":"page","link":"https:\/\/sites.ipleiria.pt\/semanachinesa\/programa\/","title":{"rendered":"Programa"},"content":{"rendered":"\n<figure class=\"wp-block-table is-style-stripes\"><table class=\"has-white-background-color has-background\"><thead><tr><th class=\"has-text-align-left\" data-align=\"left\">DIA<\/th><th class=\"has-text-align-left\" data-align=\"left\">HORA<\/th><th class=\"has-text-align-left\" data-align=\"left\">ATIVIDADE<\/th><th>LOCAL<\/th><\/tr><\/thead><tbody><tr><td class=\"has-text-align-left\" data-align=\"left\"><\/td><td class=\"has-text-align-left\" data-align=\"left\"><\/td><td class=\"has-text-align-left\" data-align=\"left\"><\/td><td><\/td><\/tr><tr><td class=\"has-text-align-left\" data-align=\"left\"><strong> <br>17 junho<\/strong><\/td><td class=\"has-text-align-left\" data-align=\"left\">10h30-12h00<\/td><td class=\"has-text-align-left\" data-align=\"left\"><strong>Cerim\u00f3nia de abertura<\/strong><br>Wang Chengwen; Vice-Ministro da Educa\u00e7\u00e3o da China<br>Zhao Bentang; Embaixador da China em Portugal&nbsp;<br>Carlos Rabad\u00e3o, Presidente do Polit\u00e9cnico de Leiria&nbsp;<br>Pedro Mouro\u00e7o, Diretor da ESECS<br>Gon\u00e7alo Lopes, Presidente da C\u00e2mara Municipal de Leiria&nbsp;<br>Aur\u00e9lio Ferreira, Presidente da C\u00e2mara Municipal de Marinha Grande<br>Romain Gillain, Coordenador da licenciatura em TIPC \/ Organiza\u00e7\u00e3o da 2.\u00aa semana da L\u00edngua e Cultura Chinesas<br><br>Atua\u00e7\u00f5es art\u00edsticas: m\u00fasica e dan\u00e7a chinesa<\/td><td>Anf. 2<\/td><\/tr><tr><td class=\"has-text-align-left\" data-align=\"left\"><\/td><td class=\"has-text-align-left\" data-align=\"left\"><\/td><td class=\"has-text-align-left\" data-align=\"left\"><\/td><td><\/td><\/tr><tr><td class=\"has-text-align-left\" data-align=\"left\"><strong><br>19 junho<\/strong><\/td><td class=\"has-text-align-left\" data-align=\"left\">10h00-11h00<\/td><td class=\"has-text-align-left\" data-align=\"left\"><strong>\u201cChildren Picture Books from China\u201d<\/strong><br>Exposi\u00e7\u00e3o de livros infantis chineses <br>Leitura bilingue de uma hist\u00f3ria<\/td><td>Pagode <br>Chin\u00eas<\/td><\/tr><tr><td class=\"has-text-align-left\" data-align=\"left\"><\/td><td class=\"has-text-align-left\" data-align=\"left\">11h00-12h00<\/td><td class=\"has-text-align-left\" data-align=\"left\"><strong>Pausa ativa com Tai-Chi<\/strong><br>Ye Xiao; Instituto Conf\u00facio de Coimbra<\/td><td>Relvado<br>ESECS<\/td><\/tr><tr><td class=\"has-text-align-left\" data-align=\"left\">&nbsp;<\/td><td class=\"has-text-align-left\" data-align=\"left\"><\/td><\/tr><tr><td class=\"has-text-align-left\" data-align=\"left\">&nbsp;<\/td><td class=\"has-text-align-left\" data-align=\"left\">14h00-17h30<\/td><td class=\"has-text-align-left\" data-align=\"left\"><strong>Mangas e animes chineses<\/strong><\/td><td><\/td><\/tr><tr><td class=\"has-text-align-left\" data-align=\"left\">&nbsp;<\/td><td class=\"has-text-align-left\" data-align=\"left\">&nbsp;<\/td><td class=\"has-text-align-left\" data-align=\"left\">Exposi\u00e7\u00e3o de mangas e animes chineses<br>Preparada por estudantes de TIPC e LPA <\/td><td>\u00c1trio<br>ESECS<\/td><\/tr><tr><td class=\"has-text-align-left\" data-align=\"left\">&nbsp;<\/td><td class=\"has-text-align-left\" data-align=\"left\">&nbsp;<\/td><td class=\"has-text-align-left\" data-align=\"left\">Mesa-redonda: cria\u00e7\u00e3o, edi\u00e7\u00e3o e tradu\u00e7\u00e3o de mangas em Portugal<br>Patr\u00edcia Costa; autora de BD<br>Maria Jos\u00e9 Pereira; tradutora e editora de BD<\/td><td>Audit. 2<\/td><\/tr><tr><td class=\"has-text-align-left\" data-align=\"left\">&nbsp;<\/td><td class=\"has-text-align-left\" data-align=\"left\">&nbsp;<\/td><td class=\"has-text-align-left\" data-align=\"left\">Oficina de tradu\u00e7\u00e3o de mangas<br>Fl\u00e1via Coelho; ESECS<\/td><td>Audit. 2<\/td><\/tr><tr><td class=\"has-text-align-left\" data-align=\"left\"><\/td><td class=\"has-text-align-left\" data-align=\"left\"><\/td><td class=\"has-text-align-left\" data-align=\"left\"><\/td><td><\/td><\/tr><tr><td class=\"has-text-align-left\" data-align=\"left\"><strong>20 junho<\/strong><\/td><td class=\"has-text-align-left\" data-align=\"left\">10h00-12h30<\/td><td class=\"has-text-align-left\" data-align=\"left\"><strong>Workshop de cozinha chinesa <\/strong><br>Fausto Caels; ESECS \/ Chen Chen; CLEC<\/td><td>SA0.11<\/td><\/tr><tr><td class=\"has-text-align-left\" data-align=\"left\">&nbsp;<\/td><td class=\"has-text-align-left\" data-align=\"left\">14h00-16h00<\/td><td class=\"has-text-align-left\" data-align=\"left\"><strong>Pintura de m\u00e1scaras da \u00f3pera de Pequim<\/strong><br>Chen Chen; CLEC<\/td><td>SA0.11<\/td><\/tr><tr><td class=\"has-text-align-left\" data-align=\"left\">&nbsp;<\/td><td class=\"has-text-align-left\" data-align=\"left\">16h30-18h00<\/td><td class=\"has-text-align-left\" data-align=\"left\"><strong>Corrida de Barcos do Drag\u00e3o<\/strong><br>(Aberto a toda a comunidade)<\/td><td>Relvado <br>ESECS<\/td><\/tr><tr><td class=\"has-text-align-left\" data-align=\"left\"><\/td><td class=\"has-text-align-left\" data-align=\"left\"><\/td><td class=\"has-text-align-left\" data-align=\"left\"><\/td><td><\/td><\/tr><tr><td class=\"has-text-align-left\" data-align=\"left\">\u00a0<strong>21 junho<\/strong><\/td><td class=\"has-text-align-left\" data-align=\"left\">9h30-15h30<\/td><td class=\"has-text-align-left\" data-align=\"left\"><strong>Workshop de inicia\u00e7\u00e3o \u00e0 L\u00edngua e Cultura Chinesas <\/strong><br>(Visita a escolas de 1.\u00ba CEB)<\/td><td><\/td><\/tr><tr><td class=\"has-text-align-left\" data-align=\"left\">&nbsp;<\/td><td class=\"has-text-align-left\" data-align=\"left\">&nbsp;<\/td><td class=\"has-text-align-left\" data-align=\"left\">\u00b7 Vamos ouvir uma hist\u00f3ria chinesa<br>. Queres aprender algumas palavras em chin\u00eas?<br>\u00b7 Sabes comer com pauzinhos?<br>\u00b7 A minha primeira can\u00e7\u00e3o em chin\u00eas<\/td><td><\/td><\/tr><tr><td class=\"has-text-align-left\" data-align=\"left\"><\/td><td class=\"has-text-align-left\" data-align=\"left\">16h00-17h30<\/td><td class=\"has-text-align-left\" data-align=\"left\"><strong>Mostra de v\u00eddeo-jogos chineses\u00a0<\/strong><br>Preparada por estudantes de TIPC e LPA<\/td><td>SA1.8<\/td><\/tr><tr><td class=\"has-text-align-left\" data-align=\"left\">&nbsp;<\/td><td class=\"has-text-align-left\" data-align=\"left\">&nbsp;<\/td><td class=\"has-text-align-left\" data-align=\"left\"><\/td><td><\/td><\/tr><tr><td class=\"has-text-align-left\" data-align=\"left\"><strong>22 junho<\/strong><\/td><td class=\"has-text-align-left\" data-align=\"left\">&nbsp;10h00-12h30<\/td><td class=\"has-text-align-left\" data-align=\"left\"><strong>A profiss\u00e3o de int\u00e9rprete<\/strong><\/td><td>Audit. 2<\/td><\/tr><tr><td class=\"has-text-align-left\" data-align=\"left\">&nbsp;<\/td><td class=\"has-text-align-left\" data-align=\"left\">&nbsp;<\/td><td class=\"has-text-align-left\" data-align=\"left\">Q&amp;A com profissional<br>Sara Milreu; Tradutora e Int\u00e9rprete<\/td><td><\/td><\/tr><tr><td class=\"has-text-align-left\" data-align=\"left\">&nbsp;<\/td><td class=\"has-text-align-left\" data-align=\"left\">&nbsp;<\/td><td class=\"has-text-align-left\" data-align=\"left\">Oficina de interpreta\u00e7\u00e3o<br>Fl\u00e1via Coelho; ESECS \/ Yuxiong Zhang; ESECS<\/td><td><\/td><\/tr><tr><td class=\"has-text-align-left\" data-align=\"left\"><\/td><td class=\"has-text-align-left\" data-align=\"left\"><\/td><td class=\"has-text-align-left\" data-align=\"left\"><\/td><td><\/td><\/tr><tr><td class=\"has-text-align-left\" data-align=\"left\">&nbsp;<\/td><td class=\"has-text-align-left\" data-align=\"left\">14h00-16h30<\/td><td class=\"has-text-align-left\" data-align=\"left\"><strong>Est\u00e1gios e percursos profissionais na \u00e1rea do Portugu\u00eas\/Chin\u00eas<\/strong><\/td><td>Audit. 2<\/td><\/tr><tr><td class=\"has-text-align-left\" data-align=\"left\">&nbsp;<\/td><td class=\"has-text-align-left\" data-align=\"left\">&nbsp;<\/td><td class=\"has-text-align-left\" data-align=\"left\">Oportunidades de est\u00e1gio em TIPC<br>Romain Gillain; Coordenador de TIPC, ESECS<\/td><td><\/td><\/tr><tr><td class=\"has-text-align-left\" data-align=\"left\">&nbsp;<\/td><td class=\"has-text-align-left\" data-align=\"left\">&nbsp;<\/td><td class=\"has-text-align-left\" data-align=\"left\">Testemunhos de&nbsp;<em>alumni<\/em>&nbsp;de TIPC<br>Yuqing Lin; Diretora da escola Tejo Portugu\u00eas<br>Mariana Amado; Conf\u00facio de Coimbra<br>Ariana Ge; Universidade do Porto<\/td><td><\/td><\/tr><tr><td class=\"has-text-align-left\" data-align=\"left\">&nbsp;<\/td><td class=\"has-text-align-left\" data-align=\"left\">16h30-17h30<\/td><td class=\"has-text-align-left\" data-align=\"left\"><strong>Quiz sobre as atividades desenvolvidas durante a semana<\/strong><\/td><td>Audit. 2<\/td><\/tr><tr><td class=\"has-text-align-left\" data-align=\"left\"><\/td><td class=\"has-text-align-left\" data-align=\"left\"><\/td><td class=\"has-text-align-left\" data-align=\"left\"><\/td><td><\/td><\/tr><tr><td class=\"has-text-align-left\" data-align=\"left\">&nbsp;<\/td><td class=\"has-text-align-left\" data-align=\"left\">17h30-<\/td><td class=\"has-text-align-left\" data-align=\"left\"><strong>Piquenique partilhado com Karaoke&nbsp;<\/strong><br>(Aberto a toda a comunidade)<\/td><td>Relvado <br>ESECS<\/td><\/tr><tr><td class=\"has-text-align-left\" data-align=\"left\">&nbsp;<\/td><td class=\"has-text-align-left\" data-align=\"left\">&nbsp;<\/td><td class=\"has-text-align-left\" data-align=\"left\"><\/td><td><\/td><\/tr><\/tbody><tfoot><tr><td class=\"has-text-align-left\" data-align=\"left\"><\/td><td class=\"has-text-align-left\" data-align=\"left\"><\/td><td class=\"has-text-align-left\" data-align=\"left\"><\/td><td><\/td><\/tr><\/tfoot><\/table><\/figure>\n","protected":false},"excerpt":{"rendered":"<p>DIA HORA ATIVIDADE LOCAL 17 junho 10h30-12h00 Cerim\u00f3nia de aberturaWang Chengwen; Vice-Ministro da Educa\u00e7\u00e3o da ChinaZhao Bentang; Embaixador da China em Portugal&nbsp;Carlos Rabad\u00e3o, Presidente do Polit\u00e9cnico de Leiria&nbsp;Pedro Mouro\u00e7o, Diretor da ESECSGon\u00e7alo Lopes, Presidente da C\u00e2mara Municipal de Leiria&nbsp;Aur\u00e9lio Ferreira,&hellip;  <\/p>\n<p class=\"more-link\"><a href=\"https:\/\/sites.ipleiria.pt\/semanachinesa\/programa\/\">Continue reading <span class=\"meta-nav\">&rarr;<\/span><\/a><\/p>\n","protected":false},"author":102,"featured_media":0,"parent":0,"menu_order":0,"comment_status":"closed","ping_status":"closed","template":"","meta":{"footnotes":""},"class_list":["post-12","page","type-page","status-publish","hentry"],"_links":{"self":[{"href":"https:\/\/sites.ipleiria.pt\/semanachinesa\/wp-json\/wp\/v2\/pages\/12","targetHints":{"allow":["GET"]}}],"collection":[{"href":"https:\/\/sites.ipleiria.pt\/semanachinesa\/wp-json\/wp\/v2\/pages"}],"about":[{"href":"https:\/\/sites.ipleiria.pt\/semanachinesa\/wp-json\/wp\/v2\/types\/page"}],"author":[{"embeddable":true,"href":"https:\/\/sites.ipleiria.pt\/semanachinesa\/wp-json\/wp\/v2\/users\/102"}],"replies":[{"embeddable":true,"href":"https:\/\/sites.ipleiria.pt\/semanachinesa\/wp-json\/wp\/v2\/comments?post=12"}],"version-history":[{"count":21,"href":"https:\/\/sites.ipleiria.pt\/semanachinesa\/wp-json\/wp\/v2\/pages\/12\/revisions"}],"predecessor-version":[{"id":775,"href":"https:\/\/sites.ipleiria.pt\/semanachinesa\/wp-json\/wp\/v2\/pages\/12\/revisions\/775"}],"wp:attachment":[{"href":"https:\/\/sites.ipleiria.pt\/semanachinesa\/wp-json\/wp\/v2\/media?parent=12"}],"curies":[{"name":"wp","href":"https:\/\/api.w.org\/{rel}","templated":true}]}}