{"id":14,"date":"2020-01-08T16:09:25","date_gmt":"2020-01-08T16:09:25","guid":{"rendered":"http:\/\/sites.ipleiria.pt\/2enda2020\/?page_id=14"},"modified":"2023-06-16T07:29:42","modified_gmt":"2023-06-16T07:29:42","slug":"inscricoes","status":"publish","type":"page","link":"https:\/\/sites.ipleiria.pt\/semanachinesa\/inscricoes\/","title":{"rendered":"Inscri\u00e7\u00f5es"},"content":{"rendered":"\n<p>A 2.\u00aa Semana da L\u00edngua e Cultura Chinesas est\u00e1 repleta de atividades diversificadas. Todas as atividades s\u00e3o de acesso livre e destinam-se \u00e0 comunidade do IPL (estudantes, professores, funcion\u00e1rios)&nbsp;<strong><u>e<\/u><\/strong>&nbsp;ao p\u00fablico em geral. Sejam bem-vindos a explorar a l\u00edngua e a cultura chinesa connosco!<\/p>\n\n\n\n<p>Algumas atividades requerem inscri\u00e7\u00e3o pr\u00e9via e s\u00e3o limitadas \u00e0s vagas existentes.&nbsp;Assegura j\u00e1 o teu\/seu lugar, preenchendo os formul\u00e1rios abaixo!&nbsp;<\/p>\n\n\n\n<hr class=\"wp-block-separator\" \/>\n\n\n\n<p><\/p>\n\n\n\n<h2 class=\"wp-block-heading\">Pausa ativa com Tai Chi<\/h2>\n\n\n\n<p><a href=\"https:\/\/forms.gle\/zAr9ArGeUMqEZztq9\">https:\/\/forms.gle\/zAr9ArGeUMqEZztq9<\/a><\/p>\n\n\n\n<figure class=\"wp-block-image size-full is-resized\"><a href=\"https:\/\/forms.gle\/zAr9ArGeUMqEZztq9\"><img loading=\"lazy\" decoding=\"async\" src=\"https:\/\/sites.ipleiria.pt\/semanachinesa\/files\/2023\/06\/Captura-de-ecra-2023-06-09-as-09.20.21.png\" alt=\"\" class=\"wp-image-764\" width=\"496\" height=\"192\" srcset=\"https:\/\/sites.ipleiria.pt\/semanachinesa\/files\/2023\/06\/Captura-de-ecra-2023-06-09-as-09.20.21.png 1000w, https:\/\/sites.ipleiria.pt\/semanachinesa\/files\/2023\/06\/Captura-de-ecra-2023-06-09-as-09.20.21-300x116.png 300w, https:\/\/sites.ipleiria.pt\/semanachinesa\/files\/2023\/06\/Captura-de-ecra-2023-06-09-as-09.20.21-768x297.png 768w\" sizes=\"auto, (max-width: 496px) 100vw, 496px\" \/><\/a><\/figure>\n\n\n\n<h2 class=\"wp-block-heading\"><strong>Workshop de cozinha chinesa<\/strong> <mark class=\"has-inline-color has-vivid-red-color\">&#8211; ESGOTADO :))<\/mark><\/h2>\n\n\n\n<p><a href=\"https:\/\/forms.gle\/wdueEVnm94cmgo7D6\">https:\/\/forms.gle\/wdueEVnm94cmgo7D6<\/a><\/p>\n\n\n\n<figure class=\"wp-block-image size-full is-resized\"><a href=\"https:\/\/forms.gle\/wdueEVnm94cmgo7D6\"><img loading=\"lazy\" decoding=\"async\" src=\"https:\/\/sites.ipleiria.pt\/semanachinesa\/files\/2023\/06\/how-to-fold-baozi.jpg\" alt=\"\" class=\"wp-image-733\" width=\"252\" height=\"189\" srcset=\"https:\/\/sites.ipleiria.pt\/semanachinesa\/files\/2023\/06\/how-to-fold-baozi.jpg 600w, https:\/\/sites.ipleiria.pt\/semanachinesa\/files\/2023\/06\/how-to-fold-baozi-300x225.jpg 300w\" sizes=\"auto, (max-width: 252px) 100vw, 252px\" \/><\/a><\/figure>\n\n\n\n<p><\/p>\n\n\n\n<h2 class=\"wp-block-heading\"><strong>Pintura de m\u00e1scaras da \u00d3pera de Pequim<\/strong>&nbsp;<\/h2>\n\n\n\n<p><a href=\"https:\/\/forms.gle\/ugVmuZtw34VhQfoX6\">https:\/\/forms.gle\/ugVmuZtw34VhQfoX6<\/a><\/p>\n\n\n\n<figure class=\"wp-block-image size-large is-resized\"><a href=\"https:\/\/forms.gle\/ugVmuZtw34VhQfoX6\"><img loading=\"lazy\" decoding=\"async\" src=\"https:\/\/sites.ipleiria.pt\/semanachinesa\/files\/2023\/06\/il_fullxfull.3930120196_rqp0-1024x1024.jpg\" alt=\"\" class=\"wp-image-734\" width=\"254\" height=\"254\" srcset=\"https:\/\/sites.ipleiria.pt\/semanachinesa\/files\/2023\/06\/il_fullxfull.3930120196_rqp0-1024x1024.jpg 1024w, https:\/\/sites.ipleiria.pt\/semanachinesa\/files\/2023\/06\/il_fullxfull.3930120196_rqp0-300x300.jpg 300w, https:\/\/sites.ipleiria.pt\/semanachinesa\/files\/2023\/06\/il_fullxfull.3930120196_rqp0-150x150.jpg 150w, https:\/\/sites.ipleiria.pt\/semanachinesa\/files\/2023\/06\/il_fullxfull.3930120196_rqp0-768x768.jpg 768w, https:\/\/sites.ipleiria.pt\/semanachinesa\/files\/2023\/06\/il_fullxfull.3930120196_rqp0-1536x1536.jpg 1536w, https:\/\/sites.ipleiria.pt\/semanachinesa\/files\/2023\/06\/il_fullxfull.3930120196_rqp0-2048x2048.jpg 2048w\" sizes=\"auto, (max-width: 254px) 100vw, 254px\" \/><\/a><\/figure>\n\n\n\n<p><\/p>\n\n\n\n<h2 class=\"wp-block-heading\"><strong>Corrida de Barcos do Drag\u00e3o<\/strong><\/h2>\n\n\n\n<p><a href=\"https:\/\/forms.gle\/EAxGV99zG1uJSM5Z9\">https:\/\/forms.gle\/EAxGV99zG1uJSM5Z9<\/a><\/p>\n\n\n\n<figure class=\"wp-block-image size-large is-resized\"><a href=\"https:\/\/forms.gle\/EAxGV99zG1uJSM5Z9\"><img loading=\"lazy\" decoding=\"async\" src=\"https:\/\/sites.ipleiria.pt\/semanachinesa\/files\/2023\/06\/SFCCA_DuanWuJie2019_8-1024x683.jpg\" alt=\"\" class=\"wp-image-735\" width=\"324\" height=\"216\" srcset=\"https:\/\/sites.ipleiria.pt\/semanachinesa\/files\/2023\/06\/SFCCA_DuanWuJie2019_8-1024x683.jpg 1024w, https:\/\/sites.ipleiria.pt\/semanachinesa\/files\/2023\/06\/SFCCA_DuanWuJie2019_8-300x200.jpg 300w, https:\/\/sites.ipleiria.pt\/semanachinesa\/files\/2023\/06\/SFCCA_DuanWuJie2019_8-768x512.jpg 768w, https:\/\/sites.ipleiria.pt\/semanachinesa\/files\/2023\/06\/SFCCA_DuanWuJie2019_8.jpg 1200w\" sizes=\"auto, (max-width: 324px) 100vw, 324px\" \/><\/a><\/figure>\n\n\n\n<p><\/p>\n","protected":false},"excerpt":{"rendered":"<p>A 2.\u00aa Semana da L\u00edngua e Cultura Chinesas est\u00e1 repleta de atividades diversificadas. Todas as atividades s\u00e3o de acesso livre e destinam-se \u00e0 comunidade do IPL (estudantes, professores, funcion\u00e1rios)&nbsp;e&nbsp;ao p\u00fablico em geral. Sejam bem-vindos a explorar a l\u00edngua e a&hellip;  <\/p>\n<p class=\"more-link\"><a href=\"https:\/\/sites.ipleiria.pt\/semanachinesa\/inscricoes\/\">Continue reading <span class=\"meta-nav\">&rarr;<\/span><\/a><\/p>\n","protected":false},"author":102,"featured_media":0,"parent":0,"menu_order":0,"comment_status":"closed","ping_status":"closed","template":"","meta":{"footnotes":""},"class_list":["post-14","page","type-page","status-publish","hentry"],"_links":{"self":[{"href":"https:\/\/sites.ipleiria.pt\/semanachinesa\/wp-json\/wp\/v2\/pages\/14","targetHints":{"allow":["GET"]}}],"collection":[{"href":"https:\/\/sites.ipleiria.pt\/semanachinesa\/wp-json\/wp\/v2\/pages"}],"about":[{"href":"https:\/\/sites.ipleiria.pt\/semanachinesa\/wp-json\/wp\/v2\/types\/page"}],"author":[{"embeddable":true,"href":"https:\/\/sites.ipleiria.pt\/semanachinesa\/wp-json\/wp\/v2\/users\/102"}],"replies":[{"embeddable":true,"href":"https:\/\/sites.ipleiria.pt\/semanachinesa\/wp-json\/wp\/v2\/comments?post=14"}],"version-history":[{"count":9,"href":"https:\/\/sites.ipleiria.pt\/semanachinesa\/wp-json\/wp\/v2\/pages\/14\/revisions"}],"predecessor-version":[{"id":779,"href":"https:\/\/sites.ipleiria.pt\/semanachinesa\/wp-json\/wp\/v2\/pages\/14\/revisions\/779"}],"wp:attachment":[{"href":"https:\/\/sites.ipleiria.pt\/semanachinesa\/wp-json\/wp\/v2\/media?parent=14"}],"curies":[{"name":"wp","href":"https:\/\/api.w.org\/{rel}","templated":true}]}}