{"id":16,"date":"2020-01-08T16:09:46","date_gmt":"2020-01-08T16:09:46","guid":{"rendered":"http:\/\/sites.ipleiria.pt\/2enda2020\/?page_id=16"},"modified":"2023-06-07T12:57:09","modified_gmt":"2023-06-07T12:57:09","slug":"contactos","status":"publish","type":"page","link":"https:\/\/sites.ipleiria.pt\/semanachinesa\/contactos\/","title":{"rendered":"Contactos"},"content":{"rendered":"\n<p>Para mais informa\u00e7\u00f5es sobre a Semana da L\u00edngua e Cultura Chinesas contacte-nos em:<\/p>\n\n\n\n<p><\/p>\n\n\n\n<p><a href=\"mailto:fausto.caels@ipleiria.pt\">fausto.caels@ipleiria.pt<\/a>\u00a0ou\u00a0<a href=\"internacional.esecs@ipleiria.pt\" data-type=\"URL\" data-id=\"internacional.esecs@ipleiria.pt\">internacional.esecs@ipleiria.pt<\/a><\/p>\n\n\n\n<figure class=\"wp-block-image\"><img loading=\"lazy\" decoding=\"async\" width=\"1024\" height=\"683\" src=\"https:\/\/sites.ipleiria.pt\/semanachinesa\/files\/2023\/06\/esecs_3-1024x683.jpg\" alt=\"\" class=\"wp-image-698\" srcset=\"https:\/\/sites.ipleiria.pt\/semanachinesa\/files\/2023\/06\/esecs_3-1024x683.jpg 1024w, https:\/\/sites.ipleiria.pt\/semanachinesa\/files\/2023\/06\/esecs_3-300x200.jpg 300w, https:\/\/sites.ipleiria.pt\/semanachinesa\/files\/2023\/06\/esecs_3-768x512.jpg 768w, https:\/\/sites.ipleiria.pt\/semanachinesa\/files\/2023\/06\/esecs_3.jpg 1536w\" sizes=\"auto, (max-width: 1024px) 100vw, 1024px\" \/><\/figure>\n\n\n\n<p><\/p>\n","protected":false},"excerpt":{"rendered":"<p>Para mais informa\u00e7\u00f5es sobre a Semana da L\u00edngua e Cultura Chinesas contacte-nos em: fausto.caels@ipleiria.pt\u00a0ou\u00a0internacional.esecs@ipleiria.pt<\/p>\n","protected":false},"author":102,"featured_media":0,"parent":0,"menu_order":0,"comment_status":"closed","ping_status":"closed","template":"","meta":{"footnotes":""},"class_list":["post-16","page","type-page","status-publish","hentry"],"_links":{"self":[{"href":"https:\/\/sites.ipleiria.pt\/semanachinesa\/wp-json\/wp\/v2\/pages\/16","targetHints":{"allow":["GET"]}}],"collection":[{"href":"https:\/\/sites.ipleiria.pt\/semanachinesa\/wp-json\/wp\/v2\/pages"}],"about":[{"href":"https:\/\/sites.ipleiria.pt\/semanachinesa\/wp-json\/wp\/v2\/types\/page"}],"author":[{"embeddable":true,"href":"https:\/\/sites.ipleiria.pt\/semanachinesa\/wp-json\/wp\/v2\/users\/102"}],"replies":[{"embeddable":true,"href":"https:\/\/sites.ipleiria.pt\/semanachinesa\/wp-json\/wp\/v2\/comments?post=16"}],"version-history":[{"count":7,"href":"https:\/\/sites.ipleiria.pt\/semanachinesa\/wp-json\/wp\/v2\/pages\/16\/revisions"}],"predecessor-version":[{"id":760,"href":"https:\/\/sites.ipleiria.pt\/semanachinesa\/wp-json\/wp\/v2\/pages\/16\/revisions\/760"}],"wp:attachment":[{"href":"https:\/\/sites.ipleiria.pt\/semanachinesa\/wp-json\/wp\/v2\/media?parent=16"}],"curies":[{"name":"wp","href":"https:\/\/api.w.org\/{rel}","templated":true}]}}