{"id":27,"date":"2020-01-08T16:13:49","date_gmt":"2020-01-08T16:13:49","guid":{"rendered":"http:\/\/sites.ipleiria.pt\/2enda2020\/?page_id=27"},"modified":"2023-06-07T07:30:57","modified_gmt":"2023-06-07T07:30:57","slug":"comissao-organizadora","status":"publish","type":"page","link":"https:\/\/sites.ipleiria.pt\/semanachinesa\/comissao-organizadora\/","title":{"rendered":"Organiza\u00e7\u00e3o"},"content":{"rendered":"\n<div class=\"wp-block-group is-layout-flex wp-block-group-is-layout-flex\">\n<figure class=\"wp-block-table is-style-stripes\"><table><tbody><tr><td>A 2.\u00aa Semana da L\u00edngua e Cultura Chinesas \u00e9 uma iniciativa conjunta de:<br>&#8211; Licenciatura em Tradu\u00e7\u00e3o e Interpreta\u00e7\u00e3o Portugu\u00eas-Chin\u00eas\/Chin\u00eas-Portugu\u00eas; ESECS<br>&#8211; Embaixada da China em Portugal<\/td><\/tr><tr><td><strong>Comiss\u00e3o Executiva<\/strong><br>Romain Gillain<br>Fausto Caels<br>Chen Chen<br>Fl\u00e1via Coelho<br>Yuxiong Zhang<br>Marta Alexandre<\/td><\/tr><tr><td><strong>Apoios<\/strong><br>Gabinete de Rela\u00e7\u00f5es P\u00fablicas e Coopera\u00e7\u00e3o Internacional; ESECS<br>Centro de Recursos Multim\u00e9dia; ESECS<br>Centro de Educa\u00e7\u00e3o e Coopera\u00e7\u00e3o Lingu\u00edstica, Minist\u00e9rio da Educa\u00e7\u00e3o da China<\/td><\/tr><\/tbody><\/table><\/figure>\n<\/div>\n\n\n\n<p><\/p>\n\n\n\n<div class=\"wp-block-group\"><div class=\"wp-block-group__inner-container is-layout-flow wp-block-group-is-layout-flow\"><\/div><\/div>\n\n\n\n<p><\/p>\n\n\n\n<p><\/p>\n\n\n\n<p><\/p>\n","protected":false},"excerpt":{"rendered":"<p>A 2.\u00aa Semana da L\u00edngua e Cultura Chinesas \u00e9 uma iniciativa conjunta de:&#8211; Licenciatura em Tradu\u00e7\u00e3o e Interpreta\u00e7\u00e3o Portugu\u00eas-Chin\u00eas\/Chin\u00eas-Portugu\u00eas; ESECS&#8211; Embaixada da China em Portugal Comiss\u00e3o ExecutivaRomain GillainFausto CaelsChen ChenFl\u00e1via CoelhoYuxiong ZhangMarta Alexandre ApoiosGabinete de Rela\u00e7\u00f5es P\u00fablicas e Coopera\u00e7\u00e3o Internacional;&hellip;  <\/p>\n<p class=\"more-link\"><a href=\"https:\/\/sites.ipleiria.pt\/semanachinesa\/comissao-organizadora\/\">Continue reading <span class=\"meta-nav\">&rarr;<\/span><\/a><\/p>\n","protected":false},"author":102,"featured_media":0,"parent":0,"menu_order":0,"comment_status":"closed","ping_status":"closed","template":"","meta":{"footnotes":""},"class_list":["post-27","page","type-page","status-publish","hentry"],"_links":{"self":[{"href":"https:\/\/sites.ipleiria.pt\/semanachinesa\/wp-json\/wp\/v2\/pages\/27","targetHints":{"allow":["GET"]}}],"collection":[{"href":"https:\/\/sites.ipleiria.pt\/semanachinesa\/wp-json\/wp\/v2\/pages"}],"about":[{"href":"https:\/\/sites.ipleiria.pt\/semanachinesa\/wp-json\/wp\/v2\/types\/page"}],"author":[{"embeddable":true,"href":"https:\/\/sites.ipleiria.pt\/semanachinesa\/wp-json\/wp\/v2\/users\/102"}],"replies":[{"embeddable":true,"href":"https:\/\/sites.ipleiria.pt\/semanachinesa\/wp-json\/wp\/v2\/comments?post=27"}],"version-history":[{"count":11,"href":"https:\/\/sites.ipleiria.pt\/semanachinesa\/wp-json\/wp\/v2\/pages\/27\/revisions"}],"predecessor-version":[{"id":754,"href":"https:\/\/sites.ipleiria.pt\/semanachinesa\/wp-json\/wp\/v2\/pages\/27\/revisions\/754"}],"wp:attachment":[{"href":"https:\/\/sites.ipleiria.pt\/semanachinesa\/wp-json\/wp\/v2\/media?parent=27"}],"curies":[{"name":"wp","href":"https:\/\/api.w.org\/{rel}","templated":true}]}}