{"id":424,"date":"2020-01-08T16:01:45","date_gmt":"2020-01-08T16:01:45","guid":{"rendered":"http:\/\/2enda2020.sites.ipleiria.pt\/?page_id=2"},"modified":"2023-06-09T11:30:58","modified_gmt":"2023-06-09T11:30:58","slug":"pagina-exemplo-2","status":"publish","type":"page","link":"https:\/\/sites.ipleiria.pt\/semanachinesa\/","title":{"rendered":"Apresenta\u00e7\u00e3o"},"content":{"rendered":"\n<p><\/p>\n\n\n\n<p>Bem-vind@s \u00e0 2.\u00aa Semana da L\u00edngua e Cultura Chinesas; uma iniciativa conjunta do Polit\u00e9cnico de Leiria e da Embaixada da China em Portugal. Durante 5 dias \u2013 de 17 a 22 de junho 2023 \u2013 a Escola Superior de Educa\u00e7\u00e3o e Ci\u00eancias Sociais vai acolher uma diversidade de atividades para dar a conhecer a enorme riqueza da l\u00edngua e da cultura chinesa: m\u00fasica, dan\u00e7a, gastronomia, pintura e muito mais!&nbsp;&nbsp;<\/p>\n\n\n\n<p>A 2.\u00aa semana da L\u00edngua e Cultura Chinesas destina-se a todas as pessoas que se interessam pela China, pa\u00eds do Panda, da Grande Muralha e da \u00d3pera de Pequim!&nbsp;<\/p>\n\n\n\n<p>Vem descobrir a China connosco!<\/p>\n\n\n\n<p><\/p>\n\n\n\n<p><\/p>\n\n\n\n<div class=\"wp-block-image\"><figure class=\"aligncenter size-full is-resized\"><img loading=\"lazy\" decoding=\"async\" src=\"https:\/\/sites.ipleiria.pt\/semanachinesa\/files\/2023\/06\/Chinese-New-Year-Decoration-PNG-Download-Image-1.png\" alt=\"\" class=\"wp-image-746\" width=\"392\" height=\"114\" srcset=\"https:\/\/sites.ipleiria.pt\/semanachinesa\/files\/2023\/06\/Chinese-New-Year-Decoration-PNG-Download-Image-1.png 700w, https:\/\/sites.ipleiria.pt\/semanachinesa\/files\/2023\/06\/Chinese-New-Year-Decoration-PNG-Download-Image-1-300x87.png 300w\" sizes=\"auto, (max-width: 392px) 100vw, 392px\" \/><\/figure><\/div>\n\n\n\n<figure class=\"wp-block-gallery has-nested-images columns-default is-cropped wp-block-gallery-1 is-layout-flex wp-block-gallery-is-layout-flex\"><\/figure>\n\n\n\n<div class=\"wp-block-columns is-layout-flex wp-container-core-columns-is-layout-1 wp-block-columns-is-layout-flex\"><\/div>\n\n\n\n<div class=\"wp-block-columns is-layout-flex wp-container-core-columns-is-layout-2 wp-block-columns-is-layout-flex\">\n<div class=\"wp-block-column is-layout-flow wp-block-column-is-layout-flow\"><\/div>\n\n\n\n<div class=\"wp-block-column is-layout-flow wp-block-column-is-layout-flow\"><\/div>\n<\/div>\n\n\n\n<p><\/p>\n","protected":false},"excerpt":{"rendered":"<p>Bem-vind@s \u00e0 2.\u00aa Semana da L\u00edngua e Cultura Chinesas; uma iniciativa conjunta do Polit\u00e9cnico de Leiria e da Embaixada da China em Portugal. Durante 5 dias \u2013 de 17 a 22 de junho 2023 \u2013 a Escola Superior de Educa\u00e7\u00e3o&hellip;  <\/p>\n<p class=\"more-link\"><a href=\"https:\/\/sites.ipleiria.pt\/semanachinesa\/\">Continue reading <span class=\"meta-nav\">&rarr;<\/span><\/a><\/p>\n","protected":false},"author":102,"featured_media":0,"parent":0,"menu_order":0,"comment_status":"closed","ping_status":"closed","template":"","meta":{"footnotes":""},"class_list":["post-424","page","type-page","status-publish","hentry"],"_links":{"self":[{"href":"https:\/\/sites.ipleiria.pt\/semanachinesa\/wp-json\/wp\/v2\/pages\/424","targetHints":{"allow":["GET"]}}],"collection":[{"href":"https:\/\/sites.ipleiria.pt\/semanachinesa\/wp-json\/wp\/v2\/pages"}],"about":[{"href":"https:\/\/sites.ipleiria.pt\/semanachinesa\/wp-json\/wp\/v2\/types\/page"}],"author":[{"embeddable":true,"href":"https:\/\/sites.ipleiria.pt\/semanachinesa\/wp-json\/wp\/v2\/users\/102"}],"replies":[{"embeddable":true,"href":"https:\/\/sites.ipleiria.pt\/semanachinesa\/wp-json\/wp\/v2\/comments?post=424"}],"version-history":[{"count":14,"href":"https:\/\/sites.ipleiria.pt\/semanachinesa\/wp-json\/wp\/v2\/pages\/424\/revisions"}],"predecessor-version":[{"id":768,"href":"https:\/\/sites.ipleiria.pt\/semanachinesa\/wp-json\/wp\/v2\/pages\/424\/revisions\/768"}],"wp:attachment":[{"href":"https:\/\/sites.ipleiria.pt\/semanachinesa\/wp-json\/wp\/v2\/media?parent=424"}],"curies":[{"name":"wp","href":"https:\/\/api.w.org\/{rel}","templated":true}]}}