{"id":485,"date":"2022-04-21T15:27:25","date_gmt":"2022-04-21T15:27:25","guid":{"rendered":"https:\/\/sites.ipleiria.pt\/seminariopned\/?page_id=485"},"modified":"2022-05-20T09:56:36","modified_gmt":"2022-05-20T09:56:36","slug":"programa","status":"publish","type":"page","link":"https:\/\/sites.ipleiria.pt\/seminariopned\/programa\/","title":{"rendered":"PROGRAMA"},"content":{"rendered":"\n<p><strong>9H.30 \u2013 Acolhimento<\/strong><\/p>\n\n\n\n<p><strong>10H.00 \u2013 Sess\u00e3o de Abertura<\/strong><\/p>\n\n\n\n<ul class=\"wp-block-list\"><li>Presidente IPL;<\/li><li>Presidente da CM Leiria;<\/li><li>Dr. Carlos Manuel Pereira, Conselho Diretivo do Instituto Portugu\u00eas do Deporto e Juventude, I.P;<\/li><\/ul>\n\n\n\n<p><strong>10H.15<\/strong>&nbsp;\u2013 Qual o modelo correto dos Quadros Competitivos nos escal\u00f5es de forma\u00e7\u00e3o &#8211; FPF; Boa pr\u00e1tica: Ranking Puro Futebol, da Liga 3<strong>&nbsp;<\/strong>&#8211; <em>Jos\u00e9 Couceiro<\/em>;<\/p>\n\n\n\n<p><strong>10H.45 \u2013 <\/strong>Coffee Break<\/p>\n\n\n\n<p><strong>11H.00<\/strong>&nbsp;\u2013 \u201cForma\u00e7\u00e3o Desportiva \u2013 Como conciliar a forma\u00e7\u00e3o com a competi\u00e7\u00e3o?<strong><em>&nbsp;<\/em><\/strong>A diferen\u00e7a entre Especializa\u00e7\u00e3o Precoce e a Estimula\u00e7\u00e3o Desportiva Precoce &#8211;&nbsp;&nbsp;<em>Anna Volossovitch<\/em>&nbsp;<\/p>\n\n\n\n<p><strong>11H.30<\/strong>&nbsp;\u2013 As boas pr\u00e1ticas em Espanha, o exemplo de Barcelona \u201cJuega Verd Play\u201d &#8211; <em>Carles Gonz\u00e1lez<\/em><\/p>\n\n\n\n<p><strong>12H.00<\/strong>&nbsp;\u2013 As boas pr\u00e1ticas em Portugal<\/p>\n\n\n\n<p>&nbsp;\u2013 Forma\u00e7\u00e3o do Estoril Praia &#8211; <em>Pedro Alegria<\/em> <\/p>\n\n\n\n<p>&#8211; Metodologia TOCOF &#8211; <em>Valter Pinheiro<\/em><\/p>\n\n\n\n<p>&#8211; Coordena\u00e7\u00e3o CLIP teams AD&nbsp;&#8211; <em>Sofia Abreu e Liliana Dinis<\/em><\/p>\n\n\n\n<p>&#8211; Escola de Futebol&nbsp;Hern\u00e2ni Gon\u00e7alves \u2013 <em>Rui Pacheco <\/em><\/p>\n\n\n\n<p>&nbsp;<strong>12H.30&nbsp;\u2013 Debate<\/strong><\/p>\n\n\n\n<p><strong>13H.00 \u2013 Almo\u00e7o<\/strong><\/p>\n\n\n\n<p><\/p>\n\n\n\n<p><strong>Sess\u00e3o da Tarde:<\/strong><\/p>\n\n\n\n<p><strong>14H.30<\/strong>&nbsp;\u2013 \u201cDo Jogo ao Desporto\u201d \u2013 <em>Ant\u00f3nio Rosado, FMH<\/em><\/p>\n\n\n\n<p><strong>15H.15<\/strong>&nbsp;\u2013 Devagar, que tenho pressa: que lugar para os (ta)lentos no desporto? \u2013 <em>Rui Matos<\/em><\/p>\n\n\n\n<p><strong>15H.45 &#8211;&nbsp;Coffee Break<\/strong><\/p>\n\n\n\n<p><strong>16H.00<\/strong>&nbsp;\u2013 Ser\u00e3o Luxos o Desporto e a Educa\u00e7\u00e3o? &#8211; <em>Manuel Coelho e Silva<\/em><\/p>\n\n\n\n<p><strong>16H.30<\/strong>&nbsp;\u2013 O relacionamento de dirigentes com os pais e treinadores \u2013 <em>Miguel Pacheco<\/em><\/p>\n\n\n\n<p><strong>17H.00<\/strong>&nbsp;\u2013 Apresenta\u00e7\u00e3o de propostas \u2013 <em>Jos\u00e9 Lima do PNED e&nbsp;Rui Matos&nbsp;<\/em><\/p>\n\n\n\n<p><strong>17H.15&nbsp;\u2013 Debate<\/strong><\/p>\n\n\n\n<p><strong>17H.30&nbsp;\u2013 Sess\u00e3o de encerramento<\/strong><\/p>\n\n\n\n<p><\/p>\n","protected":false},"excerpt":{"rendered":"<p>9H.30 \u2013 Acolhimento 10H.00 \u2013 Sess\u00e3o de Abertura Presidente IPL; Presidente da CM Leiria; Dr. Carlos Manuel Pereira, Conselho Diretivo do Instituto Portugu\u00eas do Deporto e Juventude, I.P; 10H.15&nbsp;\u2013 Qual o modelo correto dos Quadros Competitivos nos escal\u00f5es de forma\u00e7\u00e3o&hellip;  <\/p>\n<p class=\"more-link\"><a href=\"https:\/\/sites.ipleiria.pt\/seminariopned\/programa\/\">Continue reading <span class=\"meta-nav\">&rarr;<\/span><\/a><\/p>\n","protected":false},"author":102,"featured_media":0,"parent":0,"menu_order":0,"comment_status":"closed","ping_status":"closed","template":"","meta":{"footnotes":""},"class_list":["post-485","page","type-page","status-publish","hentry"],"_links":{"self":[{"href":"https:\/\/sites.ipleiria.pt\/seminariopned\/wp-json\/wp\/v2\/pages\/485","targetHints":{"allow":["GET"]}}],"collection":[{"href":"https:\/\/sites.ipleiria.pt\/seminariopned\/wp-json\/wp\/v2\/pages"}],"about":[{"href":"https:\/\/sites.ipleiria.pt\/seminariopned\/wp-json\/wp\/v2\/types\/page"}],"author":[{"embeddable":true,"href":"https:\/\/sites.ipleiria.pt\/seminariopned\/wp-json\/wp\/v2\/users\/102"}],"replies":[{"embeddable":true,"href":"https:\/\/sites.ipleiria.pt\/seminariopned\/wp-json\/wp\/v2\/comments?post=485"}],"version-history":[{"count":10,"href":"https:\/\/sites.ipleiria.pt\/seminariopned\/wp-json\/wp\/v2\/pages\/485\/revisions"}],"predecessor-version":[{"id":528,"href":"https:\/\/sites.ipleiria.pt\/seminariopned\/wp-json\/wp\/v2\/pages\/485\/revisions\/528"}],"wp:attachment":[{"href":"https:\/\/sites.ipleiria.pt\/seminariopned\/wp-json\/wp\/v2\/media?parent=485"}],"curies":[{"name":"wp","href":"https:\/\/api.w.org\/{rel}","templated":true}]}}