{"id":16,"date":"2023-03-10T17:20:45","date_gmt":"2023-03-10T17:20:45","guid":{"rendered":"https:\/\/sites.ipleiria.pt\/sentadosnomocho\/?page_id=16"},"modified":"2023-04-26T13:32:13","modified_gmt":"2023-04-26T13:32:13","slug":"ficha-tecnica","status":"publish","type":"page","link":"https:\/\/sites.ipleiria.pt\/sentadosnomocho\/ficha-tecnica\/","title":{"rendered":"Ficha t\u00e9cnica"},"content":{"rendered":"\t\t<div data-elementor-type=\"wp-page\" data-elementor-id=\"16\" class=\"elementor elementor-16\">\n\t\t\t\t\t\t<section class=\"elementor-section elementor-top-section elementor-element elementor-element-5fa55763 elementor-section-boxed elementor-section-height-default elementor-section-height-default\" data-id=\"5fa55763\" data-element_type=\"section\">\n\t\t\t\t\t\t<div class=\"elementor-container elementor-column-gap-default\">\n\t\t\t\t\t<div class=\"elementor-column elementor-col-100 elementor-top-column elementor-element elementor-element-1f2ca312\" data-id=\"1f2ca312\" data-element_type=\"column\">\n\t\t\t<div class=\"elementor-widget-wrap elementor-element-populated\">\n\t\t\t\t\t\t<div class=\"elementor-element elementor-element-4b1a3dd5 elementor-widget elementor-widget-text-editor\" data-id=\"4b1a3dd5\" data-element_type=\"widget\" data-widget_type=\"text-editor.default\">\n\t\t\t\t<div class=\"elementor-widget-container\">\n\t\t\t\t\t\t\t\t\t<h2 style=\"text-align: center\"><b>Ficha t\u00e9cnica<\/b><\/h2>\t\t\t\t\t\t\t\t<\/div>\n\t\t\t\t<\/div>\n\t\t\t\t<div class=\"elementor-element elementor-element-2c322fe elementor-widget elementor-widget-text-editor\" data-id=\"2c322fe\" data-element_type=\"widget\" data-widget_type=\"text-editor.default\">\n\t\t\t\t<div class=\"elementor-widget-container\">\n\t\t\t\t\t\t\t\t\t<p style=\"text-align: center;\"><span style=\"font-size: 1rem; font-weight: bolder;\">Coordena\u00e7\u00e3o<\/span><\/p><p style=\"text-align: center;\"><span style=\"font-size: 1rem;\">Catarina Menezes<br \/>Leonel Brites<br \/>Marco Gomes<br \/><\/span>Marta Oliveira<\/p><p>\u00a0<\/p><p style=\"text-align: center;\"><span style=\"font-size: 1rem; font-weight: bolder;\">Autoria das entrevistas<\/span><\/p><p style=\"text-align: center;\"><span style=\"font-size: 1rem;\">Identifica\u00e7\u00e3o em cada pe\u00e7a<\/span><\/p><p>\u00a0<\/p><p style=\"text-align: center;\"><span style=\"font-weight: bolder;\">Ilustra\u00e7\u00f5es<\/span><\/p><p style=\"text-align: center;\">Marina Fonseca<span style=\"font-size: 1rem;\"><br \/><\/span><\/p>\t\t\t\t\t\t\t\t<\/div>\n\t\t\t\t<\/div>\n\t\t\t\t\t<\/div>\n\t\t<\/div>\n\t\t\t\t\t<\/div>\n\t\t<\/section>\n\t\t\t\t<section class=\"elementor-section elementor-top-section elementor-element elementor-element-a541f75 elementor-section-boxed elementor-section-height-default elementor-section-height-default\" data-id=\"a541f75\" data-element_type=\"section\">\n\t\t\t\t\t\t<div class=\"elementor-container elementor-column-gap-default\">\n\t\t\t\t\t<div class=\"elementor-column elementor-col-100 elementor-top-column elementor-element elementor-element-3af5fb1\" data-id=\"3af5fb1\" data-element_type=\"column\">\n\t\t\t<div class=\"elementor-widget-wrap elementor-element-populated\">\n\t\t\t\t\t\t<div class=\"elementor-element elementor-element-ec4dcfc elementor-widget elementor-widget-spacer\" data-id=\"ec4dcfc\" data-element_type=\"widget\" data-widget_type=\"spacer.default\">\n\t\t\t\t<div class=\"elementor-widget-container\">\n\t\t\t\t\t\t\t<div class=\"elementor-spacer\">\n\t\t\t<div class=\"elementor-spacer-inner\"><\/div>\n\t\t<\/div>\n\t\t\t\t\t\t<\/div>\n\t\t\t\t<\/div>\n\t\t\t\t\t<\/div>\n\t\t<\/div>\n\t\t\t\t\t<\/div>\n\t\t<\/section>\n\t\t\t\t<\/div>\n\t\t","protected":false},"excerpt":{"rendered":"<p>Ficha t\u00e9cnica Coordena\u00e7\u00e3o Catarina MenezesLeonel BritesMarco GomesMarta Oliveira \u00a0 Autoria das entrevistas Identifica\u00e7\u00e3o em cada pe\u00e7a \u00a0 Ilustra\u00e7\u00f5es Marina Fonseca<\/p>\n","protected":false},"author":102,"featured_media":0,"parent":0,"menu_order":0,"comment_status":"closed","ping_status":"closed","template":"","meta":{"footnotes":""},"class_list":["post-16","page","type-page","status-publish","hentry"],"_links":{"self":[{"href":"https:\/\/sites.ipleiria.pt\/sentadosnomocho\/wp-json\/wp\/v2\/pages\/16","targetHints":{"allow":["GET"]}}],"collection":[{"href":"https:\/\/sites.ipleiria.pt\/sentadosnomocho\/wp-json\/wp\/v2\/pages"}],"about":[{"href":"https:\/\/sites.ipleiria.pt\/sentadosnomocho\/wp-json\/wp\/v2\/types\/page"}],"author":[{"embeddable":true,"href":"https:\/\/sites.ipleiria.pt\/sentadosnomocho\/wp-json\/wp\/v2\/users\/102"}],"replies":[{"embeddable":true,"href":"https:\/\/sites.ipleiria.pt\/sentadosnomocho\/wp-json\/wp\/v2\/comments?post=16"}],"version-history":[{"count":34,"href":"https:\/\/sites.ipleiria.pt\/sentadosnomocho\/wp-json\/wp\/v2\/pages\/16\/revisions"}],"predecessor-version":[{"id":1525,"href":"https:\/\/sites.ipleiria.pt\/sentadosnomocho\/wp-json\/wp\/v2\/pages\/16\/revisions\/1525"}],"wp:attachment":[{"href":"https:\/\/sites.ipleiria.pt\/sentadosnomocho\/wp-json\/wp\/v2\/media?parent=16"}],"curies":[{"name":"wp","href":"https:\/\/api.w.org\/{rel}","templated":true}]}}