{"id":11,"date":"2020-01-16T14:55:37","date_gmt":"2020-01-16T14:55:37","guid":{"rendered":"http:\/\/sites.ipleiria.pt\/snhm33\/?page_id=11"},"modified":"2020-10-29T19:48:21","modified_gmt":"2020-10-29T19:48:21","slug":"inscricoes","status":"publish","type":"page","link":"https:\/\/sites.ipleiria.pt\/snhm33\/inscricoes\/","title":{"rendered":"Inscri\u00e7\u00f5es"},"content":{"rendered":"\n<h2 class=\"has-text-align-center wp-block-heading\">Inscri\u00e7\u00f5es<br>(fechadas)<\/h2>\n\n\n\n<div style=\"height:30px\" aria-hidden=\"true\" class=\"wp-block-spacer\"><\/div>\n\n\n\n<div class=\"wp-block-columns has-2-columns is-layout-flex wp-container-core-columns-is-layout-1 wp-block-columns-is-layout-flex\">\n<div class=\"wp-block-column is-layout-flow wp-block-column-is-layout-flow\">\n<p>Para o registo no 33.\u00ba Encontro do  Semin\u00e1rio Nacional de Hist\u00f3ria da Matem\u00e1tica (SNHM) , dever\u00e1 preencher a ficha de inscri\u00e7\u00e3o e envi\u00e1-la para o endere\u00e7o <a href=\"mailto:spm@spm.pt\">spm@spm.pt<\/a><\/p>\n\n\n\n<div class=\"wp-block-button\"><a class=\"wp-block-button__link has-text-color has-background no-border-radius\" href=\"http:\/\/sites.ipleiria.pt\/snhm33\/files\/2020\/09\/Ficha_de_Inscricao_33SNHM.doc\" style=\"background-color:#00269a;color:#ffffff\">Descarregar ficha<\/a><\/div>\n\n\n\n<p><\/p>\n<\/div>\n\n\n\n<div class=\"wp-block-column is-layout-flow wp-block-column-is-layout-flow\">\n<figure class=\"wp-block-image\"><img fetchpriority=\"high\" decoding=\"async\" width=\"1920\" height=\"925\" src=\"https:\/\/sites.ipleiria.pt\/snhm33\/files\/2020\/01\/IMG_5534_2-1.jpg\" alt=\"\" class=\"wp-image-308\" \/><\/figure>\n<\/div>\n<\/div>\n\n\n\n<div style=\"height:50px\" aria-hidden=\"true\" class=\"wp-block-spacer\"><\/div>\n\n\n\n<div class=\"wp-block-columns has-2-columns is-layout-flex wp-container-core-columns-is-layout-2 wp-block-columns-is-layout-flex\">\n<div class=\"wp-block-column is-layout-flow wp-block-column-is-layout-flow\">\n<p class=\"has-text-align-center\">   <\/p>\n\n\n\n<h3 class=\"wp-block-heading\">Valor de inscri\u00e7\u00e3o: <strong><span class=\"has-inline-color has-black-color\">10 euros<\/span><\/strong><\/h3>\n\n\n\n<p><strong>Nota<\/strong>: conferencistas n\u00e3o pagam inscri\u00e7\u00e3o.<\/p>\n<\/div>\n\n\n\n<div class=\"wp-block-column is-layout-flow wp-block-column-is-layout-flow\">\n<h3 class=\"wp-block-heading\">Pagamento<\/h3>\n\n\n\n<p>As inscri\u00e7\u00f5es s\u00e3o pagas por transfer\u00eancia banc\u00e1ria para a conta da SPM<br>IBAN: PT50 0010 0000 1429 8300 0011 4.<\/p>\n\n\n\n<p>O processo de inscri\u00e7\u00e3o s\u00f3 se considera conclu\u00eddo com o respetivo pagamento e o envio do comprovativo por email para o endere\u00e7o <a href=\"mailto:spm@spm.pt\">spm@spm.pt<\/a>.<\/p>\n<\/div>\n<\/div>\n\n\n\n<div style=\"height:30px\" aria-hidden=\"true\" class=\"wp-block-spacer\"><\/div>\n\n\n\n<hr class=\"wp-block-separator is-style-wide\" \/>\n","protected":false},"excerpt":{"rendered":"<p>Inscri\u00e7\u00f5es(fechadas) Para o registo no 33.\u00ba Encontro do Semin\u00e1rio Nacional de Hist\u00f3ria da Matem\u00e1tica (SNHM) , dever\u00e1 preencher a ficha de inscri\u00e7\u00e3o e envi\u00e1-la para o endere\u00e7o spm@spm.pt Valor de inscri\u00e7\u00e3o: 10 euros Nota: conferencistas n\u00e3o pagam inscri\u00e7\u00e3o. Pagamento As inscri\u00e7\u00f5es s\u00e3o pagas por transfer\u00eancia banc\u00e1ria para a conta da SPMIBAN: PT50 0010 0000 1429 [&hellip;]<\/p>\n","protected":false},"author":1962,"featured_media":0,"parent":0,"menu_order":0,"comment_status":"closed","ping_status":"closed","template":"","meta":{"footnotes":""},"class_list":["post-11","page","type-page","status-publish","hentry"],"_links":{"self":[{"href":"https:\/\/sites.ipleiria.pt\/snhm33\/wp-json\/wp\/v2\/pages\/11","targetHints":{"allow":["GET"]}}],"collection":[{"href":"https:\/\/sites.ipleiria.pt\/snhm33\/wp-json\/wp\/v2\/pages"}],"about":[{"href":"https:\/\/sites.ipleiria.pt\/snhm33\/wp-json\/wp\/v2\/types\/page"}],"author":[{"embeddable":true,"href":"https:\/\/sites.ipleiria.pt\/snhm33\/wp-json\/wp\/v2\/users\/1962"}],"replies":[{"embeddable":true,"href":"https:\/\/sites.ipleiria.pt\/snhm33\/wp-json\/wp\/v2\/comments?post=11"}],"version-history":[{"count":45,"href":"https:\/\/sites.ipleiria.pt\/snhm33\/wp-json\/wp\/v2\/pages\/11\/revisions"}],"predecessor-version":[{"id":493,"href":"https:\/\/sites.ipleiria.pt\/snhm33\/wp-json\/wp\/v2\/pages\/11\/revisions\/493"}],"wp:attachment":[{"href":"https:\/\/sites.ipleiria.pt\/snhm33\/wp-json\/wp\/v2\/media?parent=11"}],"curies":[{"name":"wp","href":"https:\/\/api.w.org\/{rel}","templated":true}]}}