{"id":13,"date":"2020-01-16T14:55:50","date_gmt":"2020-01-16T14:55:50","guid":{"rendered":"http:\/\/sites.ipleiria.pt\/snhm33\/?page_id=13"},"modified":"2020-10-28T12:25:41","modified_gmt":"2020-10-28T12:25:41","slug":"programa","status":"publish","type":"page","link":"https:\/\/sites.ipleiria.pt\/snhm33\/programa\/","title":{"rendered":"Programa"},"content":{"rendered":"\t\t<div data-elementor-type=\"wp-page\" data-elementor-id=\"13\" class=\"elementor elementor-13\">\n\t\t\t\t\t\t<section class=\"has_eae_slider elementor-section elementor-top-section elementor-element elementor-element-6b8331a7 elementor-section-boxed elementor-section-height-default elementor-section-height-default\" data-eae-slider=\"80568\" data-id=\"6b8331a7\" data-element_type=\"section\">\n\t\t\t\t\t\t<div class=\"elementor-container elementor-column-gap-default\">\n\t\t\t\t\t<div class=\"has_eae_slider aux-parallax-section elementor-column elementor-col-100 elementor-top-column elementor-element elementor-element-11f9a718\" data-eae-slider=\"66663\" data-id=\"11f9a718\" data-element_type=\"column\">\n\t\t\t<div class=\"elementor-widget-wrap elementor-element-populated\">\n\t\t\t\t\t\t<div class=\"elementor-element elementor-element-416acaf elementor-widget elementor-widget-text-editor\" data-id=\"416acaf\" data-element_type=\"widget\" data-widget_type=\"text-editor.default\">\n\t\t\t\t<div class=\"elementor-widget-container\">\n\t\t\t\t\t\t\t\t\t<p><\/p>\n<h1 class=\"wp-block-heading\">Programa<\/h1>\n<p><\/p>\n<p><\/p>\n<div style=\"height: 100px\" aria-hidden=\"true\">&nbsp;<\/div>\n<p><\/p>\n<p><\/p>\n<h2 class=\"wp-block-heading\">Sexta-feira, 30 de Outubro<\/h2>\n<p><\/p>\n<p><\/p>\n<p>09.10-09.30 \u2013 Abertura (Luis Saraiva, Representante do Polit\u00e9cnico de Leiria, Representante da C\u00e2mara de Leiria, Representante da SPM, Diretor da ESTG)<\/p>\n<p><\/p>\n<p><\/p>\n<p>09.30-10.30 \u2013 Jos\u00e9 Chabas (Universidade Pompeu Fabra, Barcelona) \u2013 First printed texts in astronomy and mathematics in Portugal<\/p>\n<p><\/p>\n<p><\/p>\n<p>10.30-11.00 \u2013 Samuel Gessner (Observatoire de Paris-PSL \/ SYRTE, ALFA) \u2013 Entre aritm\u00e9tica e geometria: o efeito das abordagens sobre a teoria astron\u00f3mica da oitava esfera (s\u00e9culos XIV e XV)<\/p>\n<p><\/p>\n<p><\/p>\n<h4 class=\"wp-block-heading\"><strong>11.00-11.30<\/strong><strong> \u2013 INTERVALO<\/strong><\/h4>\n<p><\/p>\n<p><\/p>\n<p>11.30-12.00 \u2013 Bernardo Mota e Samuel Gessner (F. Letras de Lisboa e Observatoire de Paris-PSL \/ SYRTE, ALFA) \u2013 A edi\u00e7\u00e3o do &nbsp;<em>De compositione astrolabii<\/em> de Andal\u00f3 di Negro (c. 1330): um trabalho entre filologia e hist\u00f3ria da geometria projetiva<\/p>\n<p><\/p>\n<p><\/p>\n<p>12.00-12.30 \u2013 Daniel M. Pinto (DM da FCTUC) \u2013 A Proposi\u00e7\u00e3o 15 da \u00d3ptica de Euclides<\/p>\n<p><\/p>\n<p><\/p>\n<p>12.30-13.00 \u2013 Jaime Carvalho e Silva (DM da FCTUC) \u2013 A Matem\u00e1tica Pr\u00e9-Hist\u00f3rica atrav\u00e9s de artefactos milen\u00e1rios<\/p>\n<p><\/p>\n<p><\/p>\n<h4 class=\"wp-block-heading\"><strong>13.00-15.00<\/strong><strong> \u2013 INTERVALO PARA <\/strong><strong>ALMO\u00c7O<\/strong><\/h4>\n<p><\/p>\n<p><\/p>\n<p>15.00-16.00 \u2013 Jos\u00e9 Francisco Rodrigues (CMAFCIO) \u2013 A Espiral de Nunes e a sua influ\u00eancia na pr\u00e9-hist\u00f3ria do C\u00e1lculo Infinitesimal<\/p>\n<p><\/p>\n<p><\/p>\n<p>16.00-16.30 \u2013 Rui Santos (ESTG, Polit\u00e9cnico de Leiria, CEAUL) \u2013 A Aplica\u00e7\u00e3o do C\u00e1lculo de Probabilidades de Diogo Pacheco de Amorim (1914)<\/p>\n<p><\/p>\n<p><\/p>\n<p>16.30-17.00 \u2013 Teresa Costa Clain (GHMEM, CIDMA, U. de Aveiro) \u2013 Os 500 Anos do Primeiro Tratado de Aritm\u00e9tica Pr\u00e1tica Impresso em Portugal<\/p>\n<p><\/p>\n<p><\/p>\n<p>17.00-17.30 \u2013 Jos\u00e9 Paulo Berger (Gabinete de Estudos Arqueol\u00f3gicos da Engenharia Militar) \u2013 O canh\u00e3o que bombardeou Paris em 1918<\/p>\n<p><\/p>\n<p><\/p>\n<p>17.30 \u2013 Filme sobre Leiria<\/p>\n<p><\/p>\n<p><\/p>\n<h4 class=\"wp-block-heading\"><strong>FIM DO 1\u00ba DIA DO ENCONTRO<\/strong><\/h4>\n<p><\/p>\n<p><\/p>\n<p>&nbsp;<\/p>\n<p><\/p>\n<p><\/p>\n<div style=\"height: 100px\" aria-hidden=\"true\">&nbsp;<\/div>\n<p><\/p>\n<p><\/p>\n<h2 class=\"wp-block-heading\">S\u00e1bado, 31 de Outubro<\/h2>\n<p><\/p>\n<p><\/p>\n<p>09.00-10.00 \u2013 Ugo Baldini (Universidade de P\u00e1dua) \u2013 The Jesuit&nbsp;\u00abDrive to the East\u00bb (Lithuania &#8211; Poland &#8211; White Russia &#8211; Ukraine &#8211; Transylvania), and the role of the Jesuit school system in shaping eastern Europe&#8217;s intellectual and scientific history (1570 to ca. 1700)<\/p>\n<p><\/p>\n<p><\/p>\n<p>10.00-10.30 \u2013 Carlota Sim\u00f5es (CFisUC) e Pedro Casaleiro (CITEUC) \u2013 Borri e Galileu: Observa\u00e7\u00f5es Astron\u00f3micas em Coimbra<\/p>\n<p><\/p>\n<p><\/p>\n<h4 class=\"wp-block-heading\"><strong>10.30-11.00 \u2013 INTERVALO<\/strong><\/h4>\n<p><\/p>\n<p><\/p>\n<p>11.00-11.30 \u2013 Fernando Figueiredo (DM-FCTUC\/CITEUC) \u2013 A hist\u00f3ria da ci\u00eancia como ferramenta didactico-pedag\u00f3gica nos curricula das faculdades de \u00abSciencias Naturaes\u00bb na nova Universidade de Coimbra (1772)<\/p>\n<p><\/p>\n<p><\/p>\n<p>11.30-12.00 \u2013 Helena Sousa Melo e Maria do Carmo Martins (Dep. de Matem\u00e1tica e Estat\u00edstica, da F. Ci\u00eancias e Tecnologia, CEHu, Universidade dos A\u00e7ores) \u2013 Os n\u00fameros e as opera\u00e7\u00f5es com inteiros nos fins do s\u00e9culo XIX em Portugal<\/p>\n<p><\/p>\n<p><\/p>\n<p>12.00-12.30 \u2013 M\u00e1ria Almeida (UIED-FCT-UNL\/ANQUEP) \u2013 Problemas de Matem\u00e1tica em imprensa peri\u00f3dica portuguesa (1859-1936)<\/p>\n<p><\/p>\n<p><\/p>\n<p>12.30-13.00 \u2013 Alexandra Rodrigues (Instituto de Gouveia \u2013 Escola Profissional, UIED) e Jos\u00e9 Manuel Matos (UNL, UIED) &#8211; A matem\u00e1tica na aula, Um estudo hist\u00f3rico iconogr\u00e1fico<\/p>\n<p><\/p>\n<p><\/p>\n<h4 class=\"wp-block-heading\"><strong>13.00-15.00<\/strong><strong> \u2013 INTERVALO PARA <\/strong><strong>ALMO\u00c7O<\/strong><\/h4>\n<p><\/p>\n<p><\/p>\n<p>15.00-15.30 \u2013 Ana Patr\u00edcia Martins (Escola Superior de Educa\u00e7\u00e3o de Viseu \/ CIUHCT) \u2013 Daniel Augusto da Silva, um precursor da teoria dos conjuntos?<\/p>\n<p><\/p>\n<p><\/p>\n<p>15.30-16.00 \u2013 Vitor Bonif\u00e1cio (DF da UA) \u2013 A origem da Biblioteca do Povo e das Escolas<\/p>\n<p><\/p>\n<p><\/p>\n<p>16.00-16.30 \u2013 Jorge Semedo de Matos (Escola Naval) \u2013 Zacuto e os Guias N\u00e1uticos Portugueses do in\u00edcio do s\u00e9culo XVI: Os primeiros passos da Navega\u00e7\u00e3o Astron\u00f3mica em Portugal<\/p>\n<p><\/p>\n<p><\/p>\n<p>16.30-17.00 \u2013 Teresa Sousa, Magda Marabujo e Ant\u00f3nio Canas (Escola Naval e CINAV, Centro de Matem\u00e1tica e Aplica\u00e7\u00f5es da UNL) \u2013 O Algoritmo de Gago Coutinho para o C\u00e1lculo da Altitude<\/p>\n<p><\/p>\n<p><\/p>\n<h4 class=\"wp-block-heading\"><strong>17.00-17.15 \u2013 ENCERRAMENTO DO ENCONTRO<\/strong><\/h4>\n<p><\/p>\n<p><\/p>\n<div style=\"height: 100px\" aria-hidden=\"true\">&nbsp;<\/div>\n<p><\/p>\n<p><\/p>\n<h5 class=\"wp-block-heading\">Em caso de dificuldade de acesso ao Encontro atrav\u00e9s da plataforma Zoom, deve contactar a organiza\u00e7\u00e3o atrav\u00e9s do e-mail <a href=\"mailto:snhm33@ipleiria.pt\">snhm33@ipleiria.pt<\/a>.<\/h5>\n<p><\/p>\n<p><\/p>\n<div class=\"is-layout-flex wp-container-core-columns-is-layout-2 wp-block-columns-is-layout-flex\">\n<p><\/p>\n<div class=\"is-layout-flow wp-block-column-is-layout-flow\">\n<p><\/p>\n<div><a href=\"http:\/\/sites.ipleiria.pt\/snhm33\/files\/2020\/10\/Programa_33ESNHM_Leiria.pdf\">Programa do 33 ESNHM<\/a><\/div>\n<p><\/p>\n<\/div>\n<p><\/p>\n<p><\/p>\n<div class=\"is-layout-flow wp-block-column-is-layout-flow\">&nbsp;<\/div>\n<p><\/p>\n<p><\/p>\n<div class=\"is-layout-flow wp-block-column-is-layout-flow\">&nbsp;<\/div>\n<p><\/p>\n<\/div>\n<p><\/p>\n<p><\/p>\n<hr>\n<p><\/p>\t\t\t\t\t\t\t\t<\/div>\n\t\t\t\t<\/div>\n\t\t\t\t\t<\/div>\n\t\t<\/div>\n\t\t\t\t\t<\/div>\n\t\t<\/section>\n\t\t\t\t<\/div>\n\t\t","protected":false},"excerpt":{"rendered":"<p>Programa Sexta-feira, 30 de Outubro 09.10-09.30 \u2013 Abertura (Luis Saraiva, Representante do Polit\u00e9cnico de Leiria, Representante da C\u00e2mara de Leiria, Representante da SPM, Diretor da ESTG) 09.30-10.30 \u2013 Jos\u00e9 Chabas (Universidade Pompeu Fabra, Barcelona) \u2013 First printed texts in astronomy and mathematics in Portugal 10.30-11.00 \u2013 Samuel Gessner (Observatoire de Paris-PSL \/ SYRTE, ALFA) \u2013 [&hellip;]<\/p>\n","protected":false},"author":1962,"featured_media":0,"parent":0,"menu_order":0,"comment_status":"closed","ping_status":"closed","template":"","meta":{"footnotes":""},"class_list":["post-13","page","type-page","status-publish","hentry"],"_links":{"self":[{"href":"https:\/\/sites.ipleiria.pt\/snhm33\/wp-json\/wp\/v2\/pages\/13","targetHints":{"allow":["GET"]}}],"collection":[{"href":"https:\/\/sites.ipleiria.pt\/snhm33\/wp-json\/wp\/v2\/pages"}],"about":[{"href":"https:\/\/sites.ipleiria.pt\/snhm33\/wp-json\/wp\/v2\/types\/page"}],"author":[{"embeddable":true,"href":"https:\/\/sites.ipleiria.pt\/snhm33\/wp-json\/wp\/v2\/users\/1962"}],"replies":[{"embeddable":true,"href":"https:\/\/sites.ipleiria.pt\/snhm33\/wp-json\/wp\/v2\/comments?post=13"}],"version-history":[{"count":73,"href":"https:\/\/sites.ipleiria.pt\/snhm33\/wp-json\/wp\/v2\/pages\/13\/revisions"}],"predecessor-version":[{"id":503,"href":"https:\/\/sites.ipleiria.pt\/snhm33\/wp-json\/wp\/v2\/pages\/13\/revisions\/503"}],"wp:attachment":[{"href":"https:\/\/sites.ipleiria.pt\/snhm33\/wp-json\/wp\/v2\/media?parent=13"}],"curies":[{"name":"wp","href":"https:\/\/api.w.org\/{rel}","templated":true}]}}