{"id":7,"date":"2020-01-16T14:55:06","date_gmt":"2020-01-16T14:55:06","guid":{"rendered":"http:\/\/sites.ipleiria.pt\/snhm33\/?page_id=7"},"modified":"2020-10-27T11:34:36","modified_gmt":"2020-10-27T11:34:36","slug":"snhm33","status":"publish","type":"page","link":"https:\/\/sites.ipleiria.pt\/snhm33\/","title":{"rendered":"33.\u00ba SNHM"},"content":{"rendered":"\t\t<div data-elementor-type=\"wp-page\" data-elementor-id=\"7\" class=\"elementor elementor-7\">\n\t\t\t\t\t\t<section class=\"has_eae_slider elementor-section elementor-top-section elementor-element elementor-element-5ededc6 elementor-section-boxed elementor-section-height-default elementor-section-height-default\" data-eae-slider=\"9479\" data-id=\"5ededc6\" data-element_type=\"section\">\n\t\t\t\t\t\t<div class=\"elementor-container elementor-column-gap-default\">\n\t\t\t\t\t<div class=\"has_eae_slider aux-parallax-section elementor-column elementor-col-50 elementor-top-column elementor-element elementor-element-02e8c12\" data-eae-slider=\"50160\" data-id=\"02e8c12\" data-element_type=\"column\">\n\t\t\t<div class=\"elementor-widget-wrap\">\n\t\t\t\t\t\t\t<\/div>\n\t\t<\/div>\n\t\t\t\t<div class=\"has_eae_slider aux-parallax-section elementor-column elementor-col-50 elementor-top-column elementor-element elementor-element-6b10ef3\" data-eae-slider=\"94850\" data-id=\"6b10ef3\" data-element_type=\"column\">\n\t\t\t<div class=\"elementor-widget-wrap\">\n\t\t\t\t\t\t\t<\/div>\n\t\t<\/div>\n\t\t\t\t\t<\/div>\n\t\t<\/section>\n\t\t\t\t<section class=\"has_eae_slider elementor-section elementor-top-section elementor-element elementor-element-325f7ae elementor-section-boxed elementor-section-height-default elementor-section-height-default\" data-eae-slider=\"7880\" data-id=\"325f7ae\" data-element_type=\"section\">\n\t\t\t\t\t\t<div class=\"elementor-container elementor-column-gap-default\">\n\t\t\t\t\t<div class=\"has_eae_slider aux-parallax-section elementor-column elementor-col-100 elementor-top-column elementor-element elementor-element-01307c0\" data-eae-slider=\"37332\" data-id=\"01307c0\" data-element_type=\"column\">\n\t\t\t<div class=\"elementor-widget-wrap elementor-element-populated\">\n\t\t\t\t\t\t<div class=\"elementor-element elementor-element-b137f34 elementor-widget elementor-widget-spacer\" data-id=\"b137f34\" data-element_type=\"widget\" data-widget_type=\"spacer.default\">\n\t\t\t\t<div class=\"elementor-widget-container\">\n\t\t\t\t\t\t\t<div class=\"elementor-spacer\">\n\t\t\t<div class=\"elementor-spacer-inner\"><\/div>\n\t\t<\/div>\n\t\t\t\t\t\t<\/div>\n\t\t\t\t<\/div>\n\t\t\t\t<section class=\"has_eae_slider elementor-section elementor-inner-section elementor-element elementor-element-255124c elementor-section-boxed elementor-section-height-default elementor-section-height-default\" data-eae-slider=\"22838\" data-id=\"255124c\" data-element_type=\"section\">\n\t\t\t\t\t\t<div class=\"elementor-container elementor-column-gap-default\">\n\t\t\t\t\t<div class=\"has_eae_slider aux-parallax-section elementor-column elementor-col-50 elementor-inner-column elementor-element elementor-element-493f2e9\" data-eae-slider=\"44193\" data-id=\"493f2e9\" data-element_type=\"column\">\n\t\t\t<div class=\"elementor-widget-wrap elementor-element-populated\">\n\t\t\t\t\t\t<div class=\"elementor-element elementor-element-4beaeb7 elementor-view-default elementor-position-top elementor-mobile-position-top elementor-widget elementor-widget-icon-box\" data-id=\"4beaeb7\" data-element_type=\"widget\" data-widget_type=\"icon-box.default\">\n\t\t\t\t<div class=\"elementor-widget-container\">\n\t\t\t\t\t\t\t<div class=\"elementor-icon-box-wrapper\">\n\n\t\t\t\t\t\t<div class=\"elementor-icon-box-icon\">\n\t\t\t\t<span  class=\"elementor-icon\">\n\t\t\t\t<svg xmlns=\"http:\/\/www.w3.org\/2000\/svg\" xmlns:xlink=\"http:\/\/www.w3.org\/1999\/xlink\" id=\"Layer_1\" x=\"0px\" y=\"0px\" viewBox=\"0 0 137.15 146.18\" style=\"enable-background:new 0 0 137.15 146.18;\" xml:space=\"preserve\"> <style type=\"text\/css\"> .st0{fill:#00269A;} .st1{fill:#333333;} .st2{fill:#4D4D4D;} .st3{fill:none;stroke:#00269A;stroke-width:6;stroke-miterlimit:10;} .st4{fill:none;stroke:#00269A;stroke-width:5;stroke-miterlimit:10;} .st5{fill:none;stroke:#00269A;stroke-width:10;stroke-miterlimit:10;} .st6{fill:none;stroke:#00269A;stroke-width:8;stroke-miterlimit:10;} .st7{fill:none;stroke:#00269A;stroke-width:11;stroke-miterlimit:10;} <\/style> <g> <g> <rect x=\"6.8\" y=\"17.59\" class=\"st0\" width=\"124.27\" height=\"33\"><\/rect> <g> <path class=\"st0\" d=\"M125.07,23.59v109h-113v-109H125.07 M133.07,15.59h-129v125h129V15.59L133.07,15.59z\"><\/path> <\/g> <rect x=\"35.07\" y=\"5.59\" class=\"st4\" width=\"10\" height=\"23\"><\/rect> <rect x=\"92.07\" y=\"5.59\" class=\"st4\" width=\"10\" height=\"23\"><\/rect> <\/g> <polyline class=\"st7\" points=\"38.86,87.95 61.13,107.59 97.8,70.92 \"><\/polyline> <\/g> <\/svg>\t\t\t\t<\/span>\n\t\t\t<\/div>\n\t\t\t\n\t\t\t\t\t\t<div class=\"elementor-icon-box-content\">\n\n\t\t\t\t\t\t\t\t\t<h3 class=\"elementor-icon-box-title\">\n\t\t\t\t\t\t<span  >\n\t\t\t\t\t\t\t30 e 31 de Outubro de 2020\t\t\t\t\t\t<\/span>\n\t\t\t\t\t<\/h3>\n\t\t\t\t\n\t\t\t\t\n\t\t\t<\/div>\n\t\t\t\n\t\t<\/div>\n\t\t\t\t\t\t<\/div>\n\t\t\t\t<\/div>\n\t\t\t\t\t<\/div>\n\t\t<\/div>\n\t\t\t\t<div class=\"has_eae_slider aux-parallax-section elementor-column elementor-col-50 elementor-inner-column elementor-element elementor-element-2ffb830\" data-eae-slider=\"38032\" data-id=\"2ffb830\" data-element_type=\"column\">\n\t\t\t<div class=\"elementor-widget-wrap elementor-element-populated\">\n\t\t\t\t\t\t<div class=\"elementor-element elementor-element-75bc9ea elementor-view-default elementor-position-top elementor-mobile-position-top elementor-widget elementor-widget-icon-box\" data-id=\"75bc9ea\" data-element_type=\"widget\" data-widget_type=\"icon-box.default\">\n\t\t\t\t<div class=\"elementor-widget-container\">\n\t\t\t\t\t\t\t<div class=\"elementor-icon-box-wrapper\">\n\n\t\t\t\t\t\t<div class=\"elementor-icon-box-icon\">\n\t\t\t\t<span  class=\"elementor-icon\">\n\t\t\t\t<svg xmlns=\"http:\/\/www.w3.org\/2000\/svg\" id=\"Layer_1\" data-name=\"Layer 1\" viewBox=\"0 0 137.15 146.18\"><defs><style>.cls-1{fill:#00269a;}<\/style><\/defs><path class=\"cls-1\" d=\"M85.58,131.21V110.94H132V10.21H5.18V110.94H52v25.13H85.58Zm-4.86,0H56.87V110.94H80.72Zm46.39-30v4.86H10.48V93.71H127.11v7.51ZM52,88.85H10.48V32.3H127.11V88.85H85.58M10.48,15.07H127.11V27.44H10.48Z\"><\/path><path class=\"cls-1\" d=\"M68.13,63.93A11.12,11.12,0,1,0,57,52.81,11.13,11.13,0,0,0,68.13,63.93Z\"><\/path><path class=\"cls-1\" d=\"M83.65,88.85V76.33A10.83,10.83,0,0,0,72.82,65.5H63.89A10.83,10.83,0,0,0,53.06,76.33V88.85\"><\/path><path class=\"cls-1\" d=\"M45.11,58.71A9.7,9.7,0,1,0,35.4,49,9.71,9.71,0,0,0,45.11,58.71Z\"><\/path><path class=\"cls-1\" d=\"M58.65,80.45V69.53a9.46,9.46,0,0,0-9.46-9.45H41.4A9.45,9.45,0,0,0,32,69.53V80.45\"><\/path><path class=\"cls-1\" d=\"M91.21,58.71a9.7,9.7,0,1,0-9.7-9.7A9.72,9.72,0,0,0,91.21,58.71Z\"><\/path><path class=\"cls-1\" d=\"M104.75,80.45V69.53a9.45,9.45,0,0,0-9.45-9.45H87.51a9.45,9.45,0,0,0-9.45,9.45V80.45\"><\/path><rect class=\"cls-1\" x=\"27.44\" y=\"131.21\" width=\"82.27\" height=\"4.86\"><\/rect><\/svg>\t\t\t\t<\/span>\n\t\t\t<\/div>\n\t\t\t\n\t\t\t\t\t\t<div class=\"elementor-icon-box-content\">\n\n\t\t\t\t\t\t\t\t\t<h3 class=\"elementor-icon-box-title\">\n\t\t\t\t\t\t<span  >\n\t\t\t\t\t\t\tEncontro realizado online com recurso \u00e0 plataforma Zoom\t\t\t\t\t\t<\/span>\n\t\t\t\t\t<\/h3>\n\t\t\t\t\n\t\t\t\t\n\t\t\t<\/div>\n\t\t\t\n\t\t<\/div>\n\t\t\t\t\t\t<\/div>\n\t\t\t\t<\/div>\n\t\t\t\t\t<\/div>\n\t\t<\/div>\n\t\t\t\t\t<\/div>\n\t\t<\/section>\n\t\t\t\t<div class=\"elementor-element elementor-element-9678999 elementor-widget elementor-widget-text-editor\" data-id=\"9678999\" data-element_type=\"widget\" data-widget_type=\"text-editor.default\">\n\t\t\t\t<div class=\"elementor-widget-container\">\n\t\t\t\t\t\t\t\t\t<p>O 33.\u00ba Encontro do Semin\u00e1rio Nacional de Hist\u00f3ria da Matem\u00e1tica (SNHM) contar\u00e1 com os conferencistas convidados Ugo Baldini (Universit\u00e0 degli Studi di Padova) e Jos\u00e9 Chabas (Universidade Pompeu Fabra de Barcelona). Este ano, pela primeira vez, o Encontro est\u00e1 acreditado pelo Conselho Cient\u00edfico-Pedag\u00f3gico da Forma\u00e7\u00e3o Cont\u00ednua de Professores como 12 horas de forma\u00e7\u00e3o para os grupos 230 e 500.<br \/>O Semin\u00e1rio Nacional de Hist\u00f3ria da Matem\u00e1tica foi fundado em janeiro de 1988, no seguimento das comemora\u00e7\u00f5es do bicenten\u00e1rio do falecimento do distinto matem\u00e1tico portugu\u00eas Jos\u00e9 Anast\u00e1cio da Cunha (1744-1787), as quais se realizaram em v\u00e1rios pontos do Pa\u00eds, nomeadamente em Coimbra, \u00c9vora e Lisboa. Conscientes de important\u00edssimas lacunas no que dizia respeito \u00e0 divulga\u00e7\u00e3o e investiga\u00e7\u00e3o em Hist\u00f3ria da Matem\u00e1tica no nosso Pa\u00eds, e muito em especial no que dizia respeito \u00e0 Matem\u00e1tica Portuguesa, membros das Universidades de Lisboa, Coimbra, Porto e Minho decidiram criar uma estrutura adaptada \u00e0s circunst\u00e2ncias que promovesse a elabora\u00e7\u00e3o de uma rede nacional de contactos entre os interessados e investigadores em Hist\u00f3ria da Matem\u00e1tica, e simultaneamente promovesse a colabora\u00e7\u00e3o e interven\u00e7\u00e3o em temas nessa \u00e1rea. N\u00e3o foi esquecida a importante necessidade de integra\u00e7\u00e3o na comunidade internacional dos historiadores da Matem\u00e1tica, evidenciada pela presen\u00e7a em todos os Encontros Nacionais de investigadores de outros pa\u00edses. Desde meados dos anos 90 o Semin\u00e1rio passou a constituir uma sec\u00e7\u00e3o da <a href=\"https:\/\/www.spm.pt\/\" target=\"_blank\" rel=\"noopener\">Sociedade Portuguesa de Matem\u00e1tica<\/a>.<br \/>O levantamento dos Encontros Nacionais do Semin\u00e1rio Nacional de Hist\u00f3ria da Matem\u00e1tica, com indica\u00e7\u00e3o dos convidados n\u00e3o portugueses, pode ser consultado no site da <a href=\"https:\/\/www.spm.pt\/seminario\/encontros\" target=\"_blank\" rel=\"noopener\">Sociedade Portuguesa de Matem\u00e1tica<\/a>.<\/p><p><span style=\"text-decoration: underline\"><a href=\"http:\/\/sites.ipleiria.pt\/snhm33\/files\/2020\/10\/Poster_onlineV2.pdf\" target=\"_blank\" rel=\"noopener\">Cartaz do evento (.pdf<\/a>)<\/span><\/p>\t\t\t\t\t\t\t\t<\/div>\n\t\t\t\t<\/div>\n\t\t\t\t<div class=\"elementor-element elementor-element-951cc14 elementor-widget elementor-widget-spacer\" data-id=\"951cc14\" data-element_type=\"widget\" data-widget_type=\"spacer.default\">\n\t\t\t\t<div class=\"elementor-widget-container\">\n\t\t\t\t\t\t\t<div class=\"elementor-spacer\">\n\t\t\t<div class=\"elementor-spacer-inner\"><\/div>\n\t\t<\/div>\n\t\t\t\t\t\t<\/div>\n\t\t\t\t<\/div>\n\t\t\t\t\t<\/div>\n\t\t<\/div>\n\t\t\t\t\t<\/div>\n\t\t<\/section>\n\t\t\t\t<section class=\"has_eae_slider elementor-section elementor-top-section elementor-element elementor-element-68b47d5c elementor-section-content-middle elementor-section-full_width elementor-section-height-default elementor-section-height-default\" data-eae-slider=\"71894\" data-id=\"68b47d5c\" data-element_type=\"section\" data-settings=\"{&quot;background_background&quot;:&quot;classic&quot;}\">\n\t\t\t\t\t\t<div class=\"elementor-container elementor-column-gap-no\">\n\t\t\t\t\t<div class=\"has_eae_slider aux-parallax-section elementor-column elementor-col-100 elementor-top-column elementor-element elementor-element-5d2eae4c\" data-eae-slider=\"9933\" data-id=\"5d2eae4c\" data-element_type=\"column\">\n\t\t\t<div class=\"elementor-widget-wrap elementor-element-populated\">\n\t\t\t\t\t\t<div class=\"elementor-element elementor-element-56d5082 elementor-widget elementor-widget-heading\" data-id=\"56d5082\" data-element_type=\"widget\" data-widget_type=\"heading.default\">\n\t\t\t\t<div class=\"elementor-widget-container\">\n\t\t\t\t\t<h4 class=\"elementor-heading-title elementor-size-default\">Inscri\u00e7\u00f5es<\/h4>\t\t\t\t<\/div>\n\t\t\t\t<\/div>\n\t\t\t\t<div class=\"elementor-element elementor-element-721d05e8 elementor-widget elementor-widget-text-editor\" data-id=\"721d05e8\" data-element_type=\"widget\" data-widget_type=\"text-editor.default\">\n\t\t\t\t<div class=\"elementor-widget-container\">\n\t\t\t\t\t\t\t\t\t<p>Para o registo no 33.\u00ba Encontro do SNHM, dever\u00e1 preencher uma ficha de inscri\u00e7\u00e3o.<\/p>\t\t\t\t\t\t\t\t<\/div>\n\t\t\t\t<\/div>\n\t\t\t\t<div class=\"elementor-element elementor-element-c71d6de elementor-align-center elementor-widget elementor-widget-button\" data-id=\"c71d6de\" data-element_type=\"widget\" data-widget_type=\"button.default\">\n\t\t\t\t<div class=\"elementor-widget-container\">\n\t\t\t\t\t\t\t\t\t<div class=\"elementor-button-wrapper\">\n\t\t\t\t\t<a class=\"elementor-button elementor-button-link elementor-size-sm\" href=\"https:\/\/sites.ipleiria.pt\/snhm33\/inscricoes\/\">\n\t\t\t\t\t\t<span class=\"elementor-button-content-wrapper\">\n\t\t\t\t\t\t\t\t\t<span class=\"elementor-button-text\">saber +<\/span>\n\t\t\t\t\t<\/span>\n\t\t\t\t\t<\/a>\n\t\t\t\t<\/div>\n\t\t\t\t\t\t\t\t<\/div>\n\t\t\t\t<\/div>\n\t\t\t\t\t<\/div>\n\t\t<\/div>\n\t\t\t\t\t<\/div>\n\t\t<\/section>\n\t\t\t\t<section class=\"has_eae_slider elementor-section elementor-top-section elementor-element elementor-element-5fc8db40 elementor-section-content-middle elementor-reverse-mobile elementor-section-full_width elementor-section-height-default elementor-section-height-default\" data-eae-slider=\"15788\" data-id=\"5fc8db40\" data-element_type=\"section\">\n\t\t\t\t\t\t<div class=\"elementor-container elementor-column-gap-no\">\n\t\t\t\t\t<div class=\"has_eae_slider aux-parallax-section elementor-column elementor-col-33 elementor-top-column elementor-element elementor-element-a484a8b\" data-eae-slider=\"9846\" data-id=\"a484a8b\" data-element_type=\"column\">\n\t\t\t<div class=\"elementor-widget-wrap\">\n\t\t\t\t\t\t\t<\/div>\n\t\t<\/div>\n\t\t\t\t<div class=\"has_eae_slider aux-parallax-section elementor-column elementor-col-33 elementor-top-column elementor-element elementor-element-74726faa\" data-eae-slider=\"61196\" data-id=\"74726faa\" data-element_type=\"column\">\n\t\t\t<div class=\"elementor-widget-wrap elementor-element-populated\">\n\t\t\t\t\t\t<div class=\"elementor-element elementor-element-6afb1e09 elementor-widget elementor-widget-heading\" data-id=\"6afb1e09\" data-element_type=\"widget\" data-widget_type=\"heading.default\">\n\t\t\t\t<div class=\"elementor-widget-container\">\n\t\t\t\t\t<h3 class=\"elementor-heading-title elementor-size-default\">Submiss\u00f5es <\/h3>\t\t\t\t<\/div>\n\t\t\t\t<\/div>\n\t\t\t\t<div class=\"elementor-element elementor-element-4988ebab elementor-widget elementor-widget-text-editor\" data-id=\"4988ebab\" data-element_type=\"widget\" data-widget_type=\"text-editor.default\">\n\t\t\t\t<div class=\"elementor-widget-container\">\n\t\t\t\t\t\t\t\t\t<p>Prazo de submiss\u00e3o: 06 de Fevereiro.<\/p>\t\t\t\t\t\t\t\t<\/div>\n\t\t\t\t<\/div>\n\t\t\t\t<div class=\"elementor-element elementor-element-344eb6c elementor-align-left elementor-widget elementor-widget-button\" data-id=\"344eb6c\" data-element_type=\"widget\" data-widget_type=\"button.default\">\n\t\t\t\t<div class=\"elementor-widget-container\">\n\t\t\t\t\t\t\t\t\t<div class=\"elementor-button-wrapper\">\n\t\t\t\t\t<a class=\"elementor-button elementor-button-link elementor-size-sm\" href=\"https:\/\/sites.ipleiria.pt\/snhm33\/submissoes\/\">\n\t\t\t\t\t\t<span class=\"elementor-button-content-wrapper\">\n\t\t\t\t\t\t\t\t\t<span class=\"elementor-button-text\">saber +<\/span>\n\t\t\t\t\t<\/span>\n\t\t\t\t\t<\/a>\n\t\t\t\t<\/div>\n\t\t\t\t\t\t\t\t<\/div>\n\t\t\t\t<\/div>\n\t\t\t\t\t<\/div>\n\t\t<\/div>\n\t\t\t\t<div class=\"has_eae_slider aux-parallax-section elementor-column elementor-col-33 elementor-top-column elementor-element elementor-element-7c2a0bc6\" data-eae-slider=\"61586\" data-id=\"7c2a0bc6\" data-element_type=\"column\">\n\t\t\t<div class=\"elementor-widget-wrap elementor-element-populated\">\n\t\t\t\t\t\t<div class=\"elementor-element elementor-element-c032fe6 elementor-widget elementor-widget-image\" data-id=\"c032fe6\" data-element_type=\"widget\" data-widget_type=\"image.default\">\n\t\t\t\t<div class=\"elementor-widget-container\">\n\t\t\t\t\t\t\t\t\t\t\t\t\t\t\t<img fetchpriority=\"high\" decoding=\"async\" width=\"1920\" height=\"1018\" src=\"https:\/\/sites.ipleiria.pt\/snhm33\/files\/2020\/01\/P1020204-2BW.jpg\" class=\"attachment-full size-full wp-image-298\" alt=\"\" \/>\t\t\t\t\t\t\t\t\t\t\t\t\t\t\t<\/div>\n\t\t\t\t<\/div>\n\t\t\t\t\t<\/div>\n\t\t<\/div>\n\t\t\t\t\t<\/div>\n\t\t<\/section>\n\t\t\t\t<section class=\"has_eae_slider elementor-section elementor-top-section elementor-element elementor-element-e412e3e elementor-section-full_width elementor-section-height-default elementor-section-height-default\" data-eae-slider=\"74278\" data-id=\"e412e3e\" data-element_type=\"section\">\n\t\t\t\t\t\t<div class=\"elementor-container elementor-column-gap-default\">\n\t\t\t\t\t<div class=\"has_eae_slider aux-parallax-section elementor-column elementor-col-100 elementor-top-column elementor-element elementor-element-a7b8ae9\" data-eae-slider=\"56131\" data-id=\"a7b8ae9\" data-element_type=\"column\">\n\t\t\t<div class=\"elementor-widget-wrap elementor-element-populated\">\n\t\t\t\t\t\t<div class=\"elementor-element elementor-element-a51d1bb elementor-widget__width-inherit elementor-widget elementor-widget-google_maps\" data-id=\"a51d1bb\" data-element_type=\"widget\" data-widget_type=\"google_maps.default\">\n\t\t\t\t<div class=\"elementor-widget-container\">\n\t\t\t\t\t\t\t<div class=\"elementor-custom-embed\">\n\t\t\t<iframe loading=\"lazy\"\n\t\t\t\t\tsrc=\"https:\/\/maps.google.com\/maps?q=museu%20de%20leiria&#038;t=m&#038;z=17&#038;output=embed&#038;iwloc=near\"\n\t\t\t\t\ttitle=\"museu de leiria\"\n\t\t\t\t\taria-label=\"museu de leiria\"\n\t\t\t><\/iframe>\n\t\t<\/div>\n\t\t\t\t\t\t<\/div>\n\t\t\t\t<\/div>\n\t\t\t\t\t<\/div>\n\t\t<\/div>\n\t\t\t\t\t<\/div>\n\t\t<\/section>\n\t\t\t\t<section class=\"has_eae_slider elementor-section elementor-top-section elementor-element elementor-element-39a61a0 elementor-section-boxed elementor-section-height-default elementor-section-height-default\" data-eae-slider=\"86412\" data-id=\"39a61a0\" data-element_type=\"section\">\n\t\t\t\t\t\t<div class=\"elementor-container elementor-column-gap-default\">\n\t\t\t\t\t<div class=\"has_eae_slider aux-parallax-section elementor-column elementor-col-100 elementor-top-column elementor-element elementor-element-fb4067d\" data-eae-slider=\"88078\" data-id=\"fb4067d\" data-element_type=\"column\">\n\t\t\t<div class=\"elementor-widget-wrap\">\n\t\t\t\t\t\t\t<\/div>\n\t\t<\/div>\n\t\t\t\t\t<\/div>\n\t\t<\/section>\n\t\t\t\t<\/div>\n\t\t","protected":false},"excerpt":{"rendered":"<p>30 e 31 de Outubro de 2020 Encontro realizado online com recurso \u00e0 plataforma Zoom O 33.\u00ba Encontro do Semin\u00e1rio Nacional de Hist\u00f3ria da Matem\u00e1tica (SNHM) contar\u00e1 com os conferencistas convidados Ugo Baldini (Universit\u00e0 degli Studi di Padova) e Jos\u00e9 Chabas (Universidade Pompeu Fabra de Barcelona). Este ano, pela primeira vez, o Encontro est\u00e1 acreditado [&hellip;]<\/p>\n","protected":false},"author":1962,"featured_media":0,"parent":0,"menu_order":0,"comment_status":"closed","ping_status":"closed","template":"","meta":{"footnotes":""},"class_list":["post-7","page","type-page","status-publish","hentry"],"_links":{"self":[{"href":"https:\/\/sites.ipleiria.pt\/snhm33\/wp-json\/wp\/v2\/pages\/7","targetHints":{"allow":["GET"]}}],"collection":[{"href":"https:\/\/sites.ipleiria.pt\/snhm33\/wp-json\/wp\/v2\/pages"}],"about":[{"href":"https:\/\/sites.ipleiria.pt\/snhm33\/wp-json\/wp\/v2\/types\/page"}],"author":[{"embeddable":true,"href":"https:\/\/sites.ipleiria.pt\/snhm33\/wp-json\/wp\/v2\/users\/1962"}],"replies":[{"embeddable":true,"href":"https:\/\/sites.ipleiria.pt\/snhm33\/wp-json\/wp\/v2\/comments?post=7"}],"version-history":[{"count":93,"href":"https:\/\/sites.ipleiria.pt\/snhm33\/wp-json\/wp\/v2\/pages\/7\/revisions"}],"predecessor-version":[{"id":486,"href":"https:\/\/sites.ipleiria.pt\/snhm33\/wp-json\/wp\/v2\/pages\/7\/revisions\/486"}],"wp:attachment":[{"href":"https:\/\/sites.ipleiria.pt\/snhm33\/wp-json\/wp\/v2\/media?parent=7"}],"curies":[{"name":"wp","href":"https:\/\/api.w.org\/{rel}","templated":true}]}}